{"id":60203,"date":"2021-05-31T11:20:26","date_gmt":"2021-05-31T09:20:26","guid":{"rendered":"https:\/\/focusaudits.eu\/?page_id=60203"},"modified":"2021-06-07T11:46:20","modified_gmt":"2021-06-07T09:46:20","slug":"cookie-richtlinie","status":"publish","type":"page","link":"https:\/\/focusaudits.eu\/de\/cookie-richtlinie\/","title":{"rendered":"Cookie-Richtlinie"},"content":{"rendered":"<div class=\"wpb-content-wrapper\"><p>[vc_row][vc_column][vc_column_text]<\/p>\n<div class=\"nz-column-text nz-clearfix\">\n<h1>Was sind Cookies?<\/h1>\n<p>Das sind kleine Dateien die Daten enthalten, welche f\u00fcr die Bereitstellung bestimmter Funktionen der Website, wie z. B. das Einloggen, erforderlich sind. Cookies erm\u00f6glichen den Webseiten die Speicherung verschiedener Einstellungen wie Sprache, Schriftarten und anderer Optionen, die Sie beim Einblenden der Webseiten gew\u00e4hlt haben. Deswegen speichern wir Cookies auf Ihrem Computer. Genauso verfahren Administratoren und Anbieter der meisten gro\u00dfen Webseiten. Wozu nutzen wir Cookies auf dieser Webseite?<\/p>\n<p><strong>Je nach Speicherdauer k\u00f6nnen Cookies in zwei Arten unterteilt werden:<\/strong><\/p>\n<ul>\n<li>Tempor\u00e4re Cookies (Session-Cookies), die auf Ihrem Computer so lange gespeichert bleiben, bis Sie den Browser schlie\u00dfen, danach werden sie gel\u00f6scht.<\/li>\n<li>Persistente Cookies (permanente Cookies), die in Ihrem Browser f\u00fcr eine l\u00e4ngere Zeit gespeichert bleiben (je nach Einstellungen Ihres Browsers und der Cookies selbst) oder bis sie von Ihnen manuell gel\u00f6scht werden.<\/li>\n<\/ul>\n<p><strong>Auf unserer Webseite nutzen wir folgende Arten von Cookies:<\/strong><\/p>\n<ul>\n<li>Technische (tempor\u00e4re) Cookies, die zur Bereitstellung der Grundfunktionen der Websites erforderlich sind, wie z. B. zum Ablegen von Produkten im Warenkorb, zur Bearbeitung Ihres Einkaufs und zum Einblenden einer Version der Website, die JavaScript erfordert oder einer die JavaScript nicht erfordert.<\/li>\n<li>YouTube-Cookies (tempor\u00e4r und permanent) die von dem Videoplayer auf YouTube genutzt werden. Cookies werden auf Ihrem Computer bei der Aktivierung des Players gespeichert.<\/li>\n<li>Google-Analytics-Cookies (permanent), die uns die Optimierung der Webseiten erlauben. Wir benutzen sie zum Erheben und Analysieren von anonymen Daten \u00fcber das Verhalten der Nutzer mit Hilfe von Google Analytics.<\/li>\n<li>AdWords-Cookies (permanent), die durch das Werbesystem generiert werden. `Anhand dieser Dateien kann die Effizienz der Vertriebskan\u00e4le ausgewertet werden.<\/li>\n<li>Facebook-Cookies (tempor\u00e4r und permanent) werden durch das Facebook-Widget genutzt und bei Facebook gespeichert.<\/li>\n<li>Wir benutzen niemals Cookies, um den Nutzer zu identifizieren und wir platzieren in ihnen keine sensiblen oder personenbezogenen Daten.<\/li>\n<\/ul>\n<p><strong>Wie kann ich die Verwendungsweise von Cookies \u00e4ndern?<\/strong><\/p>\n<p>Sie k\u00f6nnen beliebige Cookies entfernen, die sich bereits auf Ihrem Computer befinden. Die meisten Browser bieten auch die M\u00f6glichkeit, das Ablegen von Cookies auf Ihrem Computer zu blockieren. Wenn Sie dies tun, k\u00f6nnen Sie jedoch nicht alle unsere Online-Dienste nutzen. Ausf\u00fchrlichere Informationen zu den Cookie-Einstellungen Ihres Browsers finden Sie auf der Website Ihres Browser-Anbieters. Ausf\u00fchrliche Informationen finden Sie auf der Webseite AboutCookies.org.<\/p>\n<p><strong>Nutzung von Google Analytics<\/strong><\/p>\n<p>Diese Webseite nutzt die Dienstleistung Google Analytics, die von Google Inc. (nachstehend \u201eGoogle\u201c genannt) erbracht wird. Die Dienstleistung Google Analytics nutzt Cookies. Informationen \u00fcber die Nutzung der Website samt dem Inhalt der einzelnen Cookies werden von Google \u00fcbertragen und auf Servern in den USA gespeichert. Google wird diese Informationen zur Beurteilung der Nutzungsweise der Webseite und zur Erstellung von Berichten f\u00fcr den Administrator \u00fcber ihre Funktion verwenden, sowie um zus\u00e4tzliche Dienstleistungen anzubieten, die mit der Aktivit\u00e4t auf der Webseite und mit der Nutzung des Internets im Allgemeinen verbunden sind. Google kann diese Informationen gegebenenfalls auch an Dritte \u00fcbertragen, sofern dies gesetzlich vorgeschrieben ist oder wenn Dritte diese Daten im Auftrag von Google verarbeiten. Die Dienstleistung Google Analytics wurde so erweitert, dass verbundene, von Google zur Verf\u00fcgung gestellte Werbefunktionen ber\u00fccksichtigt werden, insbesondere:<\/p>\n<ul>\n<li>Vorschau von \u201eAnzeigen\u201c im Werbenetz von Google,<\/li>\n<li>Remarketing (Einblenden von Werbung in einem Partnernetz auf Grundlage der gesuchten Produkte),<\/li>\n<li>Erweiterte Vorschau demographischer Daten (Berichten von anonymen demographischen Daten).<\/li>\n<\/ul>\n<p>Mehr Informationen \u00fcber die Verarbeitung und Nutzung der Daten finden Sie in den Bedingungen der Zusammenarbeit von Google.<\/p>\n<p><strong>Wie blockiert man die Verfolgung durch Google Analytics?<\/strong><\/p>\n<p>Wollen Sie das Versenden von anonymen Statistiken durch Google Analytics blockieren, k\u00f6nnen Sie daf\u00fcr das von Google zur Verf\u00fcgung gestellte Plugin nutzen. Das Plugin muss heruntergeladen und in Ihrem Browser installiert werden.<\/p>\n<\/div>\n<p>[\/vc_column_text][\/vc_column][\/vc_row]<\/p>\n<\/div>","protected":false},"excerpt":{"rendered":"<p>[vc_row][vc_column][vc_column_text] Was sind Cookies? Das sind kleine Dateien die Daten enthalten, welche f\u00fcr die Bereitstellung bestimmter Funktionen der Website, wie z. B. das Einloggen, erforderlich sind. Cookies erm\u00f6glichen den Webseiten die Speicherung verschiedener Einstellungen wie Sprache, Schriftarten und anderer Optionen, die Sie beim Einblenden der Webseiten gew\u00e4hlt haben. Deswegen speichern wir Cookies auf Ihrem Computer.&hellip;<\/p>\n","protected":false},"author":1,"featured_media":0,"parent":0,"menu_order":0,"comment_status":"closed","ping_status":"closed","template":"","meta":{"footnotes":"","_wp_rev_ctl_limit":""},"class_list":["post-60203","page","type-page","status-publish","hentry","description-off"],"yoast_head":"<!-- This site is optimized with the Yoast SEO plugin v26.0 - https:\/\/yoast.com\/wordpress\/plugins\/seo\/ -->\n<title>Cookie-Richtlinie - Focus Language Audit<\/title>\n<meta name=\"description\" content=\"Cookies erm\u00f6glichen den Webseiten die Speicherung verschiedener Einstellungen wie Sprache, Schriftarten und andere Optionen\" \/>\n<meta name=\"robots\" content=\"index, follow, max-snippet:-1, max-image-preview:large, max-video-preview:-1\" \/>\n<link rel=\"canonical\" href=\"https:\/\/focusaudits.eu\/de\/cookie-richtlinie\/\" \/>\n<meta property=\"og:locale\" content=\"de_DE\" \/>\n<meta property=\"og:type\" content=\"article\" \/>\n<meta property=\"og:title\" content=\"Cookie-Richtlinie - Focus Language Audit\" \/>\n<meta property=\"og:description\" content=\"Cookies erm\u00f6glichen den Webseiten die Speicherung verschiedener Einstellungen wie Sprache, Schriftarten und andere Optionen\" \/>\n<meta property=\"og:url\" content=\"https:\/\/focusaudits.eu\/de\/cookie-richtlinie\/\" \/>\n<meta property=\"og:site_name\" content=\"Focus Language Audit\" \/>\n<meta property=\"article:modified_time\" content=\"2021-06-07T09:46:20+00:00\" \/>\n<meta name=\"twitter:card\" content=\"summary_large_image\" \/>\n<meta name=\"twitter:label1\" content=\"Gesch\u00e4tzte Lesezeit\" \/>\n\t<meta name=\"twitter:data1\" content=\"3\u00a0Minuten\" \/>\n<script type=\"application\/ld+json\" class=\"yoast-schema-graph\">{\"@context\":\"https:\/\/schema.org\",\"@graph\":[{\"@type\":\"WebPage\",\"@id\":\"https:\/\/focusaudits.eu\/de\/cookie-richtlinie\/\",\"url\":\"https:\/\/focusaudits.eu\/de\/cookie-richtlinie\/\",\"name\":\"Cookie-Richtlinie - Focus Language Audit\",\"isPartOf\":{\"@id\":\"https:\/\/focusaudits.eu\/de\/#website\"},\"datePublished\":\"2021-05-31T09:20:26+00:00\",\"dateModified\":\"2021-06-07T09:46:20+00:00\",\"description\":\"Cookies erm\u00f6glichen den Webseiten die Speicherung verschiedener Einstellungen wie Sprache, Schriftarten und andere Optionen\",\"breadcrumb\":{\"@id\":\"https:\/\/focusaudits.eu\/de\/cookie-richtlinie\/#breadcrumb\"},\"inLanguage\":\"de\",\"potentialAction\":[{\"@type\":\"ReadAction\",\"target\":[\"https:\/\/focusaudits.eu\/de\/cookie-richtlinie\/\"]}]},{\"@type\":\"BreadcrumbList\",\"@id\":\"https:\/\/focusaudits.eu\/de\/cookie-richtlinie\/#breadcrumb\",\"itemListElement\":[{\"@type\":\"ListItem\",\"position\":1,\"name\":\"Strona g\u0142\u00f3wna\",\"item\":\"https:\/\/focusaudits.eu\/de\/\"},{\"@type\":\"ListItem\",\"position\":2,\"name\":\"Cookie-Richtlinie\"}]},{\"@type\":\"WebSite\",\"@id\":\"https:\/\/focusaudits.eu\/de\/#website\",\"url\":\"https:\/\/focusaudits.eu\/de\/\",\"name\":\"Focus Language Audit\",\"description\":\"Assessment of the language skills\",\"publisher\":{\"@id\":\"https:\/\/focusaudits.eu\/de\/#organization\"},\"potentialAction\":[{\"@type\":\"SearchAction\",\"target\":{\"@type\":\"EntryPoint\",\"urlTemplate\":\"https:\/\/focusaudits.eu\/de\/?s={search_term_string}\"},\"query-input\":{\"@type\":\"PropertyValueSpecification\",\"valueRequired\":true,\"valueName\":\"search_term_string\"}}],\"inLanguage\":\"de\"},{\"@type\":\"Organization\",\"@id\":\"https:\/\/focusaudits.eu\/de\/#organization\",\"name\":\"Focus Language Audit\",\"url\":\"https:\/\/focusaudits.eu\/de\/\",\"logo\":{\"@type\":\"ImageObject\",\"inLanguage\":\"de\",\"@id\":\"https:\/\/focusaudits.eu\/de\/#\/schema\/logo\/image\/\",\"url\":\"https:\/\/focusaudits.eu\/wp-content\/uploads\/2020\/03\/flogo.png\",\"contentUrl\":\"https:\/\/focusaudits.eu\/wp-content\/uploads\/2020\/03\/flogo.png\",\"width\":142,\"height\":52,\"caption\":\"Focus Language Audit\"},\"image\":{\"@id\":\"https:\/\/focusaudits.eu\/de\/#\/schema\/logo\/image\/\"}}]}<\/script>\n<!-- \/ Yoast SEO plugin. -->","yoast_head_json":{"title":"Cookie-Richtlinie - Focus Language Audit","description":"Cookies erm\u00f6glichen den Webseiten die Speicherung verschiedener Einstellungen wie Sprache, Schriftarten und andere Optionen","robots":{"index":"index","follow":"follow","max-snippet":"max-snippet:-1","max-image-preview":"max-image-preview:large","max-video-preview":"max-video-preview:-1"},"canonical":"https:\/\/focusaudits.eu\/de\/cookie-richtlinie\/","og_locale":"de_DE","og_type":"article","og_title":"Cookie-Richtlinie - Focus Language Audit","og_description":"Cookies erm\u00f6glichen den Webseiten die Speicherung verschiedener Einstellungen wie Sprache, Schriftarten und andere Optionen","og_url":"https:\/\/focusaudits.eu\/de\/cookie-richtlinie\/","og_site_name":"Focus Language Audit","article_modified_time":"2021-06-07T09:46:20+00:00","twitter_card":"summary_large_image","twitter_misc":{"Gesch\u00e4tzte Lesezeit":"3\u00a0Minuten"},"schema":{"@context":"https:\/\/schema.org","@graph":[{"@type":"WebPage","@id":"https:\/\/focusaudits.eu\/de\/cookie-richtlinie\/","url":"https:\/\/focusaudits.eu\/de\/cookie-richtlinie\/","name":"Cookie-Richtlinie - Focus Language Audit","isPartOf":{"@id":"https:\/\/focusaudits.eu\/de\/#website"},"datePublished":"2021-05-31T09:20:26+00:00","dateModified":"2021-06-07T09:46:20+00:00","description":"Cookies erm\u00f6glichen den Webseiten die Speicherung verschiedener Einstellungen wie Sprache, Schriftarten und andere Optionen","breadcrumb":{"@id":"https:\/\/focusaudits.eu\/de\/cookie-richtlinie\/#breadcrumb"},"inLanguage":"de","potentialAction":[{"@type":"ReadAction","target":["https:\/\/focusaudits.eu\/de\/cookie-richtlinie\/"]}]},{"@type":"BreadcrumbList","@id":"https:\/\/focusaudits.eu\/de\/cookie-richtlinie\/#breadcrumb","itemListElement":[{"@type":"ListItem","position":1,"name":"Strona g\u0142\u00f3wna","item":"https:\/\/focusaudits.eu\/de\/"},{"@type":"ListItem","position":2,"name":"Cookie-Richtlinie"}]},{"@type":"WebSite","@id":"https:\/\/focusaudits.eu\/de\/#website","url":"https:\/\/focusaudits.eu\/de\/","name":"Focus Language Audit","description":"Assessment of the language skills","publisher":{"@id":"https:\/\/focusaudits.eu\/de\/#organization"},"potentialAction":[{"@type":"SearchAction","target":{"@type":"EntryPoint","urlTemplate":"https:\/\/focusaudits.eu\/de\/?s={search_term_string}"},"query-input":{"@type":"PropertyValueSpecification","valueRequired":true,"valueName":"search_term_string"}}],"inLanguage":"de"},{"@type":"Organization","@id":"https:\/\/focusaudits.eu\/de\/#organization","name":"Focus Language Audit","url":"https:\/\/focusaudits.eu\/de\/","logo":{"@type":"ImageObject","inLanguage":"de","@id":"https:\/\/focusaudits.eu\/de\/#\/schema\/logo\/image\/","url":"https:\/\/focusaudits.eu\/wp-content\/uploads\/2020\/03\/flogo.png","contentUrl":"https:\/\/focusaudits.eu\/wp-content\/uploads\/2020\/03\/flogo.png","width":142,"height":52,"caption":"Focus Language Audit"},"image":{"@id":"https:\/\/focusaudits.eu\/de\/#\/schema\/logo\/image\/"}}]}},"_links":{"self":[{"href":"https:\/\/focusaudits.eu\/de\/wp-json\/wp\/v2\/pages\/60203","targetHints":{"allow":["GET"]}}],"collection":[{"href":"https:\/\/focusaudits.eu\/de\/wp-json\/wp\/v2\/pages"}],"about":[{"href":"https:\/\/focusaudits.eu\/de\/wp-json\/wp\/v2\/types\/page"}],"author":[{"embeddable":true,"href":"https:\/\/focusaudits.eu\/de\/wp-json\/wp\/v2\/users\/1"}],"replies":[{"embeddable":true,"href":"https:\/\/focusaudits.eu\/de\/wp-json\/wp\/v2\/comments?post=60203"}],"version-history":[{"count":0,"href":"https:\/\/focusaudits.eu\/de\/wp-json\/wp\/v2\/pages\/60203\/revisions"}],"wp:attachment":[{"href":"https:\/\/focusaudits.eu\/de\/wp-json\/wp\/v2\/media?parent=60203"}],"curies":[{"name":"wp","href":"https:\/\/api.w.org\/{rel}","templated":true}]}}