{"id":60205,"date":"2021-05-31T11:22:09","date_gmt":"2021-05-31T09:22:09","guid":{"rendered":"https:\/\/focusaudits.eu\/?page_id=60205"},"modified":"2024-12-04T12:28:27","modified_gmt":"2024-12-04T11:28:27","slug":"datenschutzerklaerung","status":"publish","type":"page","link":"https:\/\/focusaudits.eu\/de\/datenschutzerklaerung\/","title":{"rendered":"Datenschutzerkl\u00e4rung"},"content":{"rendered":"<div class=\"wpb-content-wrapper\"><p>[vc_row][vc_column][vc_column_text css=&#8221;&#8221;]<\/p>\n<h1><strong>Datenschutzerkl\u00e4rung<\/strong><\/h1>\n<p>Skrivanek sp. z o.o. (\u201eGesellschaft\u201c, \u201eSkrivanek\u201c, nachstehend auch als \u201ewir\u201c, \u201euns\u201c oder \u201eunser\u201c) verarbeitet personenbezogene Daten in \u00dcbereinstimmung mit den Anforderungen des polnischen Rechts, insbesondere in \u00dcbereinstimmung mit den Vorschriften der Verordnung (EU) 2016\/679 des Europ\u00e4ischen Parlaments und des Rates vom 26. April 2016 zum Schutz nat\u00fcrlicher Personen bei der Verarbeitung personenbezogener Daten, zum freien Datenverkehr und zur Aufhebung der Richtlinie 95\/46\/EG (Verordnung 2016\/679) und in \u00dcbereinstimmung mit dem Gesetz \u00fcber den Schutz personenbezogener Daten.<\/p>\n<p>Als personenbezogene Daten gelten alle Informationen, die separat oder zusammen zur Identifizierung einer nat\u00fcrlichen Person verwendet werden k\u00f6nnen. Die vorliegende Datenschutzerkl\u00e4rung (\u201eDatenschutzerkl\u00e4rung\u201c) informiert, wie wir die personenbezogenen Daten der Kunden, der potentiellen Kunden und der Nutzer unserer Webseiten: www.skrivanek.pl, <span data-teams=\"true\">focusaudits.eu<\/span> und www.szkolajezyk.pl (\u201eSeiten\u201c) speichern und verarbeiten.<\/p>\n<p>Wenn Sie unsere Seiten besuchen und unsere Dienstleistungen in Anspruch nehmen, akzeptieren Sie alle Bestimmungen, die in der vorliegenden Datenschutzerkl\u00e4rung enthalten sind, und erteilen Ihre Einwilligung in das Sammeln und Verarbeiten Ihrer Daten durch Skrivanek gem\u00e4\u00df der vorliegenden Datenschutzerkl\u00e4rung.<\/p>\n<p>Wir weisen darauf hin, dass die vorliegende Datenschutzerkl\u00e4rung nicht alle Situationen und Methoden der Verarbeitung personenbezogener Daten durch Skrivanek betrifft. Werden personenbezogene Daten verarbeitet, auf die die vorliegende Datenschutzerkl\u00e4rung keine Anwendung findet, werden Informationen \u00fcber den Datenschutz zum Zeitpunkt der Datenerhebung \u00fcbermittelt.<\/p>\n<ol>\n<li><strong>Verantwortlicher und Datenschutzbeauftragter &#8211; Kontaktdaten<\/strong><\/li>\n<\/ol>\n<p>Der Verantwortliche f\u00fcr die Verarbeitung Ihrer personenbezogenen Daten ist Skrivanek sp. z o.o. mit Sitz in Warszawa, ul. Plac Konstytucji 6\/75 (00-550).<\/p>\n<p>Wenn Sie Fragen zu diesem Dokument und dazu haben,<\/p>\n<p>wie und f\u00fcr welche Zwecke wir Ihre personenbezogenen Daten verarbeiten, bitten wir um Kontaktaufnahme unter:<\/p>\n<p>Data Protection Officer<\/p>\n<p>Skrivanek sp. z o.o.<\/p>\n<p>Ul. Podlaska 12<\/p>\n<p>20-304 Lublin,<\/p>\n<p>E-Mail-Adresse:\u00a0<u><a href=\"mailto:iod@skrivanek.pl\">iod@skrivanek.pl<\/a><\/u><\/p>\n<ol start=\"2\">\n<li><strong>Auftragsverarbeiter<\/strong><\/li>\n<\/ol>\n<p>2.1. Bei der Erbringung von Dienstleistungen, bei denen es erforderlich sein kann, uns personenbezogene Daten anzuvertrauen, deren Verantwortlicher der Kunde ist (z. B. \u00dcbersetzung von Dokumenten mit personenbezogenen Daten oder Schulung von Mitarbeitern des Kunden), handelt Skrivanek als Auftragsverarbeiter im Sinne der Verordnung 2016\/679 auf Anweisung des Kunden &#8211; des Verantwortlichen f\u00fcr die Daten. Die Verarbeitung dieser Daten erfolgt in diesem Falle auf der Grundlage separater Vereinbarungen, d. h. eines Auftragsverarbeitungsvertrags, geschlossen gem\u00e4\u00df Art. 28 der Verordnung 2016\/679.<\/p>\n<p>2.2. Zwecks Abschluss eines Auftragsverarbeitungsvertrags informiert der Kunde Skrivanek \u00fcber das Anvertrauen der in Par. 2.1. vorgenannten personenbezogenen Daten.<\/p>\n<ol start=\"3\">\n<li><strong>Sicherheit<\/strong><\/li>\n<\/ol>\n<p>3.1. Wir befolgen die allgemein geltenden Standards f\u00fcr Technologien und Sicherheit der Informationen, um alle in unserem Besitz befindlichen Daten vor Verlust, unrechtm\u00e4\u00dfiger Nutzung, Ver\u00e4nderung oder Zerst\u00f6rung zu sch\u00fctzen. Das von uns implementierte Managementsystem f\u00fcr Informationssicherheit ist von unabh\u00e4ngiger Seite zertifiziert und erf\u00fcllt die Anforderungen von ISO\/IEC 27001:2013.<\/p>\n<p>3.2. Wir kontrollieren regelm\u00e4\u00dfig unsere Richtlinien, Verfahren und Schulungen sowie andere technische Schutzma\u00dfnahmen in Bezug auf Datenschutz, um die Sicherheit der Daten zu garantieren.<\/p>\n<p>3.3. Skrivanek haftet nicht f\u00fcr unberechtigten Zugang zu den Daten und\/oder Verlust der Daten aus Gr\u00fcnden, die wir nicht zu vertreten haben, insbesondere aufgrund Ihrer Fehler oder Ihrer Vernachl\u00e4ssigungen.<\/p>\n<ol start=\"4\">\n<li><strong>Wann sammeln wir Daten<\/strong><\/li>\n<\/ol>\n<p>4.1. Wir k\u00f6nnen Ihre personenbezogenen Daten sammeln, wenn Sie diese zur Verf\u00fcgung stellen, indem Sie folgende T\u00e4tigkeiten unternehmen:<\/p>\n<ul>\n<li>Sie bestellen unsere Produkte oder Dienstleistungen (\u00fcber unsere Webseiten, per Telefon, per E-Mail und in unserem B\u00fcro);<\/li>\n<li>Sie besuchen unsere Webseiten;<\/li>\n<li>Sie kontaktieren uns, indem Sie eine Frage stellen, einen Kommentar abgeben oder eine Reklamation einreichen;<\/li>\n<li>Sie abonnieren unsere Newsletter, aktivieren Benachrichtigungen oder eine andere unserer Dienstleistungen (z. B. den kostenlosen Preisvoranschlag);<\/li>\n<li>Sie nehmen an einer Befragung oder an einem Wettbewerb teil;<\/li>\n<li>Sie \u00fcbergeben uns Ihre Visitenkarte oder andere Kontaktdaten, z. B. bei Ereignissen oder Messen.<\/li>\n<\/ul>\n<p>Die Angabe personenbezogener Daten ist freiwillig, kann jedoch f\u00fcr die Erbringung der Dienstleistung oder den Erhalt einer Antwort notwendig sein.<\/p>\n<p>4.2. Bestimmte Daten werden automatisch erfasst, wenn Sie unsere Seiten nutzen (u. a. durch Technologien wie Cookies) oder wenn Sie video\u00fcberwachte Skrivanek-B\u00fcros besuchen.<\/p>\n<p>4.3. Wir k\u00f6nnen Ihre personenbezogenen Daten von anderen Firmen sammeln, z. B. von Gesellschaften, die zu der Gruppe SKRIVANEK Holding SE geh\u00f6ren und mit ihr assoziiert sind sowie, mit Ihrer Einwilligung, von Dritten (z. B. Wirtschaftsauskunfteien). Dar\u00fcber hinaus k\u00f6nnen wir im Falle von Mitarbeitern unseres Kunden Kontaktinformationen vom Arbeitgeber erhalten.<\/p>\n<p>4.4. In dem gesetzlich zugelassenen Umfang k\u00f6nnen wir auch manche Informationen aus Quellen sammeln, die \u00f6ffentlich zug\u00e4nglich sind, z. B. Register, soziale Medien oder \u00f6ffentlich zug\u00e4ngliche Webseiten.<\/p>\n<ol start=\"5\">\n<li><strong>Welche Daten sammeln wir<\/strong><\/li>\n<\/ol>\n<p>Je nach Art der ausgef\u00fchrten Dienstleistung k\u00f6nnen die Kategorien der verarbeiteten personenbezogenen Daten Folgendes umfassen:<\/p>\n<p>5.1. Vorname, Nachname, Adresse, Kontaktdaten;<\/p>\n<p>5.2. Pers\u00f6nliche Identifikationsnummer PESEL, Steuernummer NIP,<\/p>\n<p>5.3. Bankverbindung;<\/p>\n<p>5.4. Serie und Nummer des Identit\u00e4tsnachweises;<\/p>\n<p>5.5. dienstliche Kontaktdaten der Mitarbeiter des Kunden;<\/p>\n<p>5.6. andere von Ihnen angegebene Daten;<\/p>\n<p>5.7. Aufnahmen aus dem Video\u00fcberwachungssystem;<\/p>\n<p>5.8. Daten wie IP-Adresse oder Informationen, die in Cookies (Textdateien, die im Computer des Nutzers gespeichert werden, zwecks Analyse der Nutzungsweise der Webseite durch Nutzer) enthalten sind. Mehr \u00fcber die \u201eCookies\u201c und die damit verbundene Richtlinie der Gesellschaft finden Sie hier: <a href=\"https:\/\/focusaudits.eu\/de\/cookie-richtlinie\/\">Cookie-Richtlinie<\/a>.<\/p>\n<ol start=\"6\">\n<li><strong>Wie verwenden wir Ihre personenbezogenen Daten<\/strong><\/li>\n<\/ol>\n<p>Wir werden Ihre personenbezogenen Daten f\u00fcr folgende Zwecke verwenden:<\/p>\n<p>6.1. um professionelle Dienstleistungen gem\u00e4\u00df dem mit Ihnen geschlossenen Vertrag zu leisten, wenn Sie unserer Kunde sind, wobei dieser Zweck Folgendes umfasst:<\/p>\n<p>6.1.1. T\u00e4tigkeiten, die zum Abschluss und zur Erf\u00fcllung des Vertrags notwendig sind;<\/p>\n<p>6.1.2. Verwaltung der Zahlungsstr\u00f6me, darunter Forderungen;<\/p>\n<p>6.1.3. Kundendienst, darunter Pr\u00fcfung von Reklamationen und technischer Support;<\/p>\n<p>6.1.4. Untersuchung der Kundenzufriedenheit;<\/p>\n<p>6.1.5. Informieren der Kunden \u00fcber neue Dienstleistungen, darunter Dienstleistungen der Gesellschaften, die zur Gruppe SKRIVANEK Holding SE geh\u00f6ren;<\/p>\n<p>6.1.6. Video\u00fcberwachung zu Sicherheitszwecken;<\/p>\n<p>6.2 um unsere T\u00e4tigkeit und unsere Dienstleistungen weiterzuentwickeln, wobei dieser Zweck Folgendes umfasst:<\/p>\n<p>6.2.1. Informieren \u00fcber neue Dienstleistungen, die nach unserer Ansicht f\u00fcr Sie interessant sein k\u00f6nnen, auf Grundlage Ihrer Einwilligung oder einer anderen rechtlichen Voraussetzung;<\/p>\n<p>6.2.2. Erstellung von Gesch\u00e4ftsmodellen und Marktanalysen in Anlehnung an statische Daten der Kunden;<\/p>\n<p>6.3. f\u00fcr das Sicherheits- und Qualit\u00e4tsmanagement, einschlie\u00dflich:<\/p>\n<p>6.3.1. Verwaltung unserer Webseiten, Systeme und Anwendungen;<\/p>\n<p>6.3.2. \u00dcberwachung und Dokumentation von Vorg\u00e4ngen im Zusammenhang mit den f\u00fcr Sie erbrachten Dienstleistungen;<\/p>\n<p>6.4. um rechtliche Verpflichtungen zu erf\u00fcllen, was unter anderem die Sicherung von Dokumenten (darunter solcher, die personenbezogene Daten enthalten) f\u00fcr steuerliche und buchhalterische Zwecke erfordert;<\/p>\n<p>6.5. um Informationen bereitzustellen, die Sie durch den Besuch unserer Webseiten von uns anfordern, oder um Dienstleistungen zu erbringen, die Sie \u00fcber unsere Webseiten bestellt haben;<\/p>\n<p>6.6. zu jedem anderen Zweck, zu dem Sie uns eine g\u00fcltige Einwilligung erteilt haben, falls das gesetzlich erforderlich ist.<\/p>\n<ol start=\"7\">\n<li><strong>Rechtliche Grundlagen f\u00fcr die Verarbeitung personenbezogener Daten<\/strong><\/li>\n<\/ol>\n<p>7.1. <u>Erf\u00fcllung des mit Ihnen geschlossenen Vertrags (und Handlungen, die zwecks Vertragsabschluss unternommen wurden)<\/u>\u00a0&#8211; Beispielsweise, wenn Sie \u00dcbersetzungsdienstleistungen bestellen, k\u00f6nnen wir Ihre Kontakt- und Zahlungsdaten verarbeiten, um Ihren Auftrag zu erf\u00fcllen und die \u00dcbersetzung zu liefern (Par. 6.1.1.).<\/p>\n<p>7.2. <u>Unser berechtigtes Interesse<\/u>\u00a0\u2013 Wir k\u00f6nnen Ihre Daten (wenn wir der Ansicht sind, dass das Ihre grundlegenden Rechte und Freiheiten nicht verletzt) haupts\u00e4chlich zu dem Zweck verarbeiten, um Ihnen eine hohe Dienstleistungsqualit\u00e4t zu gew\u00e4hrleisten und um unsere Interessen im Zusammenhang mit der Erbringung der Dienstleistungen zu sichern (Par. 6.1-6.3, 6.5).<\/p>\n<p>Insbesondere, im Rahmen unseres berechtigten Interesses k\u00f6nnen wir Sie kontaktieren, um Ihnen kommerzielle Informationen \u00fcber neue Dienstleistungen, die nach unserer Ansicht f\u00fcr Sie interessant sein k\u00f6nnen, oder \u00fcber die von uns offerierten Sonderangebote, z. B. Rabatte, zuzusenden.<\/p>\n<p>Als Teil der Gruppe SKRIVANEK Holding SE betrachten wir als unser berechtigtes Interesse auch die M\u00f6glichkeit, Kundendaten zu internen Verwaltungszwecken an andere Gesellschaften der Gruppe weitergeben zu k\u00f6nnen, was nicht ausschlie\u00dft, dass diese Ihnen Informationen \u00fcber ihre eigenen Dienstleistungen zusenden.<\/p>\n<p>7.3.\u00a0<u>Rechtliche Verpflichtung<\/u>\u00a0\u2013 Wir werden Ihre Daten verarbeiten, wenn wir dazu gesetzlich verpflichtet sind, z. B. aufgrund von Steuer- und Buchhaltungsvorschriften.<\/p>\n<p>7.4.\u00a0<u>Ihre Einwilligung<\/u>\u00a0\u2013 Wir k\u00f6nnen Ihre Daten auf Grundlage Ihrer g\u00fcltigen Einwilligung zu einem bestimmten Zweck verarbeiten. Die Einwilligung k\u00f6nnen Sie uns schriftlich, z. B. durch das Ausf\u00fcllen eines Formulars in unserem B\u00fcro oder auf unseren Webseiten oder auch per E-Mail erteilen. Sie k\u00f6nnen Ihre Einwilligung jederzeit widerrufen.<\/p>\n<ol start=\"8\">\n<li><strong>Wie lange speichern wir Ihre Daten<\/strong><\/li>\n<\/ol>\n<p>Die Aufbewahrungsdauer der Daten des Nutzers h\u00e4ngt von dem Zweck ab, zu dem diese Daten verarbeitet werden und wird gem\u00e4\u00df folgender Kriterien berechnet:<\/p>\n<p>8.1. Zeitraum, der f\u00fcr die Erbringung der Dienstleistungen und Gew\u00e4hrleistung der notwendigen Kundenbetreuung erforderlich ist;<\/p>\n<p>8.2. gesetzliche Bestimmungen, die die Verarbeitung von Daten f\u00fcr einen bestimmten Zeitraum vorschreiben k\u00f6nnen;<\/p>\n<p>8.3. Zeitraum, der f\u00fcr den Schutz der Interessen der Gesellschaft, z. B. vor eventuellen Anspr\u00fcchen, erforderlich ist;<\/p>\n<p>8.4. Zeitraum, f\u00fcr den die Einwilligung erteilt wurde.<\/p>\n<ol start=\"9\">\n<li><strong>Wem k\u00f6nnen wir Ihre Daten \u00fcbermitteln<\/strong><\/li>\n<\/ol>\n<p>Wir \u00fcbermitteln Ihre Daten nur zur Erbringung und Verbesserung unserer Dienstleistungen, sofern dies gesetzlich zul\u00e4ssig ist. Die Stellen, denen wir Ihre Daten \u00fcbermitteln, sind aufgrund der mit uns abgeschlossenen Vertr\u00e4ge und\/oder sonstiger angewandter Schutzma\u00dfnahmen zu deren Schutz verpflichtet. Die Gesellschaft \u00fcbermittelt Ihre personenbezogenen Daten nicht zu kommerziellen Zwecken.<\/p>\n<p>9.1. Wir k\u00f6nnen mit der Verarbeitung Ihrer Daten Dritte (Auftragsverarbeiter) beauftragen, insbesondere im Bereich von IT-Dienstleistungen, Aufbewahrung (Hosting), Buchhaltungsdienstleistungen, Marketingdienstleistungen sowie Dienstleistungen, die Sie bestellt haben oder die Sie in Anspruch nehmen.<\/p>\n<p>9.2. Ihre personenbezogenen Daten werden Personen zur Verf\u00fcgung gestellt, die entsprechende Berechtigungen zur Verarbeitung personenbezogener Daten haben: unseren Angestellten, Mitarbeitern und Dienstleistungsanbietern.<\/p>\n<p>9.3. In bestimmten, gesetzlich vorgesehenen F\u00e4llen, kann die Gesellschaft personenbezogene Daten des Nutzers an zust\u00e4ndige Beh\u00f6rden \u00fcbermitteln.<\/p>\n<p>9.4. Wir k\u00f6nnen Ihre Daten an die Gesellschaften der Gruppe SKRIVANEK SE Holding \u00fcbermitteln.<\/p>\n<p>9.5. Schlie\u00dft Skrivanek zu Ihren Gunsten einen Vertrag mit einem Unternehmen ab, das ein Kunde von Skrivanek ist, k\u00f6nnen Daten im Rahmen der Vertragserf\u00fcllung (insbesondere Teilnahme- und Leistungsdaten von Teilnehmern der von Skrivanek durchgef\u00fchrten Sprachschulungen) diesem Unternehmen vertragsgem\u00e4\u00df zur Verf\u00fcgung gestellt werden.<\/p>\n<ol start=\"10\">\n<li><strong>Ihre Rechte<\/strong><\/li>\n<\/ol>\n<p>10.1. Sie haben das Recht auf Zugang zu Ihren personenbezogenen Daten, auf Erhalt ihrer Kopie und auf ihre Berichtigung, sofern die Daten falsch oder nicht mehr aktuell sind;<\/p>\n<p>10.2. Sie haben das Recht auf L\u00f6schung oder Einschr\u00e4nkung der Verarbeitung Ihrer Daten, sofern sie nicht mehr f\u00fcr die Ausf\u00fchrung der Zwecke ihrer Verarbeitung ben\u00f6tigt werden;<\/p>\n<p>10.3. Sie haben das Recht auf Widerruf der Einwilligung zu einem beliebigen Zeitpunkt, sofern die Verarbeitung auf ihrer Grundlage erfolgt;<\/p>\n<p>10.4. Sie haben das Recht, gegen die Verarbeitung Widerspruch einzulegen, insbesondere k\u00f6nnen Sie jederzeit auf den Empfang von Marketingnachrichten verzichten, indem Sie auf den Abmeldelink in der Nachricht klicken oder uns unter einer der folgenden Adressen kontaktieren: marketing@skrivanek.pl oder iod@skrivanek.pl.<\/p>\n<p>Sie k\u00f6nnen Ihre Rechte geltend machen, indem Sie sich mit uns unter Verwendung der in Punkt 1 dieser Datenschutzerkl\u00e4rung aufgef\u00fchrten Kontaktinformationen in Verbindung setzen.<\/p>\n<p>10.5. Sie haben auch das Recht, eine Beschwerde bei der Datenschutzbeh\u00f6rde &#8211; dem Pr\u00e4sidenten des Amtes f\u00fcr den Schutz personenbezogener Daten &#8211; einzulegen;<\/p>\n<ol start=\"11\">\n<li><strong>Rechte im Zusammenhang mit Profiling<\/strong><\/li>\n<\/ol>\n<p>11.1. Profiling bedeutet, dass personenbezogene Daten beliebig automatisiert verarbeitet werden, wodurch man personenbezogene Faktoren der nat\u00fcrlichen Person bewerten und insbesondere Aspekte bez\u00fcglich pers\u00f6nlicher Vorlieben oder Interessen, Glaubw\u00fcrdigkeit oder Verhalten, Standort oder Fortbewegung der betroffenen Person analysieren oder prognostizieren kann.<\/p>\n<p>11.2. Bei der Verarbeitung Ihrer Daten k\u00f6nnen wir bestimmte Informationen wie z. B. Ihre Kaufhistorie erfassen, um Ihnen ein personalisiertes Angebot zu unterbreiten. Wir nutzen die automatisierte Entscheidungsfindung ausschlie\u00dflich f\u00fcr gesch\u00e4ftliche Zwecke und sie entfaltet keine rechtliche Wirkung Ihnen gegen\u00fcber. Sie haben das Recht, dem Profiling zu widersprechen, indem Sie uns unter <u><a href=\"mailto:marketing@skrivanek.pl\">marketing@skrivanek.pl<\/a><\/u>\u00a0oder\u00a0<u><a href=\"mailto:iod@skrivanek.pl\">iod@skrivanek.pl<\/a><\/u> kontaktieren bzw. sich mit uns unter Verwendung der in Punkt 1 dieser Datenschutzerkl\u00e4rung aufgef\u00fchrten Kontaktinformationen in Verbindung setzen.<\/p>\n<ol start=\"12\">\n<li><strong>\u00dcbermittlung personenbezogener Daten in Staaten au\u00dferhalb des Europ\u00e4ischen Wirtschaftsraums (EWR)<\/strong><\/li>\n<\/ol>\n<p>Von Zeit zu Zeit k\u00f6nnen wir Daten in Staaten au\u00dferhalb des EWR \u00fcbertragen. Wir wenden in diesem Falle immer angemessene Schutzma\u00dfnahmen gem\u00e4\u00df der Verordnung 2016\/679 an. Wenn beispielsweise Dokumente, die personenbezogene Daten enthalten, zu \u00dcbersetzungszwecken nach au\u00dferhalb des EWR \u00fcbermittelt werden m\u00fcssen, geschieht dies auf der Grundlage von der EK genehmigten Standardvertragsklauseln.<\/p>\n<p>Die Gesellschaft Skrivanek sp. z o.o. kann diese Datenschutzerkl\u00e4rung \u00e4ndern. Die \u00c4nderungen treten in Kraft, nachdem sie auf den Webseiten ver\u00f6ffentlicht werden.[\/vc_column_text][\/vc_column][\/vc_row]<\/p>\n<\/div>","protected":false},"excerpt":{"rendered":"<p>[vc_row][vc_column][vc_column_text css=&#8221;&#8221;] Datenschutzerkl\u00e4rung Skrivanek sp. z o.o. (\u201eGesellschaft\u201c, \u201eSkrivanek\u201c, nachstehend auch als \u201ewir\u201c, \u201euns\u201c oder \u201eunser\u201c) verarbeitet personenbezogene Daten in \u00dcbereinstimmung mit den Anforderungen des polnischen Rechts, insbesondere in \u00dcbereinstimmung mit den Vorschriften der Verordnung (EU) 2016\/679 des Europ\u00e4ischen Parlaments und des Rates vom 26. April 2016 zum Schutz nat\u00fcrlicher Personen bei der Verarbeitung personenbezogener&hellip;<\/p>\n","protected":false},"author":1,"featured_media":0,"parent":0,"menu_order":0,"comment_status":"closed","ping_status":"closed","template":"","meta":{"footnotes":"","_wp_rev_ctl_limit":""},"class_list":["post-60205","page","type-page","status-publish","hentry","description-off"],"yoast_head":"<!-- This site is optimized with the Yoast SEO plugin v26.0 - https:\/\/yoast.com\/wordpress\/plugins\/seo\/ -->\n<title>Datenschutzerkl\u00e4rung - Focus Language Audit<\/title>\n<meta name=\"description\" content=\"Als personenbezogene Daten gelten alle Informationen, die separat oder zusammen zur Identifizierung einer nat\u00fcrlichen Person verwendet werden k\u00f6nnen.\" \/>\n<meta name=\"robots\" content=\"index, follow, max-snippet:-1, max-image-preview:large, max-video-preview:-1\" \/>\n<link rel=\"canonical\" href=\"https:\/\/focusaudits.eu\/de\/datenschutzerklaerung\/\" \/>\n<meta property=\"og:locale\" content=\"de_DE\" \/>\n<meta property=\"og:type\" content=\"article\" \/>\n<meta property=\"og:title\" content=\"Datenschutzerkl\u00e4rung - Focus Language Audit\" \/>\n<meta property=\"og:description\" content=\"Als personenbezogene Daten gelten alle Informationen, die separat oder zusammen zur Identifizierung einer nat\u00fcrlichen Person verwendet werden k\u00f6nnen.\" \/>\n<meta property=\"og:url\" content=\"https:\/\/focusaudits.eu\/de\/datenschutzerklaerung\/\" \/>\n<meta property=\"og:site_name\" content=\"Focus Language Audit\" \/>\n<meta property=\"article:modified_time\" content=\"2024-12-04T11:28:27+00:00\" \/>\n<meta name=\"twitter:card\" content=\"summary_large_image\" \/>\n<meta name=\"twitter:label1\" content=\"Gesch\u00e4tzte Lesezeit\" \/>\n\t<meta name=\"twitter:data1\" content=\"12\u00a0Minuten\" \/>\n<script type=\"application\/ld+json\" class=\"yoast-schema-graph\">{\"@context\":\"https:\/\/schema.org\",\"@graph\":[{\"@type\":\"WebPage\",\"@id\":\"https:\/\/focusaudits.eu\/de\/datenschutzerklaerung\/\",\"url\":\"https:\/\/focusaudits.eu\/de\/datenschutzerklaerung\/\",\"name\":\"Datenschutzerkl\u00e4rung - Focus Language Audit\",\"isPartOf\":{\"@id\":\"https:\/\/focusaudits.eu\/de\/#website\"},\"datePublished\":\"2021-05-31T09:22:09+00:00\",\"dateModified\":\"2024-12-04T11:28:27+00:00\",\"description\":\"Als personenbezogene Daten gelten alle Informationen, die separat oder zusammen zur Identifizierung einer nat\u00fcrlichen Person verwendet werden k\u00f6nnen.\",\"breadcrumb\":{\"@id\":\"https:\/\/focusaudits.eu\/de\/datenschutzerklaerung\/#breadcrumb\"},\"inLanguage\":\"de\",\"potentialAction\":[{\"@type\":\"ReadAction\",\"target\":[\"https:\/\/focusaudits.eu\/de\/datenschutzerklaerung\/\"]}]},{\"@type\":\"BreadcrumbList\",\"@id\":\"https:\/\/focusaudits.eu\/de\/datenschutzerklaerung\/#breadcrumb\",\"itemListElement\":[{\"@type\":\"ListItem\",\"position\":1,\"name\":\"Strona g\u0142\u00f3wna\",\"item\":\"https:\/\/focusaudits.eu\/de\/\"},{\"@type\":\"ListItem\",\"position\":2,\"name\":\"Datenschutzerkl\u00e4rung\"}]},{\"@type\":\"WebSite\",\"@id\":\"https:\/\/focusaudits.eu\/de\/#website\",\"url\":\"https:\/\/focusaudits.eu\/de\/\",\"name\":\"Focus Language Audit\",\"description\":\"Assessment of the language skills\",\"publisher\":{\"@id\":\"https:\/\/focusaudits.eu\/de\/#organization\"},\"potentialAction\":[{\"@type\":\"SearchAction\",\"target\":{\"@type\":\"EntryPoint\",\"urlTemplate\":\"https:\/\/focusaudits.eu\/de\/?s={search_term_string}\"},\"query-input\":{\"@type\":\"PropertyValueSpecification\",\"valueRequired\":true,\"valueName\":\"search_term_string\"}}],\"inLanguage\":\"de\"},{\"@type\":\"Organization\",\"@id\":\"https:\/\/focusaudits.eu\/de\/#organization\",\"name\":\"Focus Language Audit\",\"url\":\"https:\/\/focusaudits.eu\/de\/\",\"logo\":{\"@type\":\"ImageObject\",\"inLanguage\":\"de\",\"@id\":\"https:\/\/focusaudits.eu\/de\/#\/schema\/logo\/image\/\",\"url\":\"https:\/\/focusaudits.eu\/wp-content\/uploads\/2020\/03\/flogo.png\",\"contentUrl\":\"https:\/\/focusaudits.eu\/wp-content\/uploads\/2020\/03\/flogo.png\",\"width\":142,\"height\":52,\"caption\":\"Focus Language Audit\"},\"image\":{\"@id\":\"https:\/\/focusaudits.eu\/de\/#\/schema\/logo\/image\/\"}}]}<\/script>\n<!-- \/ Yoast SEO plugin. -->","yoast_head_json":{"title":"Datenschutzerkl\u00e4rung - Focus Language Audit","description":"Als personenbezogene Daten gelten alle Informationen, die separat oder zusammen zur Identifizierung einer nat\u00fcrlichen Person verwendet werden k\u00f6nnen.","robots":{"index":"index","follow":"follow","max-snippet":"max-snippet:-1","max-image-preview":"max-image-preview:large","max-video-preview":"max-video-preview:-1"},"canonical":"https:\/\/focusaudits.eu\/de\/datenschutzerklaerung\/","og_locale":"de_DE","og_type":"article","og_title":"Datenschutzerkl\u00e4rung - Focus Language Audit","og_description":"Als personenbezogene Daten gelten alle Informationen, die separat oder zusammen zur Identifizierung einer nat\u00fcrlichen Person verwendet werden k\u00f6nnen.","og_url":"https:\/\/focusaudits.eu\/de\/datenschutzerklaerung\/","og_site_name":"Focus Language Audit","article_modified_time":"2024-12-04T11:28:27+00:00","twitter_card":"summary_large_image","twitter_misc":{"Gesch\u00e4tzte Lesezeit":"12\u00a0Minuten"},"schema":{"@context":"https:\/\/schema.org","@graph":[{"@type":"WebPage","@id":"https:\/\/focusaudits.eu\/de\/datenschutzerklaerung\/","url":"https:\/\/focusaudits.eu\/de\/datenschutzerklaerung\/","name":"Datenschutzerkl\u00e4rung - Focus Language Audit","isPartOf":{"@id":"https:\/\/focusaudits.eu\/de\/#website"},"datePublished":"2021-05-31T09:22:09+00:00","dateModified":"2024-12-04T11:28:27+00:00","description":"Als personenbezogene Daten gelten alle Informationen, die separat oder zusammen zur Identifizierung einer nat\u00fcrlichen Person verwendet werden k\u00f6nnen.","breadcrumb":{"@id":"https:\/\/focusaudits.eu\/de\/datenschutzerklaerung\/#breadcrumb"},"inLanguage":"de","potentialAction":[{"@type":"ReadAction","target":["https:\/\/focusaudits.eu\/de\/datenschutzerklaerung\/"]}]},{"@type":"BreadcrumbList","@id":"https:\/\/focusaudits.eu\/de\/datenschutzerklaerung\/#breadcrumb","itemListElement":[{"@type":"ListItem","position":1,"name":"Strona g\u0142\u00f3wna","item":"https:\/\/focusaudits.eu\/de\/"},{"@type":"ListItem","position":2,"name":"Datenschutzerkl\u00e4rung"}]},{"@type":"WebSite","@id":"https:\/\/focusaudits.eu\/de\/#website","url":"https:\/\/focusaudits.eu\/de\/","name":"Focus Language Audit","description":"Assessment of the language skills","publisher":{"@id":"https:\/\/focusaudits.eu\/de\/#organization"},"potentialAction":[{"@type":"SearchAction","target":{"@type":"EntryPoint","urlTemplate":"https:\/\/focusaudits.eu\/de\/?s={search_term_string}"},"query-input":{"@type":"PropertyValueSpecification","valueRequired":true,"valueName":"search_term_string"}}],"inLanguage":"de"},{"@type":"Organization","@id":"https:\/\/focusaudits.eu\/de\/#organization","name":"Focus Language Audit","url":"https:\/\/focusaudits.eu\/de\/","logo":{"@type":"ImageObject","inLanguage":"de","@id":"https:\/\/focusaudits.eu\/de\/#\/schema\/logo\/image\/","url":"https:\/\/focusaudits.eu\/wp-content\/uploads\/2020\/03\/flogo.png","contentUrl":"https:\/\/focusaudits.eu\/wp-content\/uploads\/2020\/03\/flogo.png","width":142,"height":52,"caption":"Focus Language Audit"},"image":{"@id":"https:\/\/focusaudits.eu\/de\/#\/schema\/logo\/image\/"}}]}},"_links":{"self":[{"href":"https:\/\/focusaudits.eu\/de\/wp-json\/wp\/v2\/pages\/60205","targetHints":{"allow":["GET"]}}],"collection":[{"href":"https:\/\/focusaudits.eu\/de\/wp-json\/wp\/v2\/pages"}],"about":[{"href":"https:\/\/focusaudits.eu\/de\/wp-json\/wp\/v2\/types\/page"}],"author":[{"embeddable":true,"href":"https:\/\/focusaudits.eu\/de\/wp-json\/wp\/v2\/users\/1"}],"replies":[{"embeddable":true,"href":"https:\/\/focusaudits.eu\/de\/wp-json\/wp\/v2\/comments?post=60205"}],"version-history":[{"count":2,"href":"https:\/\/focusaudits.eu\/de\/wp-json\/wp\/v2\/pages\/60205\/revisions"}],"predecessor-version":[{"id":69321,"href":"https:\/\/focusaudits.eu\/de\/wp-json\/wp\/v2\/pages\/60205\/revisions\/69321"}],"wp:attachment":[{"href":"https:\/\/focusaudits.eu\/de\/wp-json\/wp\/v2\/media?parent=60205"}],"curies":[{"name":"wp","href":"https:\/\/api.w.org\/{rel}","templated":true}]}}