{"id":60318,"date":"2021-06-01T10:57:04","date_gmt":"2021-06-01T08:57:04","guid":{"rendered":"https:\/\/focusaudits.eu\/?page_id=60318"},"modified":"2021-06-07T11:46:20","modified_gmt":"2021-06-07T09:46:20","slug":"politique-en-matiere-de-fichiers-cookies","status":"publish","type":"page","link":"https:\/\/focusaudits.eu\/fr\/politique-en-matiere-de-fichiers-cookies\/","title":{"rendered":"Politique en mati\u00e8re de fichiers cookies"},"content":{"rendered":"<div class=\"wpb-content-wrapper\"><p>[vc_row][vc_column][vc_column_text]<\/p>\n<div class=\"nz-column-text nz-clearfix\">\n<h1>Politique en mati\u00e8re de fichiers cookies<\/h1>\n<p><strong>Qu\u2019est-ce qu\u2019un fichier cookie ?<\/strong><\/p>\n<p>Ce sont de petits fichiers de donn\u00e9es n\u00e9cessaires au fonctionnement de certaines fonctions du site Internet, telles que la connexion. Les cookies permettent aux sites Internet de m\u00e9moriser diff\u00e9rents param\u00e8tres, tels que la langue, la fonte et d&#8217;autres options que vous avez choisies par vous-m\u00eame pour afficher les sites Internet. Pour cette raison, nous stockons les fichiers cookies sur votre ordinateur. Les responsables du traitement et les fournisseurs de la majorit\u00e9 des sites Internet font de m\u00eame. \u00c0 quoi servent les fichiers cookies sur ce site Internet ?<\/p>\n<p>Selon la dur\u00e9e de stockage, on peut distinguer deux types de fichiers cookies :<\/p>\n<ul>\n<li>Les cookies temporaires (dits de session) qui sont stock\u00e9s sur votre ordinateur jusqu\u2019\u00e0 la fermeture du navigateur Internet, puis sont supprim\u00e9s.<\/li>\n<li>Les cookies permanents qui sont enregistr\u00e9s sur votre navigateur de recherche plus longtemps (en fonctions des param\u00e8tres de votre navigateur de recherche et des param\u00e8tres des fichiers cookies) ou jusqu\u2019\u00e0 leur effacement manuel.<\/li>\n<\/ul>\n<p>Nous utilisons sur notre site Internet les fichiers cookies suivants :<\/p>\n<ul>\n<li>Les fichiers cookies techniques (temporaires) requis pour assurer un fonctionnement de base des sites Internet, p.ex. la possibilit\u00e9 d\u2019ajouter des produits au panier, le traitement des achats et l\u2019affichage d\u2019une version du site Internet n\u00e9cessitant ou non l\u2019activation de JavaScript.<\/li>\n<li>Les fichiers cookies YouTube (temporaires et permanents) utilis\u00e9s par le lecteur vid\u00e9o YouTube. Les fichiers cookies sont enregistr\u00e9s sur votre ordinateur au moment o\u00f9 le lecteur est d\u00e9clench\u00e9.<\/li>\n<li>Les fichiers cookies Googles Analytics (permanents) permettent de mieux personnaliser les sites Internet. Nous les utilisons pour collecter et analyser des donn\u00e9es anonymes sur les comportements des utilisateurs, avec les outils Google Analytics.<\/li>\n<li>Les fichiers cookies AdWords (permanents) sont g\u00e9n\u00e9r\u00e9s par le syst\u00e8me de publicit\u00e9. Ces fichiers permettent d\u2019\u00e9valuer l\u2019efficacit\u00e9 et les canaux de vente.<\/li>\n<li>Les fichiers cookies Facebook (permanents et temporaires) sont utilis\u00e9s par le widget de Facebook et stock\u00e9s dans le service Facebook.<\/li>\n<li>Nous n\u2019utilisons jamais les fichiers cookies pour identifier l\u2019utilisateur et nous n\u2019y stockons jamais les donn\u00e9es personnelles ou sensibles.<\/li>\n<\/ul>\n<p><strong>Comment modifier la mani\u00e8re d\u2019utiliser les fichiers cookies ?<\/strong><\/p>\n<p>Vous pouvez supprimer tous les fichiers cookies qui sont stock\u00e9s sur votre ordinateur. La majorit\u00e9 des navigateurs offrent \u00e9galement une option permettant de bloquer le stockage des fichiers cookies sur votre ordinateur, mais dans ce cas, il vous serait impossible d\u2019utiliser tous nos services en ligne. Vous trouverez de plus amples informations sur les param\u00e8tres des cookies de votre navigateur sur le site Internet du fournisseur de votre navigateur. Pour plus d\u2019information, rendez-vous sur le site AboutCookies.org.<\/p>\n<p><strong>Utilisation de Google Analytics<\/strong><\/p>\n<p>Ce site Internet utilise Google Analytics, fourni par Google Inc. (D\u00e9nomm\u00e9 ci-apr\u00e8s \u00ab\u00a0Google\u00a0\u00bb). Le service Google Analytics utilise des fichiers cookies. Les informations relatives \u00e0 l\u2019utilisation du site Internet avec le contenu de chaque fichier cookie seront transmises par Google et stock\u00e9es sur des serveurs localis\u00e9s aux \u00c9tats-Unis. Google utilisera ces informations pour \u00e9valuer l&#8217;utilisation du site Internet et \u00e9tablir, pour l&#8217;administrateur, des rapports sur son fonctionnement, mais aussi pour fournir des services suppl\u00e9mentaires li\u00e9s \u00e0 l&#8217;activit\u00e9 sur le site Internet et \u00e0 l&#8217;utilisation d&#8217;Internet en g\u00e9n\u00e9ral. Google peut \u00e9galement communiquer ces informations \u00e0 des tiers, si les dispositions de la loi l&#8217;exigent ou s\u2019il confie le traitement de ces informations \u00e0 des tiers. Le services Google Analytics a \u00e9t\u00e9 \u00e9tendu pour tenir compte des fonctions publicitaires connexes fournies par Google, en particulier :<\/p>\n<ul>\n<li>Visualisation des \u00ab\u00a0\u00e9crans\u00a0\u00bb dans le r\u00e9seau publicitaire de Google,<\/li>\n<li>Remarketing (affichage des publicit\u00e9s sur le r\u00e9seau des partenaires en fonction des recherches de produits),<\/li>\n<li>Affichage \u00e9tendu des donn\u00e9es d\u00e9mographiques (communication de donn\u00e9es d\u00e9mographiques anonymes).<\/li>\n<\/ul>\n<p>De plus amples informations sur le traitement et l&#8217;utilisation des donn\u00e9es sont fournies dans les Conditions de collaboration de Google.<\/p>\n<p><strong>Comment bloquer l\u2019option de surveillance par Google Analytics ?<\/strong><\/p>\n<p>Si vous souhaitez bloquer l\u2019envoi de statistiques anonymes via Google Analytics, vous pouvez utiliser le plugin fourni par Google \u00e0 cet effet. T\u00e9l\u00e9chargez le plugin et l\u2019installer sur votre navigateur.<\/p>\n<\/div>\n<p>[\/vc_column_text][\/vc_column][\/vc_row]<\/p>\n<\/div>","protected":false},"excerpt":{"rendered":"<p>[vc_row][vc_column][vc_column_text] Politique en mati\u00e8re de fichiers cookies Qu\u2019est-ce qu\u2019un fichier cookie ? Ce sont de petits fichiers de donn\u00e9es n\u00e9cessaires au fonctionnement de certaines fonctions du site Internet, telles que la connexion. Les cookies permettent aux sites Internet de m\u00e9moriser diff\u00e9rents param\u00e8tres, tels que la langue, la fonte et d&#8217;autres options que vous avez choisies&hellip;<\/p>\n","protected":false},"author":1,"featured_media":0,"parent":0,"menu_order":0,"comment_status":"closed","ping_status":"closed","template":"","meta":{"footnotes":"","_wp_rev_ctl_limit":""},"class_list":["post-60318","page","type-page","status-publish","hentry","description-off"],"yoast_head":"<!-- This site is optimized with the Yoast SEO plugin v26.0 - https:\/\/yoast.com\/wordpress\/plugins\/seo\/ -->\n<title>Politique en mati\u00e8re de fichiers cookies - Focus Audit Tool<\/title>\n<meta name=\"description\" content=\"R\u00e9solvez les tests disponibles sur la plateforme Focus \u00e0 tout moment et \u00e0 l\u2019endroit qui vous convient, sur l\u2019ordinateur ou un autre dispositif mobile.\" \/>\n<meta name=\"robots\" content=\"index, follow, max-snippet:-1, max-image-preview:large, max-video-preview:-1\" \/>\n<link rel=\"canonical\" href=\"https:\/\/focusaudits.eu\/fr\/politique-en-matiere-de-fichiers-cookies\/\" \/>\n<meta property=\"og:locale\" content=\"fr_FR\" \/>\n<meta property=\"og:type\" content=\"article\" \/>\n<meta property=\"og:title\" content=\"Politique en mati\u00e8re de fichiers cookies - Focus Audit Tool\" \/>\n<meta property=\"og:description\" content=\"R\u00e9solvez les tests disponibles sur la plateforme Focus \u00e0 tout moment et \u00e0 l\u2019endroit qui vous convient, sur l\u2019ordinateur ou un autre dispositif mobile.\" \/>\n<meta property=\"og:url\" content=\"https:\/\/focusaudits.eu\/fr\/politique-en-matiere-de-fichiers-cookies\/\" \/>\n<meta property=\"og:site_name\" content=\"Focus Audit Tool\" \/>\n<meta property=\"article:modified_time\" content=\"2021-06-07T09:46:20+00:00\" \/>\n<meta name=\"twitter:card\" content=\"summary_large_image\" \/>\n<meta name=\"twitter:label1\" content=\"Dur\u00e9e de lecture estim\u00e9e\" \/>\n\t<meta name=\"twitter:data1\" content=\"4 minutes\" \/>\n<script type=\"application\/ld+json\" class=\"yoast-schema-graph\">{\"@context\":\"https:\/\/schema.org\",\"@graph\":[{\"@type\":\"WebPage\",\"@id\":\"https:\/\/focusaudits.eu\/fr\/politique-en-matiere-de-fichiers-cookies\/\",\"url\":\"https:\/\/focusaudits.eu\/fr\/politique-en-matiere-de-fichiers-cookies\/\",\"name\":\"Politique en mati\u00e8re de fichiers cookies - Focus Audit Tool\",\"isPartOf\":{\"@id\":\"https:\/\/focusaudits.eu\/fr\/#website\"},\"datePublished\":\"2021-06-01T08:57:04+00:00\",\"dateModified\":\"2021-06-07T09:46:20+00:00\",\"description\":\"R\u00e9solvez les tests disponibles sur la plateforme Focus \u00e0 tout moment et \u00e0 l\u2019endroit qui vous convient, sur l\u2019ordinateur ou un autre dispositif mobile.\",\"breadcrumb\":{\"@id\":\"https:\/\/focusaudits.eu\/fr\/politique-en-matiere-de-fichiers-cookies\/#breadcrumb\"},\"inLanguage\":\"fr-FR\",\"potentialAction\":[{\"@type\":\"ReadAction\",\"target\":[\"https:\/\/focusaudits.eu\/fr\/politique-en-matiere-de-fichiers-cookies\/\"]}]},{\"@type\":\"BreadcrumbList\",\"@id\":\"https:\/\/focusaudits.eu\/fr\/politique-en-matiere-de-fichiers-cookies\/#breadcrumb\",\"itemListElement\":[{\"@type\":\"ListItem\",\"position\":1,\"name\":\"Strona g\u0142\u00f3wna\",\"item\":\"https:\/\/focusaudits.eu\/fr\/\"},{\"@type\":\"ListItem\",\"position\":2,\"name\":\"Politique en mati\u00e8re de fichiers cookies\"}]},{\"@type\":\"WebSite\",\"@id\":\"https:\/\/focusaudits.eu\/fr\/#website\",\"url\":\"https:\/\/focusaudits.eu\/fr\/\",\"name\":\"Focus Audit Tool\",\"description\":\"Assessment of the language skills\",\"publisher\":{\"@id\":\"https:\/\/focusaudits.eu\/fr\/#organization\"},\"potentialAction\":[{\"@type\":\"SearchAction\",\"target\":{\"@type\":\"EntryPoint\",\"urlTemplate\":\"https:\/\/focusaudits.eu\/fr\/?s={search_term_string}\"},\"query-input\":{\"@type\":\"PropertyValueSpecification\",\"valueRequired\":true,\"valueName\":\"search_term_string\"}}],\"inLanguage\":\"fr-FR\"},{\"@type\":\"Organization\",\"@id\":\"https:\/\/focusaudits.eu\/fr\/#organization\",\"name\":\"Focus Audit Tool\",\"url\":\"https:\/\/focusaudits.eu\/fr\/\",\"logo\":{\"@type\":\"ImageObject\",\"inLanguage\":\"fr-FR\",\"@id\":\"https:\/\/focusaudits.eu\/fr\/#\/schema\/logo\/image\/\",\"url\":\"https:\/\/focusaudits.eu\/wp-content\/uploads\/2020\/03\/flogo.png\",\"contentUrl\":\"https:\/\/focusaudits.eu\/wp-content\/uploads\/2020\/03\/flogo.png\",\"width\":142,\"height\":52,\"caption\":\"Focus Audit Tool\"},\"image\":{\"@id\":\"https:\/\/focusaudits.eu\/fr\/#\/schema\/logo\/image\/\"}}]}<\/script>\n<!-- \/ Yoast SEO plugin. -->","yoast_head_json":{"title":"Politique en mati\u00e8re de fichiers cookies - Focus Audit Tool","description":"R\u00e9solvez les tests disponibles sur la plateforme Focus \u00e0 tout moment et \u00e0 l\u2019endroit qui vous convient, sur l\u2019ordinateur ou un autre dispositif mobile.","robots":{"index":"index","follow":"follow","max-snippet":"max-snippet:-1","max-image-preview":"max-image-preview:large","max-video-preview":"max-video-preview:-1"},"canonical":"https:\/\/focusaudits.eu\/fr\/politique-en-matiere-de-fichiers-cookies\/","og_locale":"fr_FR","og_type":"article","og_title":"Politique en mati\u00e8re de fichiers cookies - Focus Audit Tool","og_description":"R\u00e9solvez les tests disponibles sur la plateforme Focus \u00e0 tout moment et \u00e0 l\u2019endroit qui vous convient, sur l\u2019ordinateur ou un autre dispositif mobile.","og_url":"https:\/\/focusaudits.eu\/fr\/politique-en-matiere-de-fichiers-cookies\/","og_site_name":"Focus Audit Tool","article_modified_time":"2021-06-07T09:46:20+00:00","twitter_card":"summary_large_image","twitter_misc":{"Dur\u00e9e de lecture estim\u00e9e":"4 minutes"},"schema":{"@context":"https:\/\/schema.org","@graph":[{"@type":"WebPage","@id":"https:\/\/focusaudits.eu\/fr\/politique-en-matiere-de-fichiers-cookies\/","url":"https:\/\/focusaudits.eu\/fr\/politique-en-matiere-de-fichiers-cookies\/","name":"Politique en mati\u00e8re de fichiers cookies - Focus Audit Tool","isPartOf":{"@id":"https:\/\/focusaudits.eu\/fr\/#website"},"datePublished":"2021-06-01T08:57:04+00:00","dateModified":"2021-06-07T09:46:20+00:00","description":"R\u00e9solvez les tests disponibles sur la plateforme Focus \u00e0 tout moment et \u00e0 l\u2019endroit qui vous convient, sur l\u2019ordinateur ou un autre dispositif mobile.","breadcrumb":{"@id":"https:\/\/focusaudits.eu\/fr\/politique-en-matiere-de-fichiers-cookies\/#breadcrumb"},"inLanguage":"fr-FR","potentialAction":[{"@type":"ReadAction","target":["https:\/\/focusaudits.eu\/fr\/politique-en-matiere-de-fichiers-cookies\/"]}]},{"@type":"BreadcrumbList","@id":"https:\/\/focusaudits.eu\/fr\/politique-en-matiere-de-fichiers-cookies\/#breadcrumb","itemListElement":[{"@type":"ListItem","position":1,"name":"Strona g\u0142\u00f3wna","item":"https:\/\/focusaudits.eu\/fr\/"},{"@type":"ListItem","position":2,"name":"Politique en mati\u00e8re de fichiers cookies"}]},{"@type":"WebSite","@id":"https:\/\/focusaudits.eu\/fr\/#website","url":"https:\/\/focusaudits.eu\/fr\/","name":"Focus Audit Tool","description":"Assessment of the language skills","publisher":{"@id":"https:\/\/focusaudits.eu\/fr\/#organization"},"potentialAction":[{"@type":"SearchAction","target":{"@type":"EntryPoint","urlTemplate":"https:\/\/focusaudits.eu\/fr\/?s={search_term_string}"},"query-input":{"@type":"PropertyValueSpecification","valueRequired":true,"valueName":"search_term_string"}}],"inLanguage":"fr-FR"},{"@type":"Organization","@id":"https:\/\/focusaudits.eu\/fr\/#organization","name":"Focus Audit Tool","url":"https:\/\/focusaudits.eu\/fr\/","logo":{"@type":"ImageObject","inLanguage":"fr-FR","@id":"https:\/\/focusaudits.eu\/fr\/#\/schema\/logo\/image\/","url":"https:\/\/focusaudits.eu\/wp-content\/uploads\/2020\/03\/flogo.png","contentUrl":"https:\/\/focusaudits.eu\/wp-content\/uploads\/2020\/03\/flogo.png","width":142,"height":52,"caption":"Focus Audit Tool"},"image":{"@id":"https:\/\/focusaudits.eu\/fr\/#\/schema\/logo\/image\/"}}]}},"_links":{"self":[{"href":"https:\/\/focusaudits.eu\/fr\/wp-json\/wp\/v2\/pages\/60318","targetHints":{"allow":["GET"]}}],"collection":[{"href":"https:\/\/focusaudits.eu\/fr\/wp-json\/wp\/v2\/pages"}],"about":[{"href":"https:\/\/focusaudits.eu\/fr\/wp-json\/wp\/v2\/types\/page"}],"author":[{"embeddable":true,"href":"https:\/\/focusaudits.eu\/fr\/wp-json\/wp\/v2\/users\/1"}],"replies":[{"embeddable":true,"href":"https:\/\/focusaudits.eu\/fr\/wp-json\/wp\/v2\/comments?post=60318"}],"version-history":[{"count":0,"href":"https:\/\/focusaudits.eu\/fr\/wp-json\/wp\/v2\/pages\/60318\/revisions"}],"wp:attachment":[{"href":"https:\/\/focusaudits.eu\/fr\/wp-json\/wp\/v2\/media?parent=60318"}],"curies":[{"name":"wp","href":"https:\/\/api.w.org\/{rel}","templated":true}]}}