{"id":60323,"date":"2021-06-01T11:01:47","date_gmt":"2021-06-01T09:01:47","guid":{"rendered":"https:\/\/focusaudits.eu\/?page_id=60323"},"modified":"2021-10-01T09:18:44","modified_gmt":"2021-10-01T07:18:44","slug":"essayez-la-version-demo","status":"publish","type":"page","link":"https:\/\/focusaudits.eu\/fr\/essayez-la-version-demo\/","title":{"rendered":"Essayez la version demo"},"content":{"rendered":"<div class=\"wpb-content-wrapper\"><p>[vc_row bg_type=&#8221;image&#8221; parallax_style=&#8221;vcpb-vz-jquery&#8221; bg_image_new=&#8221;id^57972|url^http:\/\/wp.focusaudits.eu\/wp-content\/uploads\/2020\/04\/focus-audit-tool.jpg|caption^null|alt^focus audit tool|title^focus audit tool|description^null&#8221; bg_image_repeat=&#8221;no-repeat&#8221; bg_override=&#8221;full&#8221; enable_overlay=&#8221;enable_overlay_value&#8221; overlay_color=&#8221;rgba(0,0,0,0.5)&#8221; overlay_pattern=&#8221;transperant&#8221; type=&#8221;vc_default&#8221; css=&#8221;.vc_custom_1585739977270{padding-top: 100px !important;padding-right: 25px !important;padding-bottom: 100px !important;padding-left: 25px !important;}&#8221;][vc_column][vc_row_inner css=&#8221;.vc_custom_1587637483414{margin-top: 100px !important;padding-top: 40px !important;padding-right: 40px !important;padding-bottom: 40px !important;padding-left: 40px !important;background-color: #ffffff !important;}&#8221;][vc_column_inner]<div id=\"ultimate-heading-209569e5ba2b7815b\" class=\"uvc-heading ult-adjust-bottom-margin ultimate-heading-209569e5ba2b7815b uvc-5806 accent-border-color uvc-heading-default-font-sizes\" data-hspacer=\"line_only\"  data-halign=\"center\" style=\"text-align:center\"><div class=\"uvc-main-heading ult-responsive\"  data-ultimate-target='.uvc-heading.ultimate-heading-209569e5ba2b7815b h1'  data-responsive-json-new='{\"font-size\":\"\",\"line-height\":\"\"}' ><h1 style=\"font-weight:bold;margin-bottom:15px;\">Essayez la version demo<\/h1><\/div><div class=\"uvc-heading-spacer line_only\" style=\"margin-bottom:15px;height:4px;\"><span class=\"uvc-headings-line\" style=\"border-style:solid;border-bottom-width:4px;border-color:;width:200px;\"><\/span><\/div><div class=\"uvc-sub-heading ult-responsive\"  data-ultimate-target='.uvc-heading.ultimate-heading-209569e5ba2b7815b .uvc-sub-heading '  data-responsive-json-new='{\"font-size\":\"\",\"line-height\":\"\"}'  style=\"font-weight:normal;\"><\/p>\n<p style=\"text-align: center;\">Le test en version demo comporte plusieurs questions sp\u00e9cialement \u00e9labor\u00e9es issues de diff\u00e9rentes sections, il sert \u00e0 connaitre notre outil et n\u2019\u00e9value pas la connaissance de la langue \u00e9trang\u00e8re.<\/p>\n<p style=\"text-align: center;\">Remplissez le formulaire ci-dessous et en quelques heures au maximum vous recevez un acc\u00e8s gratuit \u00e0 la version demo du test.<\/p>\n<p><\/div><\/div>[vc_empty_space height=&#8221;10px&#8221;]\n<div class=\"wpcf7 no-js\" id=\"wpcf7-f60322-o1\" lang=\"pl-PL\" dir=\"ltr\" data-wpcf7-id=\"60322\">\n<div class=\"screen-reader-response\"><p role=\"status\" aria-live=\"polite\" aria-atomic=\"true\"><\/p> <ul><\/ul><\/div>\n<form action=\"\/fr\/wp-json\/wp\/v2\/pages\/60323#wpcf7-f60322-o1\" method=\"post\" class=\"wpcf7-form init\" aria-label=\"Formularz kontaktowy\" novalidate=\"novalidate\" data-status=\"init\">\n<fieldset class=\"hidden-fields-container\"><input type=\"hidden\" name=\"_wpcf7\" value=\"60322\" \/><input type=\"hidden\" name=\"_wpcf7_version\" value=\"6.1.1\" \/><input type=\"hidden\" name=\"_wpcf7_locale\" value=\"pl_PL\" \/><input type=\"hidden\" name=\"_wpcf7_unit_tag\" value=\"wpcf7-f60322-o1\" \/><input type=\"hidden\" name=\"_wpcf7_container_post\" value=\"0\" \/><input type=\"hidden\" name=\"_wpcf7_posted_data_hash\" value=\"\" \/>\n<\/fieldset>\n<p><label> Pr\u00e9nom*<br \/>\n<span class=\"wpcf7-form-control-wrap\" data-name=\"text-1\"><input size=\"40\" maxlength=\"400\" class=\"wpcf7-form-control wpcf7-text wpcf7-validates-as-required\" aria-required=\"true\" aria-invalid=\"false\" value=\"\" type=\"text\" name=\"text-1\" \/><\/span><\/label>\n<\/p>\n<p><label> Nom*<br \/>\n<span class=\"wpcf7-form-control-wrap\" data-name=\"text-2\"><input size=\"40\" maxlength=\"400\" class=\"wpcf7-form-control wpcf7-text wpcf7-validates-as-required\" aria-required=\"true\" aria-invalid=\"false\" value=\"\" type=\"text\" name=\"text-2\" \/><\/span><\/label>\n<\/p>\n<p><label> Email*<br \/>\n<span class=\"wpcf7-form-control-wrap\" data-name=\"email\"><input size=\"40\" maxlength=\"400\" class=\"wpcf7-form-control wpcf7-email wpcf7-validates-as-required wpcf7-text wpcf7-validates-as-email\" aria-required=\"true\" aria-invalid=\"false\" value=\"\" type=\"email\" name=\"email\" \/><\/span> <\/label>\n<\/p>\n<p><label> T\u00e9l\u00e9phone<br \/>\n<span class=\"wpcf7-form-control-wrap\" data-name=\"tel-1\"><input size=\"40\" maxlength=\"400\" class=\"wpcf7-form-control wpcf7-tel wpcf7-text wpcf7-validates-as-tel\" aria-invalid=\"false\" value=\"\" type=\"tel\" name=\"tel-1\" \/><\/span><\/label>\n<\/p>\n<p><label> Soci\u00e9t\u00e9*<br \/>\n<span class=\"wpcf7-form-control-wrap\" data-name=\"text-3\"><input size=\"40\" maxlength=\"400\" class=\"wpcf7-form-control wpcf7-text wpcf7-validates-as-required\" aria-required=\"true\" aria-invalid=\"false\" value=\"\" type=\"text\" name=\"text-3\" \/><\/span> <\/label>\n<\/p>\n<p><label> Langue test\u00e9e*<br \/>\n<span class=\"wpcf7-form-control-wrap\" data-name=\"menu-1\"><select class=\"wpcf7-form-control wpcf7-select wpcf7-validates-as-required\" aria-required=\"true\" aria-invalid=\"false\" name=\"menu-1\"><option value=\"anglais\">anglais<\/option><\/select><\/span><\/label>\n<\/p>\n<p><label> Langue de communication*<br \/>\n<span class=\"wpcf7-form-control-wrap\" data-name=\"menu-2\"><select class=\"wpcf7-form-control wpcf7-select wpcf7-validates-as-required\" aria-required=\"true\" aria-invalid=\"false\" name=\"menu-2\"><option value=\"en\">en<\/option><option value=\"pl\">pl<\/option><option value=\"fr\">fr<\/option><option value=\"de\">de<\/option><\/select><\/span><\/label>\n<\/p>\n<p><span class=\"wpcf7-form-control-wrap\" data-name=\"acceptance-330\"><span class=\"wpcf7-form-control wpcf7-acceptance\"><span class=\"wpcf7-list-item\"><label><input type=\"checkbox\" name=\"acceptance-330\" value=\"1\" aria-invalid=\"false\" \/><span class=\"wpcf7-list-item-label\">Je consens au traitement de mes donn\u00e9es personnelles par la soci\u00e9t\u00e9 Skrivanek sp. z o. o. pour me permettre de r\u00e9aliser le test linguistique en version demo*:<\/span><\/label><\/span><\/span><\/span>\n<\/p>\n<p style=\"font-size: small; line-height: 110%;\">1. Le Responsable du traitement des donn\u00e9es personnelles est la soci\u00e9t\u00e9 Skrivanek sp. z o.o. ayant son si\u00e8ge \u00e0 Varsovie, ul. \u015aniadeckich 17 (00-654), email : contact@focusaudits.eu. Contact avec le d\u00e9l\u00e9gu\u00e9 \u00e0 la protection des donn\u00e9es : iodo@skrivanek.pl.<br \/>\n2. Finalit\u00e9 et base juridique du traitement et dur\u00e9e de conservation des donn\u00e9es :<br \/>\n2.1. Finalit\u00e9 : fournir une version de d\u00e9monstration du test de comp\u00e9tence linguistique (et vous contacter pour vous proposer une offre). Base juridique : consentement. Les donn\u00e9es seront trait\u00e9es jusqu\u2019\u00e0 la fourniture du service<br \/>\n2.2. Objectif d\u2019archivage : s\u00e9curiser les informations en cas de n\u00e9cessit\u00e9 l\u00e9gale de prouver des faits. Base l\u00e9gale du traitement : r\u00e9alisation de l'int\u00e9r\u00eat l\u00e9gitime poursuivi par le responsable du traitement . Dur\u00e9e du traitement : p\u00e9riode n\u00e9cessaire pour prot\u00e9ger les int\u00e9r\u00eats de Skrivanek sp. z o.o.<br \/>\n3. Les destinataires des donn\u00e9es peuvent \u00eatre des prestataires de services pour le compte de Skrivanek sp. z o.o. (entit\u00e9s traitantes) La communication des donn\u00e9es est facultative mais n\u00e9cessaire pour la r\u00e9alisation du service (version demo du test)<br \/>\n4. Droits des personnes concern\u00e9es :<br \/>\n4.1. Acc\u00e8s aux donn\u00e9es personnelles et demande de rectification.<br \/>\n4.2. Opposition au traitement des donn\u00e9es.<br \/>\n4.3. Retrait du consentement.<br \/>\n4.4. Limitation du traitement des donn\u00e9es ou leur effacement (droit \u00e0 l\u2019oubli).<br \/>\n4.5. Portabilit\u00e9 des donn\u00e9es personnelles Les informations ci-dessus doivent \u00eatre demand\u00e9es en adressant un message \u00e0 l'adresse suivante : iodo@skrivanek.pl.<br \/>\n4.6. Droit de porter plainte aupr\u00e8s de l'autorit\u00e9 de contr\u00f4le de la protection des donn\u00e9es.<br \/>\n5. Vous avez \u00e9galement le droit de d\u00e9poser une plainte aupr\u00e8s de l'autorit\u00e9 de surveillance polonaise (https:\/\/www.uodo.gov.pl\/en\/484).\n<\/p>\n<p><input class=\"wpcf7-form-control wpcf7-submit has-spinner\" type=\"submit\" value=\"Envoyer\" \/>\n<\/p><div class=\"wpcf7-response-output\" aria-hidden=\"true\"><\/div>\n<\/form>\n<\/div>\n[\/vc_column_inner][\/vc_row_inner][\/vc_column][\/vc_row]<\/p>\n<\/div>","protected":false},"excerpt":{"rendered":"<p>[vc_row bg_type=&#8221;image&#8221; parallax_style=&#8221;vcpb-vz-jquery&#8221; bg_image_new=&#8221;id^57972|url^http:\/\/wp.focusaudits.eu\/wp-content\/uploads\/2020\/04\/focus-audit-tool.jpg|caption^null|alt^focus audit tool|title^focus audit tool|description^null&#8221; bg_image_repeat=&#8221;no-repeat&#8221; bg_override=&#8221;full&#8221; enable_overlay=&#8221;enable_overlay_value&#8221; overlay_color=&#8221;rgba(0,0,0,0.5)&#8221; overlay_pattern=&#8221;transperant&#8221; type=&#8221;vc_default&#8221; css=&#8221;.vc_custom_1585739977270{padding-top: 100px !important;padding-right: 25px !important;padding-bottom: 100px !important;padding-left: 25px !important;}&#8221;][vc_column][vc_row_inner css=&#8221;.vc_custom_1587637483414{margin-top: 100px !important;padding-top: 40px !important;padding-right: 40px !important;padding-bottom: 40px !important;padding-left: 40px !important;background-color: #ffffff !important;}&#8221;][vc_column_inner][vc_empty_space height=&#8221;10px&#8221;][\/vc_column_inner][\/vc_row_inner][\/vc_column][\/vc_row]<\/p>\n","protected":false},"author":1,"featured_media":0,"parent":0,"menu_order":0,"comment_status":"closed","ping_status":"closed","template":"","meta":{"footnotes":"","_wp_rev_ctl_limit":""},"class_list":["post-60323","page","type-page","status-publish","hentry","description-off"],"yoast_head":"<!-- This site is optimized with the Yoast SEO plugin v26.0 - https:\/\/yoast.com\/wordpress\/plugins\/seo\/ -->\n<title>Essayez la version demo - Focus Audit Tool<\/title>\n<meta name=\"description\" content=\"La version demo du test comporte plusieurs questions de diff\u00e9rentes sections \u2013 elle sert \u00e0 d\u00e9couvrir notre outil sans \u00e9valuer le niveau de la langue.\" \/>\n<meta name=\"robots\" content=\"index, follow, max-snippet:-1, max-image-preview:large, max-video-preview:-1\" \/>\n<link rel=\"canonical\" href=\"https:\/\/focusaudits.eu\/fr\/essayez-la-version-demo\/\" \/>\n<meta property=\"og:locale\" content=\"fr_FR\" \/>\n<meta property=\"og:type\" content=\"article\" \/>\n<meta property=\"og:title\" content=\"Essayez la version demo - Focus Audit Tool\" \/>\n<meta property=\"og:description\" content=\"La version demo du test comporte plusieurs questions de diff\u00e9rentes sections \u2013 elle sert \u00e0 d\u00e9couvrir notre outil sans \u00e9valuer le niveau de la langue.\" \/>\n<meta property=\"og:url\" content=\"https:\/\/focusaudits.eu\/fr\/essayez-la-version-demo\/\" \/>\n<meta property=\"og:site_name\" content=\"Focus Audit Tool\" \/>\n<meta property=\"article:modified_time\" content=\"2021-10-01T07:18:44+00:00\" \/>\n<meta name=\"twitter:card\" content=\"summary_large_image\" \/>\n<meta name=\"twitter:label1\" content=\"Dur\u00e9e de lecture estim\u00e9e\" \/>\n\t<meta name=\"twitter:data1\" content=\"1 minute\" \/>\n<script type=\"application\/ld+json\" class=\"yoast-schema-graph\">{\"@context\":\"https:\/\/schema.org\",\"@graph\":[{\"@type\":\"WebPage\",\"@id\":\"https:\/\/focusaudits.eu\/fr\/essayez-la-version-demo\/\",\"url\":\"https:\/\/focusaudits.eu\/fr\/essayez-la-version-demo\/\",\"name\":\"Essayez la version demo - Focus Audit Tool\",\"isPartOf\":{\"@id\":\"https:\/\/focusaudits.eu\/fr\/#website\"},\"datePublished\":\"2021-06-01T09:01:47+00:00\",\"dateModified\":\"2021-10-01T07:18:44+00:00\",\"description\":\"La version demo du test comporte plusieurs questions de diff\u00e9rentes sections \u2013 elle sert \u00e0 d\u00e9couvrir notre outil sans \u00e9valuer le niveau de la langue.\",\"breadcrumb\":{\"@id\":\"https:\/\/focusaudits.eu\/fr\/essayez-la-version-demo\/#breadcrumb\"},\"inLanguage\":\"fr-FR\",\"potentialAction\":[{\"@type\":\"ReadAction\",\"target\":[\"https:\/\/focusaudits.eu\/fr\/essayez-la-version-demo\/\"]}]},{\"@type\":\"BreadcrumbList\",\"@id\":\"https:\/\/focusaudits.eu\/fr\/essayez-la-version-demo\/#breadcrumb\",\"itemListElement\":[{\"@type\":\"ListItem\",\"position\":1,\"name\":\"Strona g\u0142\u00f3wna\",\"item\":\"https:\/\/focusaudits.eu\/fr\/\"},{\"@type\":\"ListItem\",\"position\":2,\"name\":\"Essayez la version demo\"}]},{\"@type\":\"WebSite\",\"@id\":\"https:\/\/focusaudits.eu\/fr\/#website\",\"url\":\"https:\/\/focusaudits.eu\/fr\/\",\"name\":\"Focus Audit Tool\",\"description\":\"Assessment of the language skills\",\"publisher\":{\"@id\":\"https:\/\/focusaudits.eu\/fr\/#organization\"},\"potentialAction\":[{\"@type\":\"SearchAction\",\"target\":{\"@type\":\"EntryPoint\",\"urlTemplate\":\"https:\/\/focusaudits.eu\/fr\/?s={search_term_string}\"},\"query-input\":{\"@type\":\"PropertyValueSpecification\",\"valueRequired\":true,\"valueName\":\"search_term_string\"}}],\"inLanguage\":\"fr-FR\"},{\"@type\":\"Organization\",\"@id\":\"https:\/\/focusaudits.eu\/fr\/#organization\",\"name\":\"Focus Audit Tool\",\"url\":\"https:\/\/focusaudits.eu\/fr\/\",\"logo\":{\"@type\":\"ImageObject\",\"inLanguage\":\"fr-FR\",\"@id\":\"https:\/\/focusaudits.eu\/fr\/#\/schema\/logo\/image\/\",\"url\":\"https:\/\/focusaudits.eu\/wp-content\/uploads\/2020\/03\/flogo.png\",\"contentUrl\":\"https:\/\/focusaudits.eu\/wp-content\/uploads\/2020\/03\/flogo.png\",\"width\":142,\"height\":52,\"caption\":\"Focus Audit Tool\"},\"image\":{\"@id\":\"https:\/\/focusaudits.eu\/fr\/#\/schema\/logo\/image\/\"}}]}<\/script>\n<!-- \/ Yoast SEO plugin. -->","yoast_head_json":{"title":"Essayez la version demo - Focus Audit Tool","description":"La version demo du test comporte plusieurs questions de diff\u00e9rentes sections \u2013 elle sert \u00e0 d\u00e9couvrir notre outil sans \u00e9valuer le niveau de la langue.","robots":{"index":"index","follow":"follow","max-snippet":"max-snippet:-1","max-image-preview":"max-image-preview:large","max-video-preview":"max-video-preview:-1"},"canonical":"https:\/\/focusaudits.eu\/fr\/essayez-la-version-demo\/","og_locale":"fr_FR","og_type":"article","og_title":"Essayez la version demo - Focus Audit Tool","og_description":"La version demo du test comporte plusieurs questions de diff\u00e9rentes sections \u2013 elle sert \u00e0 d\u00e9couvrir notre outil sans \u00e9valuer le niveau de la langue.","og_url":"https:\/\/focusaudits.eu\/fr\/essayez-la-version-demo\/","og_site_name":"Focus Audit Tool","article_modified_time":"2021-10-01T07:18:44+00:00","twitter_card":"summary_large_image","twitter_misc":{"Dur\u00e9e de lecture estim\u00e9e":"1 minute"},"schema":{"@context":"https:\/\/schema.org","@graph":[{"@type":"WebPage","@id":"https:\/\/focusaudits.eu\/fr\/essayez-la-version-demo\/","url":"https:\/\/focusaudits.eu\/fr\/essayez-la-version-demo\/","name":"Essayez la version demo - Focus Audit Tool","isPartOf":{"@id":"https:\/\/focusaudits.eu\/fr\/#website"},"datePublished":"2021-06-01T09:01:47+00:00","dateModified":"2021-10-01T07:18:44+00:00","description":"La version demo du test comporte plusieurs questions de diff\u00e9rentes sections \u2013 elle sert \u00e0 d\u00e9couvrir notre outil sans \u00e9valuer le niveau de la langue.","breadcrumb":{"@id":"https:\/\/focusaudits.eu\/fr\/essayez-la-version-demo\/#breadcrumb"},"inLanguage":"fr-FR","potentialAction":[{"@type":"ReadAction","target":["https:\/\/focusaudits.eu\/fr\/essayez-la-version-demo\/"]}]},{"@type":"BreadcrumbList","@id":"https:\/\/focusaudits.eu\/fr\/essayez-la-version-demo\/#breadcrumb","itemListElement":[{"@type":"ListItem","position":1,"name":"Strona g\u0142\u00f3wna","item":"https:\/\/focusaudits.eu\/fr\/"},{"@type":"ListItem","position":2,"name":"Essayez la version demo"}]},{"@type":"WebSite","@id":"https:\/\/focusaudits.eu\/fr\/#website","url":"https:\/\/focusaudits.eu\/fr\/","name":"Focus Audit Tool","description":"Assessment of the language skills","publisher":{"@id":"https:\/\/focusaudits.eu\/fr\/#organization"},"potentialAction":[{"@type":"SearchAction","target":{"@type":"EntryPoint","urlTemplate":"https:\/\/focusaudits.eu\/fr\/?s={search_term_string}"},"query-input":{"@type":"PropertyValueSpecification","valueRequired":true,"valueName":"search_term_string"}}],"inLanguage":"fr-FR"},{"@type":"Organization","@id":"https:\/\/focusaudits.eu\/fr\/#organization","name":"Focus Audit Tool","url":"https:\/\/focusaudits.eu\/fr\/","logo":{"@type":"ImageObject","inLanguage":"fr-FR","@id":"https:\/\/focusaudits.eu\/fr\/#\/schema\/logo\/image\/","url":"https:\/\/focusaudits.eu\/wp-content\/uploads\/2020\/03\/flogo.png","contentUrl":"https:\/\/focusaudits.eu\/wp-content\/uploads\/2020\/03\/flogo.png","width":142,"height":52,"caption":"Focus Audit Tool"},"image":{"@id":"https:\/\/focusaudits.eu\/fr\/#\/schema\/logo\/image\/"}}]}},"_links":{"self":[{"href":"https:\/\/focusaudits.eu\/fr\/wp-json\/wp\/v2\/pages\/60323","targetHints":{"allow":["GET"]}}],"collection":[{"href":"https:\/\/focusaudits.eu\/fr\/wp-json\/wp\/v2\/pages"}],"about":[{"href":"https:\/\/focusaudits.eu\/fr\/wp-json\/wp\/v2\/types\/page"}],"author":[{"embeddable":true,"href":"https:\/\/focusaudits.eu\/fr\/wp-json\/wp\/v2\/users\/1"}],"replies":[{"embeddable":true,"href":"https:\/\/focusaudits.eu\/fr\/wp-json\/wp\/v2\/comments?post=60323"}],"version-history":[{"count":0,"href":"https:\/\/focusaudits.eu\/fr\/wp-json\/wp\/v2\/pages\/60323\/revisions"}],"wp:attachment":[{"href":"https:\/\/focusaudits.eu\/fr\/wp-json\/wp\/v2\/media?parent=60323"}],"curies":[{"name":"wp","href":"https:\/\/api.w.org\/{rel}","templated":true}]}}