{"id":57371,"date":"2020-03-20T12:53:55","date_gmt":"2020-03-20T11:53:55","guid":{"rendered":"http:\/\/wp.focusaudits.eu\/?page_id=57371"},"modified":"2024-12-04T12:31:07","modified_gmt":"2024-12-04T11:31:07","slug":"zasady-ochrony-prywatnosci","status":"publish","type":"page","link":"https:\/\/focusaudits.eu\/pl\/zasady-ochrony-prywatnosci\/","title":{"rendered":"Zasady Ochrony Prywatno\u015bci"},"content":{"rendered":"<div class=\"wpb-content-wrapper\"><p>[vc_row][vc_column][vc_column_text css=&#8221;&#8221;]<\/p>\n<h1>Zasady Ochrony Prywatno\u015bci<\/h1>\n<p>Skrivanek sp. z o.o. (\u201eSp\u00f3\u0142ka\u201d, \u201eSkrivanek\u201d, dalej okre\u015blana r\u00f3wnie\u017c jako \u201emy\u201d, \u201enas\u201d lub \u201enasz\u201d.) przetwarza dane osobowe w spos\u00f3b zgodny z wymogami polskiego prawa, w szczeg\u00f3lno\u015bci w zgodzie z przepisami Rozporz\u0105dzenia Parlamentu Europejskiego i Rady (UE) nr 2016\/679 z dnia 26 kwietnia 2016 r. w sprawie ochrony os\u00f3b fizycznych w zwi\u0105zku z przetwarzaniem danych osobowych i w sprawie swobodnego przep\u0142ywu takich danych oraz uchylenia dyrektywy 95\/46\/WE (Rozporz\u0105dzenie 2016\/679) oraz ustawy o ochronie danych osobowych.<\/p>\n<p>Dane osobowe oznaczaj\u0105 wszelkie informacje, kt\u00f3re samodzielnie lub \u0142\u0105cznie mog\u0105 by\u0107 wykorzystane do zidentyfikowania osoby fizycznej. Niniejsze Zasady Ochrony Prywatno\u015bci (\u201eZasady\u201d) wyja\u015bniaj\u0105 w jaki spos\u00f3b gromadzimy i przetwarzamy dane osobowe Klient\u00f3w, potencjalnych Klient\u00f3w i U\u017cytkownik\u00f3w naszych stron internetowych: www.skrivanek.pl, <span data-teams=\"true\">focusaudits.eu<\/span> i www.szkolajezyk.pl (\u201eStrony\u201d).<\/p>\n<p>Korzystaj\u0105c z naszych stron i naszych us\u0142ug, akceptuj\u0105 Pa\u0144stwo wszystkie zapisy niniejszych Zasad Ochrony Prywatno\u015bci i wyra\u017caj\u0105 zgod\u0119 na zbieranie i przetwarzanie przez Skrivanek swoich danych zgodnie z niniejszymi Zasadami.<\/p>\n<p>Zwracamy uwag\u0119, \u017ce niniejsza Zasady nie dotycz\u0105 wszystkich sytuacji i sposob\u00f3w przetwarzania danych osobowych przez Skrivanek. W przypadkach przetwarzania danych osobowych, do kt\u00f3rych nie stosuje si\u0119 niniejszych Zasad informacje na temat prywatno\u015bci przekazywane b\u0119d\u0105 w momencie zbierania danych.<\/p>\n<ol>\n<li><strong>Administrator danych i Inspektor ochrony danych \u2013 dane kontaktowe<\/strong><\/li>\n<\/ol>\n<p>Administratorem Pa\u0144stwa danych osobowych jest Skrivanek sp. z o.o. z siedzib\u0105 w Warszawie, ul. Plac Konstytucji 6\/75 (00-550).<\/p>\n<p>W przypadku jakichkolwiek pyta\u0144 dotycz\u0105cych niniejszego dokumentu oraz sposobu<\/p>\n<p>i cel\u00f3w przetwarzania przez nas danych osobowych, prosimy o kontakt pod adresem:<\/p>\n<p>Inspektor Ochrony Danych<\/p>\n<p>Skrivanek Sp. z o.o.<\/p>\n<p>Ul. Podlaska 12<\/p>\n<p>20-304 Lublin,<\/p>\n<p>Adres email: <a href=\"mailto:iod@skrivanek.pl\">iod@skrivanek.pl<\/a><\/p>\n<ol start=\"2\">\n<li><strong>Podmiot przetwarzaj\u0105cy dane<\/strong><\/li>\n<\/ol>\n<p>2.1. \u015awiadcz\u0105c us\u0142ugi, kt\u00f3re mog\u0105 wymaga\u0107 powierzenia nam danych osobowych, kt\u00f3rych administratorem jest Klient (np. t\u0142umaczenie dokument\u00f3w zawieraj\u0105cych dane osobowe lub szkolenie pracownik\u00f3w Klienta), Skrivanek pe\u0142ni funkcj\u0119 Podmiotu przetwarzaj\u0105cego w rozumieniu przepis\u00f3w Rozporz\u0105dzenia 2016\/679, dzia\u0142aj\u0105cego w oparciu o instrukcje Klienta jako administratora danych. Przetwarzanie takich danych odbywa si\u0119 w\u00f3wczas na podstawie odr\u0119bnych uzgodnie\u0144, tj. umowy powierzenia zawartej zgodnie z art. 28 Rozporz\u0105dzenia 2016\/679.<\/p>\n<p>2.2. \u00a0W celu zawarcia umowy powierzenia, Klient poinformuje Skrivanek o powierzeniu danych osobowych, o kt\u00f3rych mowa w par.2.1.powy\u017cej.<\/p>\n<ol start=\"3\">\n<li><strong>Bezpiecze\u0144stwo<\/strong><\/li>\n<\/ol>\n<p>3.1.Stosujemy si\u0119 do og\u00f3lnie przyj\u0119tych standard\u00f3w zakresie technologii i bezpiecze\u0144stwa informacji w celu ochrony wszelkich posiadanych przez nas danych przed utrat\u0105, bezprawnym wykorzystaniem, zmian\u0105 lub zniszczeniem, a wdro\u017cony przez nas system zarz\u0105dzania bezpiecze\u0144stwem informacji podlega niezale\u017cnej certyfikacji i jest zgodny z wymogami normy ISO\/IEC 27001: 2013.<\/p>\n<p>3.2. Regularnie kontrolujemy nasze polityki, procedury i szkolenia oraz inne zabezpieczenia techniczne w zakresie ochrony danych aby zapewni\u0107 ich bezpiecze\u0144stwo.<\/p>\n<p>3.3. \u00a0Skrivanek nie ponosi odpowiedzialno\u015bci za nieuprawniony dost\u0119p do danych i\/lub utrat\u0119 danych z przyczyn od nas niezale\u017cnych w szczeg\u00f3lno\u015bci z powodu b\u0142\u0119d\u00f3w lub zaniedba\u0144 po stronie Pa\u0144stwa.<\/p>\n<ol start=\"4\">\n<li><strong>Kiedy zbieramy dane<\/strong><\/li>\n<\/ol>\n<p>4.1. Mo\u017cemy zbiera\u0107 Pa\u0144stwa dane osobowe, gdy udost\u0119pniaj\u0105 je Pa\u0144stwo dokonuj\u0105c nast\u0119puj\u0105cych czynno\u015bci:<\/p>\n<ul>\n<li>zamawiaj\u0105 Pa\u0144stwo nasze produkty lub us\u0142ugi (w tym przez nasze strony internetowe, telefon, e-mail i w naszym biurze);<\/li>\n<\/ul>\n<ul>\n<li>odwiedzaj\u0105 Pa\u0144stwo nasze strony internetowe;<\/li>\n<li>kontaktuj\u0105 si\u0119 Pa\u0144stwo z nami zadaj\u0105c nam pytanie, przekazuj\u0105c komentarz lub sk\u0142adaj\u0105c reklamacj\u0119;<\/li>\n<li>zapisuj\u0105 si\u0119 Pa\u0144stwo na nasze newslettery, otrzymywanie powiadomie\u0144 lub inn\u0105 nasz\u0105 us\u0142ug\u0119 (np. darmow\u0105 wycen\u0119);<\/li>\n<li>bior\u0105 Pa\u0144stwo udzia\u0142 w ankiecie lub konkursie;<\/li>\n<li>przekazuj\u0105 nam Pa\u0144stwo wizyt\u00f3wk\u0119 lub inne dane kontaktowe, np. podczas wydarze\u0144 czy targ\u00f3w.<\/li>\n<\/ul>\n<p>Podanie danych osobowych jest dobrowolne, lecz mo\u017ce by\u0107 niezb\u0119dne dla otrzymania danej us\u0142ugi lub uzyskania odpowiedzi.<\/p>\n<p>4.2. Pewne dane zbierane s\u0105 automatycznie podczas korzystania przez U\u017cytkownik\u00f3w ze Stron internetowych (w tym za pomoc\u0105 technologii takich jak pliki cookie) lub gdy odwiedzaj\u0105 Pa\u0144stwo biura Skrivanka, w kt\u00f3rych prowadzony jest monitoring wizyjny.<\/p>\n<p>4.3. Mo\u017cemy zbiera\u0107 Pa\u0144stwa dane osobowe od innych firm, takich jak sp\u00f3\u0142ki nale\u017c\u0105ce do grupy SKRIVANEK Holding SE i z ni\u0105 stowarzyszone oraz, za Pa\u0144stwa zgod\u0105, strony trzecie (np. Biura Informacji Gospodarczej). Ponadto, w przypadku pracownik\u00f3w naszego klienta, dane kontaktowe mo\u017cemy otrzyma\u0107 od pracodawcy.<\/p>\n<p>4.4. W zakresie dopuszczanym przez obowi\u0105zuj\u0105ce prawo mo\u017cemy r\u00f3wnie\u017c zbiera\u0107 niekt\u00f3re informacje ze \u017ar\u00f3de\u0142 publicznie dost\u0119pnych np. rejestr\u00f3w, sieci spo\u0142eczno\u015bciowych lub publicznie dost\u0119pnych witryn internetowych.<\/p>\n<ol start=\"5\">\n<li><strong>Jakie dane zbieramy<\/strong><\/li>\n<\/ol>\n<p>W zale\u017cno\u015bci od rodzaju \u015bwiadczonej us\u0142ugi kategorie przetwarzanych danych osobowych mog\u0105 obejmowa\u0107:<\/p>\n<p>5.1. imi\u0119, nazwisko, adres, dane kontaktowe;<\/p>\n<p>5.2. PESEL, NIP,<\/p>\n<p>5.3. nr rachunku bankowego;<\/p>\n<p>5.4. seria nr dowodu to\u017csamo\u015bci;<\/p>\n<p>5.5. s\u0142u\u017cbowe dane kontaktowe pracownik\u00f3w Klienta;<\/p>\n<p>5.6. inne dane podane przez Pa\u0144stwa,<\/p>\n<p>5.7. nagrania z monitoringu wizyjnego;<\/p>\n<p>5.8. dane takie jak adres IP czy informacje zawarte w plikach cookie (pliki tekstowe umieszczane na komputerze u\u017cytkownika w celu umo\u017cliwienia witrynie przeanalizowania sposobu korzystania z niej przez u\u017cytkownik\u00f3w. Wi\u0119cej o plikach &#8220;cookies&#8221; i o polityce Sp\u00f3\u0142ki z nimi zwi\u0105zanej znajd\u0105 Pa\u0144stwo w zak\u0142adce o <a href=\"https:\/\/focusaudits.eu\/pl\/polityka-dotyczaca-plikow-cookie\/\">polityce dotycz\u0105cej plik\u00f3w cookie<\/a>.<\/p>\n<ol start=\"6\">\n<li><strong>Jak wykorzystujemy Pa\u0144stwa dane osobowe <\/strong><\/li>\n<\/ol>\n<p>B\u0119dziemy wykorzystywa\u0107 Pa\u0144stwa dane osobowe do realizacji nast\u0119puj\u0105cych cel\u00f3w:<\/p>\n<p>6.1. aby \u015bwiadczy\u0107 profesjonalne us\u0142ugi w oparciu o zawart\u0105 z Pa\u0144stwem umow\u0119, je\u015bli jeste\u015bcie Pa\u0144stwo naszymi Klientami, kt\u00f3ry to cel obejmuje:<\/p>\n<p>6.1.1. dzia\u0142ania niezb\u0119dne do zawarcia i wykonania umowy;<\/p>\n<p>6.1.2. zarz\u0105dzanie przep\u0142ywami finansowymi, w tym nale\u017cno\u015bciami;<\/p>\n<p>6.1.3. obs\u0142ug\u0119 Klienta, w tym obs\u0142ug\u0119 reklamacji i wsparcie techniczne;<\/p>\n<p>6.1.4. badanie poziomu satysfakcji Klient\u00f3w;<\/p>\n<p>6.1.5. informowanie Klient\u00f3w o nowych us\u0142ugach, w tym sp\u00f3\u0142ek nale\u017c\u0105cych do grupy SKRIVANEK Holding SE;<\/p>\n<p>6.1.6. prowadzenie monitoringu wizyjnego w celach bezpiecze\u0144stwa;<\/p>\n<p>6.2 aby rozwija\u0107 nasz\u0105 dzia\u0142alno\u015b\u0107 i nasze us\u0142ugi, kt\u00f3ry to cel obejmuje:<\/p>\n<p>6.2.1. informowanie o nowych us\u0142ugach, kt\u00f3re wed\u0142ug nas mog\u0105 Pa\u0144stwa zainteresowa\u0107, w oparciu o Pa\u0144stwa zgod\u0119 lub w oparciu o inn\u0105 przes\u0142ank\u0119 prawn\u0105;<\/p>\n<p>6.2.2. tworzenie modeli biznesowych i analiz\u0119 rynku w oparciu o dane statystyczne Klient\u00f3w;<\/p>\n<p>6.3. aby zarz\u0105dza\u0107 bezpiecze\u0144stwem i jako\u015bci\u0105, w tym:<\/p>\n<p>6.3.1. administrowa\u0107 naszymi stronami, systemami i aplikacjami;<\/p>\n<p>6.3.2. monitorowa\u0107 i dokumentowa\u0107 procedury w zwi\u0105zku ze \u015bwiadczonymi Pa\u0144stwu us\u0142ugami;<\/p>\n<p>6.4. aby wype\u0142ni\u0107 obowi\u0105zki prawne, co wymaga mi\u0119dzy innymi zabezpieczenia dokumentacji (w tym zawieraj\u0105cej dane osobowe) dla cel\u00f3w podatkowych i ksi\u0119gowych;<\/p>\n<p>6.5. w celu udzielenia informacji o jak\u0105 zwr\u00f3c\u0105 si\u0119 Pa\u0144stwo do nas odwiedzaj\u0105c nasze strony internetowe lub dostarczenia zam\u00f3wionych poprzez nasze strony internetowe us\u0142ug;<\/p>\n<p>6.6. w ka\u017cdym innym celu w jakim udzielili\u015bcie nam Pa\u0144stwo wa\u017cnej zgody, kiedy jest to wymagane przepisami prawa.<\/p>\n<ol start=\"7\">\n<li><strong>Podstawy prawne przetwarzania danych osobowych<\/strong><\/li>\n<\/ol>\n<p>7.1. W<u>ykonanie zawartej z Pani\u0105\/Panem umowy ( i dzia\u0142ania podj\u0119te w celu zawarcia umowy)<\/u> \u2013 Przyk\u0142adowo, je\u017celi zamawiacie Pa\u0144stwo us\u0142ugi t\u0142umaczeniowe, mo\u017cemy przetwarza\u0107 Pa\u0144stwa dane kontaktowe i dane dotycz\u0105ce p\u0142atno\u015bci w celu wykonania zam\u00f3wienia i dostarczenia t\u0142umaczenia(par. 6.1.1.).<\/p>\n<p>7.2. N<u>asz prawnie uzasadniony interes<\/u> \u2013 Mo\u017cemy przetwarza\u0107 Pa\u0144stwa dane (gdy uznamy, \u017ce nie zagra\u017ca to Pa\u0144stwa podstawowym prawom i wolno\u015bciom) g\u0142\u00f3wnie w celu zapewnienia Pa\u0144stwu wysokiej jako\u015bci us\u0142ug oraz zabezpieczenia naszych interes\u00f3w w zwi\u0105zku ze \u015bwiadczeniem us\u0142ug (par. 6.1-6.3, 6.5).<\/p>\n<p>W szczeg\u00f3lno\u015bci, w ramach naszego uzasadnionego interesu, mo\u017cemy si\u0119 z Pa\u0144stwem kontaktowa\u0107 w celu przes\u0142ania informacji handlowych o nowych us\u0142ugach, kt\u00f3re naszym zdaniem mog\u0105 Pa\u0144stwa zainteresowa\u0107 lub o oferowanych przez nas specjalnych warunkach sprzeda\u017cy np. rabatach.<\/p>\n<p>Jako cz\u0142onek Grupy SKRIVANEK Holding SE uwa\u017camy r\u00f3wnie\u017c za sw\u00f3j prawnie uzasadniony interes mo\u017cliwo\u015b\u0107 przekazania danych Klient\u00f3w do innych sp\u00f3\u0142ek Grupy do wewn\u0119trznych cel\u00f3w administracyjnych, kt\u00f3re nie wykluczaj\u0105 mo\u017cliwo\u015bci przesy\u0142ania Pa\u0144stwu przez nie informacji o w\u0142asnych us\u0142ugach.<\/p>\n<p>7.3. <u>Obowi\u0105zek prawny<\/u> &#8211; B\u0119dziemy przetwarza\u0107 Pa\u0144stwa dane, kiedy b\u0119d\u0105 wymaga\u0107 tego od nas przepisy prawa np. podatkowe i ksi\u0119gowe.<\/p>\n<p>7.4. <u>Pa\u0144stwa zgoda<\/u> &#8211; Mo\u017cemy przetwarza\u0107 Pa\u0144stwa dane w okre\u015blonym celu w oparciu o wyra\u017con\u0105 przez Pa\u0144stwo wa\u017cn\u0105 zgod\u0119. Zgody mog\u0105 Pa\u0144stwo udzieli\u0107 nam na pi\u015bmie np. poprzez wype\u0142nienie formularza w naszym biurze lub na naszych stronach internetowych lub te\u017c w korespondencji mailowej. Mo\u017cecie Pa\u0144stwo wycofa\u0107 swoj\u0105 zgod\u0119 w ka\u017cdym czasie.<\/p>\n<ol start=\"8\">\n<li><strong>Jak d\u0142ugo przechowujemy Pa\u0144stwa dane<\/strong><\/li>\n<\/ol>\n<p>Okres przechowywania danych u\u017cytkownika jest uzale\u017cniony od celu w jakim dane s\u0105 przetwarzane i jest obliczany w oparciu o nast\u0119puj\u0105ce kryteria:<\/p>\n<p>8.1. okres niezb\u0119dny do \u015bwiadczenia us\u0142ug i zapewnienia niezb\u0119dnej obs\u0142ugi klienta;<\/p>\n<p>8.2. przepisy prawa, kt\u00f3re mog\u0105 wymaga\u0107 przetwarzania danych przez okre\u015blony czas;<\/p>\n<p>8.3. okres niezb\u0119dny do ochrony interes\u00f3w Sp\u00f3\u0142ki np. przed ewentualnym roszczeniem;<\/p>\n<p>8.4. okres na jaki zosta\u0142a udzielona zgoda.<\/p>\n<ol start=\"9\">\n<li><strong>Komu mo\u017cemy przekaza\u0107 Pa\u0144stwa dane<\/strong><\/li>\n<\/ol>\n<p>Przekazujemy Pa\u0144stwa dane w celu \u015bwiadczenia i ulepszania naszych us\u0142ug, wy\u0142\u0105cznie kiedy jest to dozwolone prawem. Podmioty, kt\u00f3rym przekazujemy Pa\u0144stwa dane s\u0105 zobowi\u0105zane do ich ochrony na podstawie zawartych z nami um\u00f3w i\/lub innych zastosowanych zabezpiecze\u0144. Sp\u00f3\u0142ka nie przekazuje Pa\u0144stwa danych osobowych w celach komercyjnych.<\/p>\n<p>9.1. Mo\u017cemy powierza\u0107 przetwarzanie Pa\u0144stwa danych podmiotom trzecim (procesorom), w szczeg\u00f3lno\u015bci w zakresie us\u0142ug informatycznych, przechowywania (hostingu), us\u0142ug ksi\u0119gowych, marketingowych oraz us\u0142ug, kt\u00f3re Pa\u0144stwo zam\u00f3wili lub z kt\u00f3rych korzystaj\u0105.<\/p>\n<p>9.2. Pa\u0144stwa dane osobowe b\u0119d\u0105 udost\u0119pniane osobom posiadaj\u0105cym stosowne upowa\u017cniania do przetwarzania danych osobowych: naszym pracownikom, wsp\u00f3\u0142pracownikom i dostawcom us\u0142ug.<\/p>\n<p>9.3. W przypadkach przewidzianych w przepisach prawa, Sp\u00f3\u0142ka mo\u017ce przekazywa\u0107 dane osobowe u\u017cytkownika w\u0142a\u015bciwym organom w\u0142adzy publicznej.<\/p>\n<p>9.4. Mo\u017cemy przekaza\u0107 Pa\u0144stwa dane sp\u00f3\u0142kom z grupy SKRIVANEK SE Holding.<\/p>\n<p>9.5. W przypadku zawarcia przez Skrivanek umowy na Pa\u0144stwa rzecz z podmiotem b\u0119d\u0105cym Klientem Skrivanek, dane w zakresie wykonania umowy (w szczeg\u00f3lno\u015bci dane o frekwencji i wynikach w nauce dotycz\u0105ce uczestnik\u00f3w szkole\u0144 j\u0119zykowych prowadzonych przez Skrivanek) mog\u0105 zosta\u0107 udost\u0119pnione temu podmiotowi zgodnie z zawart\u0105 umow\u0105.<\/p>\n<ol start=\"10\">\n<li><strong>Jakie maj\u0105 Pa\u0144stwo prawa<\/strong><\/li>\n<\/ol>\n<p>10.1. \u017c\u0105dania od administratora dost\u0119pu do swoich danych osobowych, uzyskania ich kopii i ich sprostowania, je\u015bli s\u0105 nieprawid\u0142owe lub nieaktualne;<\/p>\n<p>10.2. \u017c\u0105dania usuni\u0119cia lub ograniczenia przetwarzania swoich danych, je\u015bli dane nie s\u0105 ju\u017c potrzebne do realizacji cel\u00f3w przetwarzania;<\/p>\n<p>10.3. prawo do cofni\u0119cia zgody w dowolnym momencie, je\u015bli przetwarzanie odbywa si\u0119 na jej podstawie;<\/p>\n<p>10.4. wniesienia sprzeciwu wobec przetwarzania, w szczeg\u00f3lno\u015bci mog\u0105 Pa\u0144stwo w ka\u017cdej chwili zrezygnowa\u0107 z otrzymywania wiadomo\u015bci marketingowych poprzez klikni\u0119cie na link rezygnacji znajduj\u0105cego si\u0119 w wiadomo\u015bci lub skontaktowanie si\u0119 z nami pod adresem: marketing@skrivanek.pl lub iod@skrivanek.pl.<\/p>\n<p>O powy\u017csze mog\u0105 Pa\u0144stwo zwr\u00f3ci\u0107 si\u0119 do nas korzystaj\u0105c z naszych danych kontaktowych wymienionych w punkcie 1 niniejszych Zasad.<\/p>\n<p>10.5. Maj\u0105 Pa\u0144stwo r\u00f3wnie\u017c prawo do wniesienia skargi do organu nadzorczego \u2013 Prezesa Urz\u0119du Ochrony Danych Osobowych;<\/p>\n<ol start=\"11\">\n<li><strong>Prawa dotycz\u0105ce profilowania<\/strong><\/li>\n<\/ol>\n<p>11.1. Profilowanie polega na dowolnym zautomatyzowanym przetwarzaniu danych osobowych pozwalaj\u0105cym oceni\u0107 czynniki osobowe osoby fizycznej, a\u00a0w\u00a0szczeg\u00f3lno\u015bci analizowa\u0107 lub prognozowa\u0107 aspekty dotycz\u0105ce osobistych preferencji lub zainteresowa\u0144, wiarygodno\u015bci lub zachowania, lokalizacji lub przemieszczania si\u0119 osoby, kt\u00f3rej dane dotycz\u0105<\/p>\n<p>11.2. Przetwarzaj\u0105c Pa\u0144stwa dane, mo\u017cemy zbiera\u0107 pewne informacje np. dotycz\u0105ce Pa\u0144stwa historii zakup\u00f3w w celu zaproponowania Pa\u0144stwu zindywidualizowanej oferty. \u00a0Zautomatyzowane podejmowanie decyzji stosujemy wy\u0142\u0105cznie w celach biznesowych i nie wywo\u0142uje ono wobec Pa\u0144stwa \u017cadnych skutk\u00f3w prawnych. Maj\u0105 Pa\u0144stwo prawo sprzeciwu wobec profilowania poprzez kontakt z nami pod adresem <a href=\"mailto:marketing@skrivanek.pl\">marketing@skrivanek.pl<\/a> lub <a href=\"mailto:iod@skrivanek.pl\">iod@skrivanek.pl<\/a>; a tak\u017ce u\u017cywaj\u0105c naszych danych kontaktowych wymienionych w punkcie 1 niniejszych Zasad.<\/p>\n<ol start=\"12\">\n<li><strong>Przekazywanie danych osobowych do pa\u0144stw spoza Europejskiego Obszaru Gospodarczego (EOG)<\/strong><\/li>\n<\/ol>\n<p>Od czasu do czasu mo\u017cemy przekazywa\u0107 dane do pa\u0144stw spoza EOG. Zawsze stosujemy w\u00f3wczas odpowiednie zabezpieczenia zgodnie z Rozporz\u0105dzeniem 2016\/679. \u00a0Na przyk\u0142ad w przypadku konieczno\u015bci przekazania dokument\u00f3w zawieraj\u0105cych dane osobowe poza EOG w celu ich t\u0142umaczenia, odbywa si\u0119 to w oparciu o zatwierdzone przez KE standardowe klauzule umowne.<\/p>\n<p>Skrivanek sp. z o.o. mo\u017ce zmienia\u0107 swoje zasady ochrony prywatno\u015bci. Zmiany takie wchodz\u0105 w \u017cycie po ich opublikowaniu na Stronach internetowych.[\/vc_column_text][\/vc_column][\/vc_row]<\/p>\n<\/div>","protected":false},"excerpt":{"rendered":"<p>[vc_row][vc_column][vc_column_text css=&#8221;&#8221;] Zasady Ochrony Prywatno\u015bci Skrivanek sp. z o.o. (\u201eSp\u00f3\u0142ka\u201d, \u201eSkrivanek\u201d, dalej okre\u015blana r\u00f3wnie\u017c jako \u201emy\u201d, \u201enas\u201d lub \u201enasz\u201d.) przetwarza dane osobowe w spos\u00f3b zgodny z wymogami polskiego prawa, w szczeg\u00f3lno\u015bci w zgodzie z przepisami Rozporz\u0105dzenia Parlamentu Europejskiego i Rady (UE) nr 2016\/679 z dnia 26 kwietnia 2016 r. w sprawie ochrony os\u00f3b fizycznych w&hellip;<\/p>\n","protected":false},"author":1,"featured_media":0,"parent":0,"menu_order":0,"comment_status":"closed","ping_status":"closed","template":"","meta":{"footnotes":"","_wp_rev_ctl_limit":""},"class_list":["post-57371","page","type-page","status-publish","hentry","description-off"],"yoast_head":"<!-- This site is optimized with the Yoast SEO plugin v26.0 - https:\/\/yoast.com\/wordpress\/plugins\/seo\/ -->\n<title>Zasady Ochrony Prywatno\u015bci - Focus Language Audit<\/title>\n<meta name=\"description\" content=\"Dane osobowe oznaczaj\u0105 wszelkie informacje, kt\u00f3re samodzielnie lub \u0142\u0105cznie mog\u0105 by\u0107 wykorzystane do zidentyfikowania osoby fizycznej.\" \/>\n<meta name=\"robots\" content=\"index, follow, max-snippet:-1, max-image-preview:large, max-video-preview:-1\" \/>\n<link rel=\"canonical\" href=\"https:\/\/focusaudits.eu\/pl\/zasady-ochrony-prywatnosci\/\" \/>\n<meta property=\"og:locale\" content=\"pl_PL\" \/>\n<meta property=\"og:type\" content=\"article\" \/>\n<meta property=\"og:title\" content=\"Zasady Ochrony Prywatno\u015bci - Focus Language Audit\" \/>\n<meta property=\"og:description\" content=\"Dane osobowe oznaczaj\u0105 wszelkie informacje, kt\u00f3re samodzielnie lub \u0142\u0105cznie mog\u0105 by\u0107 wykorzystane do zidentyfikowania osoby fizycznej.\" \/>\n<meta property=\"og:url\" content=\"https:\/\/focusaudits.eu\/pl\/zasady-ochrony-prywatnosci\/\" \/>\n<meta property=\"og:site_name\" content=\"Focus Language Audit\" \/>\n<meta property=\"article:modified_time\" content=\"2024-12-04T11:31:07+00:00\" \/>\n<meta name=\"twitter:card\" content=\"summary_large_image\" \/>\n<meta name=\"twitter:label1\" content=\"Szacowany czas czytania\" \/>\n\t<meta name=\"twitter:data1\" content=\"11 minut\" \/>\n<script type=\"application\/ld+json\" class=\"yoast-schema-graph\">{\"@context\":\"https:\/\/schema.org\",\"@graph\":[{\"@type\":\"WebPage\",\"@id\":\"https:\/\/focusaudits.eu\/pl\/zasady-ochrony-prywatnosci\/\",\"url\":\"https:\/\/focusaudits.eu\/pl\/zasady-ochrony-prywatnosci\/\",\"name\":\"Zasady Ochrony Prywatno\u015bci - Focus Language Audit\",\"isPartOf\":{\"@id\":\"https:\/\/focusaudits.eu\/pl\/#website\"},\"datePublished\":\"2020-03-20T11:53:55+00:00\",\"dateModified\":\"2024-12-04T11:31:07+00:00\",\"description\":\"Dane osobowe oznaczaj\u0105 wszelkie informacje, kt\u00f3re samodzielnie lub \u0142\u0105cznie mog\u0105 by\u0107 wykorzystane do zidentyfikowania osoby fizycznej.\",\"breadcrumb\":{\"@id\":\"https:\/\/focusaudits.eu\/pl\/zasady-ochrony-prywatnosci\/#breadcrumb\"},\"inLanguage\":\"pl-PL\",\"potentialAction\":[{\"@type\":\"ReadAction\",\"target\":[\"https:\/\/focusaudits.eu\/pl\/zasady-ochrony-prywatnosci\/\"]}]},{\"@type\":\"BreadcrumbList\",\"@id\":\"https:\/\/focusaudits.eu\/pl\/zasady-ochrony-prywatnosci\/#breadcrumb\",\"itemListElement\":[{\"@type\":\"ListItem\",\"position\":1,\"name\":\"Strona g\u0142\u00f3wna\",\"item\":\"https:\/\/focusaudits.eu\/pl\/\"},{\"@type\":\"ListItem\",\"position\":2,\"name\":\"Zasady Ochrony Prywatno\u015bci\"}]},{\"@type\":\"WebSite\",\"@id\":\"https:\/\/focusaudits.eu\/pl\/#website\",\"url\":\"https:\/\/focusaudits.eu\/pl\/\",\"name\":\"Focus Language Audit\",\"description\":\"Assessment of the language skills\",\"publisher\":{\"@id\":\"https:\/\/focusaudits.eu\/pl\/#organization\"},\"potentialAction\":[{\"@type\":\"SearchAction\",\"target\":{\"@type\":\"EntryPoint\",\"urlTemplate\":\"https:\/\/focusaudits.eu\/pl\/?s={search_term_string}\"},\"query-input\":{\"@type\":\"PropertyValueSpecification\",\"valueRequired\":true,\"valueName\":\"search_term_string\"}}],\"inLanguage\":\"pl-PL\"},{\"@type\":\"Organization\",\"@id\":\"https:\/\/focusaudits.eu\/pl\/#organization\",\"name\":\"Focus Language Audit\",\"url\":\"https:\/\/focusaudits.eu\/pl\/\",\"logo\":{\"@type\":\"ImageObject\",\"inLanguage\":\"pl-PL\",\"@id\":\"https:\/\/focusaudits.eu\/pl\/#\/schema\/logo\/image\/\",\"url\":\"https:\/\/focusaudits.eu\/wp-content\/uploads\/2020\/03\/flogo.png\",\"contentUrl\":\"https:\/\/focusaudits.eu\/wp-content\/uploads\/2020\/03\/flogo.png\",\"width\":142,\"height\":52,\"caption\":\"Focus Language Audit\"},\"image\":{\"@id\":\"https:\/\/focusaudits.eu\/pl\/#\/schema\/logo\/image\/\"}}]}<\/script>\n<!-- \/ Yoast SEO plugin. -->","yoast_head_json":{"title":"Zasady Ochrony Prywatno\u015bci - Focus Language Audit","description":"Dane osobowe oznaczaj\u0105 wszelkie informacje, kt\u00f3re samodzielnie lub \u0142\u0105cznie mog\u0105 by\u0107 wykorzystane do zidentyfikowania osoby fizycznej.","robots":{"index":"index","follow":"follow","max-snippet":"max-snippet:-1","max-image-preview":"max-image-preview:large","max-video-preview":"max-video-preview:-1"},"canonical":"https:\/\/focusaudits.eu\/pl\/zasady-ochrony-prywatnosci\/","og_locale":"pl_PL","og_type":"article","og_title":"Zasady Ochrony Prywatno\u015bci - Focus Language Audit","og_description":"Dane osobowe oznaczaj\u0105 wszelkie informacje, kt\u00f3re samodzielnie lub \u0142\u0105cznie mog\u0105 by\u0107 wykorzystane do zidentyfikowania osoby fizycznej.","og_url":"https:\/\/focusaudits.eu\/pl\/zasady-ochrony-prywatnosci\/","og_site_name":"Focus Language Audit","article_modified_time":"2024-12-04T11:31:07+00:00","twitter_card":"summary_large_image","twitter_misc":{"Szacowany czas czytania":"11 minut"},"schema":{"@context":"https:\/\/schema.org","@graph":[{"@type":"WebPage","@id":"https:\/\/focusaudits.eu\/pl\/zasady-ochrony-prywatnosci\/","url":"https:\/\/focusaudits.eu\/pl\/zasady-ochrony-prywatnosci\/","name":"Zasady Ochrony Prywatno\u015bci - Focus Language Audit","isPartOf":{"@id":"https:\/\/focusaudits.eu\/pl\/#website"},"datePublished":"2020-03-20T11:53:55+00:00","dateModified":"2024-12-04T11:31:07+00:00","description":"Dane osobowe oznaczaj\u0105 wszelkie informacje, kt\u00f3re samodzielnie lub \u0142\u0105cznie mog\u0105 by\u0107 wykorzystane do zidentyfikowania osoby fizycznej.","breadcrumb":{"@id":"https:\/\/focusaudits.eu\/pl\/zasady-ochrony-prywatnosci\/#breadcrumb"},"inLanguage":"pl-PL","potentialAction":[{"@type":"ReadAction","target":["https:\/\/focusaudits.eu\/pl\/zasady-ochrony-prywatnosci\/"]}]},{"@type":"BreadcrumbList","@id":"https:\/\/focusaudits.eu\/pl\/zasady-ochrony-prywatnosci\/#breadcrumb","itemListElement":[{"@type":"ListItem","position":1,"name":"Strona g\u0142\u00f3wna","item":"https:\/\/focusaudits.eu\/pl\/"},{"@type":"ListItem","position":2,"name":"Zasady Ochrony Prywatno\u015bci"}]},{"@type":"WebSite","@id":"https:\/\/focusaudits.eu\/pl\/#website","url":"https:\/\/focusaudits.eu\/pl\/","name":"Focus Language Audit","description":"Assessment of the language skills","publisher":{"@id":"https:\/\/focusaudits.eu\/pl\/#organization"},"potentialAction":[{"@type":"SearchAction","target":{"@type":"EntryPoint","urlTemplate":"https:\/\/focusaudits.eu\/pl\/?s={search_term_string}"},"query-input":{"@type":"PropertyValueSpecification","valueRequired":true,"valueName":"search_term_string"}}],"inLanguage":"pl-PL"},{"@type":"Organization","@id":"https:\/\/focusaudits.eu\/pl\/#organization","name":"Focus Language Audit","url":"https:\/\/focusaudits.eu\/pl\/","logo":{"@type":"ImageObject","inLanguage":"pl-PL","@id":"https:\/\/focusaudits.eu\/pl\/#\/schema\/logo\/image\/","url":"https:\/\/focusaudits.eu\/wp-content\/uploads\/2020\/03\/flogo.png","contentUrl":"https:\/\/focusaudits.eu\/wp-content\/uploads\/2020\/03\/flogo.png","width":142,"height":52,"caption":"Focus Language Audit"},"image":{"@id":"https:\/\/focusaudits.eu\/pl\/#\/schema\/logo\/image\/"}}]}},"_links":{"self":[{"href":"https:\/\/focusaudits.eu\/pl\/wp-json\/wp\/v2\/pages\/57371","targetHints":{"allow":["GET"]}}],"collection":[{"href":"https:\/\/focusaudits.eu\/pl\/wp-json\/wp\/v2\/pages"}],"about":[{"href":"https:\/\/focusaudits.eu\/pl\/wp-json\/wp\/v2\/types\/page"}],"author":[{"embeddable":true,"href":"https:\/\/focusaudits.eu\/pl\/wp-json\/wp\/v2\/users\/1"}],"replies":[{"embeddable":true,"href":"https:\/\/focusaudits.eu\/pl\/wp-json\/wp\/v2\/comments?post=57371"}],"version-history":[{"count":1,"href":"https:\/\/focusaudits.eu\/pl\/wp-json\/wp\/v2\/pages\/57371\/revisions"}],"predecessor-version":[{"id":69324,"href":"https:\/\/focusaudits.eu\/pl\/wp-json\/wp\/v2\/pages\/57371\/revisions\/69324"}],"wp:attachment":[{"href":"https:\/\/focusaudits.eu\/pl\/wp-json\/wp\/v2\/media?parent=57371"}],"curies":[{"name":"wp","href":"https:\/\/api.w.org\/{rel}","templated":true}]}}