{"id":57373,"date":"2020-03-20T12:55:46","date_gmt":"2020-03-20T11:55:46","guid":{"rendered":"http:\/\/wp.focusaudits.eu\/?page_id=57373"},"modified":"2021-05-26T10:27:45","modified_gmt":"2021-05-26T08:27:45","slug":"polityka-dotyczaca-plikow-cookie","status":"publish","type":"page","link":"https:\/\/focusaudits.eu\/pl\/polityka-dotyczaca-plikow-cookie\/","title":{"rendered":"Polityka dotycz\u0105ca plik\u00f3w cookie"},"content":{"rendered":"<div class=\"wpb-content-wrapper\"><p>[vc_row][vc_column][vc_column_text]<\/p>\n<div class=\"nz-column-text nz-clearfix\">\n<h1>Polityka dotycz\u0105ca plik\u00f3w cookie<\/h1>\n<p><strong>Czym s\u0105 pliki cookie?<\/strong><\/p>\n<p>S\u0105 to niewielkie pliki z danymi, niezb\u0119dne do obs\u0142ugi niekt\u00f3rych funkcji stron internetowych, takich jak logowanie. Pliki cookie umo\u017cliwiaj\u0105 witrynom zapami\u0119tywanie r\u00f3\u017cnorodnych ustawie\u0144, takich jak j\u0119zyk, czcionka i inne opcje, kt\u00f3re samodzielnie wybra\u0142e\u015b w zwi\u0105zku z wy\u015bwietlaniem stron internetowych. Dlatego przechowujemy pliki cookie na Twoim komputerze. Tak samo post\u0119puj\u0105 administratorzy i dostawcy wi\u0119kszo\u015bci du\u017cych stron internetowych. Do czego u\u017cywamy plik\u00f3w cookie na tej stronie internetowej?<\/p>\n<p>W zale\u017cno\u015bci od czasu przechowywania, pliki cookie mo\u017cna podzieli\u0107 na dwa podstawowe rodzaje:<\/p>\n<ul>\n<li>Tymczasowe (inaczej sesyjne), kt\u00f3re pozostaj\u0105 na Twoim komputerze do momentu zamkni\u0119cia przegl\u0105darki internetowej, a nast\u0119pnie zostaj\u0105 usuni\u0119te.<\/li>\n<li>Sta\u0142e (inaczej trwa\u0142e), kt\u00f3re pozostaj\u0105 zapisane w Twojej przegl\u0105darce przez d\u0142u\u017cszy czas (w zale\u017cno\u015bci od ustawie\u0144 Twojej przegl\u0105darki i ustawie\u0144 samych plik\u00f3w cookie) lub do momentu ich r\u0119cznego usuni\u0119cia.<\/li>\n<\/ul>\n<p>Na naszej stronie internetowej wykorzystujemy nast\u0119puj\u0105ce rodzaje plik\u00f3w cookie:<\/p>\n<ul>\n<li>Techniczne (tymczasowe) pliki cookie, niezb\u0119dne do zapewnienia podstawowego funkcjonowania stron internetowych, np. mo\u017cliwo\u015bci dodawania produkt\u00f3w do koszyka, przetwarzania zakupu i wy\u015bwietlania wersji witryny wymagaj\u0105cej lub niewymagaj\u0105cej obs\u0142ugi JavaScript.<\/li>\n<li>Pliki cookie YouTube (tymczasowe i sta\u0142e) wykorzystywane przez odtwarzacz wideo YouTube. Pliki cookie s\u0105 zapisywane na Twoim komputerze w momencie uruchomienia odtwarzacza.<\/li>\n<li>Pliki cookie Google Analytics (sta\u0142e), kt\u00f3re pozwalaj\u0105 nam lepiej dostosowywa\u0107 witryny. U\u017cywamy ich do zbierania i analizy anonimowych danych na temat zachowa\u0144 u\u017cytkownik\u00f3w z u\u017cyciem narz\u0119dzia Google Analytics.<\/li>\n<li>Pliki cookie AdWords (sta\u0142e) generowane przez system reklamowy. Pliki te umo\u017cliwiaj\u0105 ocen\u0119 efektywno\u015bci kana\u0142\u00f3w sprzeda\u017cy.<\/li>\n<li>Pliki cookie Facebook (tymczasowe i sta\u0142e) wykorzystywane przez wid\u017cet Facebooka i przechowywane w serwisie Facebook.<\/li>\n<li>Nigdy nie u\u017cywamy plik\u00f3w cookie do identyfikacji u\u017cytkownika i nigdy nie umieszczamy w nich danych wra\u017cliwych lub osobowych.<\/li>\n<\/ul>\n<p><strong>Jak zmieni\u0107 spos\u00f3b wykorzystywania plik\u00f3w cookie?<\/strong><\/p>\n<p>Mo\u017cesz usun\u0105\u0107 dowolne pliki cookie, kt\u00f3re ju\u017c znajduj\u0105 si\u0119 na Twoim komputerze. Wi\u0119kszo\u015b\u0107 przegl\u0105darek oferuje r\u00f3wnie\u017c opcj\u0119 blokowania umieszczania plik\u00f3w cookie na Twoim komputerze, jednak w takim przypadku nie b\u0119dzie mo\u017cna korzysta\u0107 ze wszystkich naszych us\u0142ug online. Bardziej szczeg\u00f3\u0142owe informacje na temat ustawie\u0144 plik\u00f3w cookie w Twojej przegl\u0105darce znale\u017a\u0107 mo\u017cesz na stronie internetowej dostawcy przegl\u0105darki. Szczeg\u00f3\u0142owe informacje znajdziesz na stronie AboutCookies.org.<\/p>\n<p><strong>Korzystanie z Google Analytics<\/strong><\/p>\n<p>Ta strona internetowa korzysta z us\u0142ugi Google Analytics dostarczanej przez Google, Inc. (zwanej dalej \u201eGoogle\u201d). Us\u0142uga Google Analytics wykorzystuje pliki cookie. Informacje o korzystaniu ze strony internetowej wraz z zawarto\u015bci\u0105 ka\u017cdego z plik\u00f3w cookie b\u0119d\u0105 przekazywane przez Google i przechowywane na serwerach znajduj\u0105cych si\u0119 w Stanach Zjednoczonych. Google wykorzysta takie informacje do oceny sposobu korzystania ze strony internetowej i tworzenia raport\u00f3w dla administratora dotycz\u0105cych jej dzia\u0142ania, a tak\u017ce w celu \u015bwiadczenia dodatkowych us\u0142ug zwi\u0105zanych z aktywno\u015bci\u0105 na stronie internetowej i korzystaniem z Internetu w og\u00f3le. Google mo\u017ce r\u00f3wnie\u017c udost\u0119pnia\u0107 takie informacje osobom trzecim \u2013 je\u017celi wymagaj\u0105 tego przepisy prawa, lub je\u017celi powierza przetwarzanie takich informacji osobom trzecim. Us\u0142uga Google Analytics zosta\u0142a rozszerzona tak, aby uwzgl\u0119dni\u0107 powi\u0105zane funkcje reklamowe udost\u0119pniane przez Google, w szczeg\u00f3lno\u015bci:<\/p>\n<ul>\n<li>Podgl\u0105d \u201eekran\u00f3w\u201d w sieci reklamowej Google,<\/li>\n<li>Remarketing (wy\u015bwietlanie reklam w sieci partnerskiej w oparciu o wyszukiwania produkt\u00f3w),<\/li>\n<li>Rozszerzony podgl\u0105d danych demograficznych (raportowanie anonimowych danych demograficznych).<\/li>\n<\/ul>\n<p>Wi\u0119cej informacji na temat przetwarzania i wykorzystywania danych znale\u017a\u0107 mo\u017cna w Warunkach wsp\u00f3\u0142pracy Google.<\/p>\n<p><strong>Jak zablokowa\u0107 opcj\u0119 \u015bledzenia przez Google Analytics?<\/strong><\/p>\n<p>Je\u017celi chcesz zablokowa\u0107 wysy\u0142anie anonimowych statystyk za po\u015brednictwem Google Analytics, mo\u017cesz u\u017cy\u0107 wtyczki udost\u0119pnianej w tym celu przez Google. Wtyczk\u0119 nale\u017cy pobra\u0107 i zainstalowa\u0107 we w\u0142asnej przegl\u0105darce.<\/p>\n<\/div>\n<p>[\/vc_column_text][\/vc_column][\/vc_row]<\/p>\n<\/div>","protected":false},"excerpt":{"rendered":"<p>[vc_row][vc_column][vc_column_text] Polityka dotycz\u0105ca plik\u00f3w cookie Czym s\u0105 pliki cookie? S\u0105 to niewielkie pliki z danymi, niezb\u0119dne do obs\u0142ugi niekt\u00f3rych funkcji stron internetowych, takich jak logowanie. Pliki cookie umo\u017cliwiaj\u0105 witrynom zapami\u0119tywanie r\u00f3\u017cnorodnych ustawie\u0144, takich jak j\u0119zyk, czcionka i inne opcje, kt\u00f3re samodzielnie wybra\u0142e\u015b w zwi\u0105zku z wy\u015bwietlaniem stron internetowych. Dlatego przechowujemy pliki cookie na Twoim komputerze.&hellip;<\/p>\n","protected":false},"author":1,"featured_media":0,"parent":0,"menu_order":0,"comment_status":"closed","ping_status":"closed","template":"","meta":{"footnotes":"","_wp_rev_ctl_limit":""},"class_list":["post-57373","page","type-page","status-publish","hentry","description-off"],"yoast_head":"<!-- This site is optimized with the Yoast SEO plugin v26.0 - https:\/\/yoast.com\/wordpress\/plugins\/seo\/ -->\n<title>Polityka dotycz\u0105ca plik\u00f3w cookie - Focus Language Audit<\/title>\n<meta name=\"description\" content=\"Pliki cookie umo\u017cliwiaj\u0105 witrynom zapami\u0119tywanie r\u00f3\u017cnorodnych ustawie\u0144, takich jak j\u0119zyk, czcionka i inne opcje, kt\u00f3re samodzielnie wybra\u0142e\u015b\" \/>\n<meta name=\"robots\" content=\"index, follow, max-snippet:-1, max-image-preview:large, max-video-preview:-1\" \/>\n<link rel=\"canonical\" href=\"https:\/\/focusaudits.eu\/pl\/polityka-dotyczaca-plikow-cookie\/\" \/>\n<meta property=\"og:locale\" content=\"pl_PL\" \/>\n<meta property=\"og:type\" content=\"article\" \/>\n<meta property=\"og:title\" content=\"Polityka dotycz\u0105ca plik\u00f3w cookie - Focus Language Audit\" \/>\n<meta property=\"og:description\" content=\"Pliki cookie umo\u017cliwiaj\u0105 witrynom zapami\u0119tywanie r\u00f3\u017cnorodnych ustawie\u0144, takich jak j\u0119zyk, czcionka i inne opcje, kt\u00f3re samodzielnie wybra\u0142e\u015b\" \/>\n<meta property=\"og:url\" content=\"https:\/\/focusaudits.eu\/pl\/polityka-dotyczaca-plikow-cookie\/\" \/>\n<meta property=\"og:site_name\" content=\"Focus Language Audit\" \/>\n<meta property=\"article:modified_time\" content=\"2021-05-26T08:27:45+00:00\" \/>\n<meta name=\"twitter:card\" content=\"summary_large_image\" \/>\n<meta name=\"twitter:label1\" content=\"Szacowany czas czytania\" \/>\n\t<meta name=\"twitter:data1\" content=\"3 minuty\" \/>\n<script type=\"application\/ld+json\" class=\"yoast-schema-graph\">{\"@context\":\"https:\/\/schema.org\",\"@graph\":[{\"@type\":\"WebPage\",\"@id\":\"https:\/\/focusaudits.eu\/pl\/polityka-dotyczaca-plikow-cookie\/\",\"url\":\"https:\/\/focusaudits.eu\/pl\/polityka-dotyczaca-plikow-cookie\/\",\"name\":\"Polityka dotycz\u0105ca plik\u00f3w cookie - Focus Language Audit\",\"isPartOf\":{\"@id\":\"https:\/\/focusaudits.eu\/pl\/#website\"},\"datePublished\":\"2020-03-20T11:55:46+00:00\",\"dateModified\":\"2021-05-26T08:27:45+00:00\",\"description\":\"Pliki cookie umo\u017cliwiaj\u0105 witrynom zapami\u0119tywanie r\u00f3\u017cnorodnych ustawie\u0144, takich jak j\u0119zyk, czcionka i inne opcje, kt\u00f3re samodzielnie wybra\u0142e\u015b\",\"breadcrumb\":{\"@id\":\"https:\/\/focusaudits.eu\/pl\/polityka-dotyczaca-plikow-cookie\/#breadcrumb\"},\"inLanguage\":\"pl-PL\",\"potentialAction\":[{\"@type\":\"ReadAction\",\"target\":[\"https:\/\/focusaudits.eu\/pl\/polityka-dotyczaca-plikow-cookie\/\"]}]},{\"@type\":\"BreadcrumbList\",\"@id\":\"https:\/\/focusaudits.eu\/pl\/polityka-dotyczaca-plikow-cookie\/#breadcrumb\",\"itemListElement\":[{\"@type\":\"ListItem\",\"position\":1,\"name\":\"Strona g\u0142\u00f3wna\",\"item\":\"https:\/\/focusaudits.eu\/pl\/\"},{\"@type\":\"ListItem\",\"position\":2,\"name\":\"Polityka dotycz\u0105ca plik\u00f3w cookie\"}]},{\"@type\":\"WebSite\",\"@id\":\"https:\/\/focusaudits.eu\/pl\/#website\",\"url\":\"https:\/\/focusaudits.eu\/pl\/\",\"name\":\"Focus Language Audit\",\"description\":\"Assessment of the language skills\",\"publisher\":{\"@id\":\"https:\/\/focusaudits.eu\/pl\/#organization\"},\"potentialAction\":[{\"@type\":\"SearchAction\",\"target\":{\"@type\":\"EntryPoint\",\"urlTemplate\":\"https:\/\/focusaudits.eu\/pl\/?s={search_term_string}\"},\"query-input\":{\"@type\":\"PropertyValueSpecification\",\"valueRequired\":true,\"valueName\":\"search_term_string\"}}],\"inLanguage\":\"pl-PL\"},{\"@type\":\"Organization\",\"@id\":\"https:\/\/focusaudits.eu\/pl\/#organization\",\"name\":\"Focus Language Audit\",\"url\":\"https:\/\/focusaudits.eu\/pl\/\",\"logo\":{\"@type\":\"ImageObject\",\"inLanguage\":\"pl-PL\",\"@id\":\"https:\/\/focusaudits.eu\/pl\/#\/schema\/logo\/image\/\",\"url\":\"https:\/\/focusaudits.eu\/wp-content\/uploads\/2020\/03\/flogo.png\",\"contentUrl\":\"https:\/\/focusaudits.eu\/wp-content\/uploads\/2020\/03\/flogo.png\",\"width\":142,\"height\":52,\"caption\":\"Focus Language Audit\"},\"image\":{\"@id\":\"https:\/\/focusaudits.eu\/pl\/#\/schema\/logo\/image\/\"}}]}<\/script>\n<!-- \/ Yoast SEO plugin. -->","yoast_head_json":{"title":"Polityka dotycz\u0105ca plik\u00f3w cookie - Focus Language Audit","description":"Pliki cookie umo\u017cliwiaj\u0105 witrynom zapami\u0119tywanie r\u00f3\u017cnorodnych ustawie\u0144, takich jak j\u0119zyk, czcionka i inne opcje, kt\u00f3re samodzielnie wybra\u0142e\u015b","robots":{"index":"index","follow":"follow","max-snippet":"max-snippet:-1","max-image-preview":"max-image-preview:large","max-video-preview":"max-video-preview:-1"},"canonical":"https:\/\/focusaudits.eu\/pl\/polityka-dotyczaca-plikow-cookie\/","og_locale":"pl_PL","og_type":"article","og_title":"Polityka dotycz\u0105ca plik\u00f3w cookie - Focus Language Audit","og_description":"Pliki cookie umo\u017cliwiaj\u0105 witrynom zapami\u0119tywanie r\u00f3\u017cnorodnych ustawie\u0144, takich jak j\u0119zyk, czcionka i inne opcje, kt\u00f3re samodzielnie wybra\u0142e\u015b","og_url":"https:\/\/focusaudits.eu\/pl\/polityka-dotyczaca-plikow-cookie\/","og_site_name":"Focus Language Audit","article_modified_time":"2021-05-26T08:27:45+00:00","twitter_card":"summary_large_image","twitter_misc":{"Szacowany czas czytania":"3 minuty"},"schema":{"@context":"https:\/\/schema.org","@graph":[{"@type":"WebPage","@id":"https:\/\/focusaudits.eu\/pl\/polityka-dotyczaca-plikow-cookie\/","url":"https:\/\/focusaudits.eu\/pl\/polityka-dotyczaca-plikow-cookie\/","name":"Polityka dotycz\u0105ca plik\u00f3w cookie - Focus Language Audit","isPartOf":{"@id":"https:\/\/focusaudits.eu\/pl\/#website"},"datePublished":"2020-03-20T11:55:46+00:00","dateModified":"2021-05-26T08:27:45+00:00","description":"Pliki cookie umo\u017cliwiaj\u0105 witrynom zapami\u0119tywanie r\u00f3\u017cnorodnych ustawie\u0144, takich jak j\u0119zyk, czcionka i inne opcje, kt\u00f3re samodzielnie wybra\u0142e\u015b","breadcrumb":{"@id":"https:\/\/focusaudits.eu\/pl\/polityka-dotyczaca-plikow-cookie\/#breadcrumb"},"inLanguage":"pl-PL","potentialAction":[{"@type":"ReadAction","target":["https:\/\/focusaudits.eu\/pl\/polityka-dotyczaca-plikow-cookie\/"]}]},{"@type":"BreadcrumbList","@id":"https:\/\/focusaudits.eu\/pl\/polityka-dotyczaca-plikow-cookie\/#breadcrumb","itemListElement":[{"@type":"ListItem","position":1,"name":"Strona g\u0142\u00f3wna","item":"https:\/\/focusaudits.eu\/pl\/"},{"@type":"ListItem","position":2,"name":"Polityka dotycz\u0105ca plik\u00f3w cookie"}]},{"@type":"WebSite","@id":"https:\/\/focusaudits.eu\/pl\/#website","url":"https:\/\/focusaudits.eu\/pl\/","name":"Focus Language Audit","description":"Assessment of the language skills","publisher":{"@id":"https:\/\/focusaudits.eu\/pl\/#organization"},"potentialAction":[{"@type":"SearchAction","target":{"@type":"EntryPoint","urlTemplate":"https:\/\/focusaudits.eu\/pl\/?s={search_term_string}"},"query-input":{"@type":"PropertyValueSpecification","valueRequired":true,"valueName":"search_term_string"}}],"inLanguage":"pl-PL"},{"@type":"Organization","@id":"https:\/\/focusaudits.eu\/pl\/#organization","name":"Focus Language Audit","url":"https:\/\/focusaudits.eu\/pl\/","logo":{"@type":"ImageObject","inLanguage":"pl-PL","@id":"https:\/\/focusaudits.eu\/pl\/#\/schema\/logo\/image\/","url":"https:\/\/focusaudits.eu\/wp-content\/uploads\/2020\/03\/flogo.png","contentUrl":"https:\/\/focusaudits.eu\/wp-content\/uploads\/2020\/03\/flogo.png","width":142,"height":52,"caption":"Focus Language Audit"},"image":{"@id":"https:\/\/focusaudits.eu\/pl\/#\/schema\/logo\/image\/"}}]}},"_links":{"self":[{"href":"https:\/\/focusaudits.eu\/pl\/wp-json\/wp\/v2\/pages\/57373","targetHints":{"allow":["GET"]}}],"collection":[{"href":"https:\/\/focusaudits.eu\/pl\/wp-json\/wp\/v2\/pages"}],"about":[{"href":"https:\/\/focusaudits.eu\/pl\/wp-json\/wp\/v2\/types\/page"}],"author":[{"embeddable":true,"href":"https:\/\/focusaudits.eu\/pl\/wp-json\/wp\/v2\/users\/1"}],"replies":[{"embeddable":true,"href":"https:\/\/focusaudits.eu\/pl\/wp-json\/wp\/v2\/comments?post=57373"}],"version-history":[{"count":0,"href":"https:\/\/focusaudits.eu\/pl\/wp-json\/wp\/v2\/pages\/57373\/revisions"}],"wp:attachment":[{"href":"https:\/\/focusaudits.eu\/pl\/wp-json\/wp\/v2\/media?parent=57373"}],"curies":[{"name":"wp","href":"https:\/\/api.w.org\/{rel}","templated":true}]}}