{"id":58804,"date":"2020-04-23T11:38:29","date_gmt":"2020-04-23T09:38:29","guid":{"rendered":"http:\/\/wp.focusaudits.eu\/?page_id=58804"},"modified":"2021-05-13T15:47:48","modified_gmt":"2021-05-13T13:47:48","slug":"wyprobuj-demo","status":"publish","type":"page","link":"https:\/\/focusaudits.eu\/pl\/wyprobuj-demo\/","title":{"rendered":"Wypr\u00f3buj demo"},"content":{"rendered":"<div class=\"wpb-content-wrapper\"><p>[vc_row bg_type=&#8221;image&#8221; parallax_style=&#8221;vcpb-vz-jquery&#8221; bg_image_new=&#8221;id^57972|url^http:\/\/wp.focusaudits.eu\/wp-content\/uploads\/2020\/04\/focus-audit-tool.jpg|caption^null|alt^focus audit tool|title^focus audit tool|description^null&#8221; bg_image_repeat=&#8221;no-repeat&#8221; bg_override=&#8221;full&#8221; enable_overlay=&#8221;enable_overlay_value&#8221; overlay_color=&#8221;rgba(0,0,0,0.5)&#8221; overlay_pattern=&#8221;transperant&#8221; type=&#8221;vc_default&#8221; css=&#8221;.vc_custom_1585739977270{padding-top: 100px !important;padding-right: 25px !important;padding-bottom: 100px !important;padding-left: 25px !important;}&#8221;][vc_column][vc_row_inner css=&#8221;.vc_custom_1587637483414{margin-top: 100px !important;padding-top: 40px !important;padding-right: 40px !important;padding-bottom: 40px !important;padding-left: 40px !important;background-color: #ffffff !important;}&#8221;][vc_column_inner]<div id=\"ultimate-heading-641969e765931ea2b\" class=\"uvc-heading ult-adjust-bottom-margin ultimate-heading-641969e765931ea2b uvc-2812 accent-border-color uvc-heading-default-font-sizes\" data-hspacer=\"line_only\"  data-halign=\"center\" style=\"text-align:center\"><div class=\"uvc-main-heading ult-responsive\"  data-ultimate-target='.uvc-heading.ultimate-heading-641969e765931ea2b h1'  data-responsive-json-new='{\"font-size\":\"\",\"line-height\":\"\"}' ><h1 style=\"font-weight:bold;margin-bottom:15px;\">Wypr\u00f3buj demo<\/h1><\/div><div class=\"uvc-heading-spacer line_only\" style=\"margin-bottom:15px;height:4px;\"><span class=\"uvc-headings-line\" style=\"border-style:solid;border-bottom-width:4px;border-color:;width:200px;\"><\/span><\/div><div class=\"uvc-sub-heading ult-responsive\"  data-ultimate-target='.uvc-heading.ultimate-heading-641969e765931ea2b .uvc-sub-heading '  data-responsive-json-new='{\"font-size\":\"\",\"line-height\":\"\"}'  style=\"font-weight:normal;\"><\/p>\n<p style=\"text-align: center;\">Test w wersji demo obejmuje po kilka specjalnie przygotowanych pyta\u0144 ze wszystkich dost\u0119pnych sekcji \u2013 s\u0142u\u017cy on zapoznaniu si\u0119 z naszym narz\u0119dziem i nie ocenia poziomu znajomo\u015bci j\u0119zyka.<\/p>\n<p style=\"text-align: center;\">Wype\u0142nij poni\u017cszy formularz, a w przeci\u0105gu maksymalnie kilku godzin dostaniesz darmowy dost\u0119p do wersji demo testu.<\/p>\n<p><\/div><\/div>[vc_empty_space height=&#8221;10px&#8221;]\n<div class=\"wpcf7 no-js\" id=\"wpcf7-f57196-o1\" lang=\"pl-PL\" dir=\"ltr\" data-wpcf7-id=\"57196\">\n<div class=\"screen-reader-response\"><p role=\"status\" aria-live=\"polite\" aria-atomic=\"true\"><\/p> <ul><\/ul><\/div>\n<form action=\"\/pl\/wp-json\/wp\/v2\/pages\/58804#wpcf7-f57196-o1\" method=\"post\" class=\"wpcf7-form init\" aria-label=\"Formularz kontaktowy\" novalidate=\"novalidate\" data-status=\"init\">\n<fieldset class=\"hidden-fields-container\"><input type=\"hidden\" name=\"_wpcf7\" value=\"57196\" \/><input type=\"hidden\" name=\"_wpcf7_version\" value=\"6.1.1\" \/><input type=\"hidden\" name=\"_wpcf7_locale\" value=\"pl_PL\" \/><input type=\"hidden\" name=\"_wpcf7_unit_tag\" value=\"wpcf7-f57196-o1\" \/><input type=\"hidden\" name=\"_wpcf7_container_post\" value=\"0\" \/><input type=\"hidden\" name=\"_wpcf7_posted_data_hash\" value=\"\" \/>\n<\/fieldset>\n<p><label> Imi\u0119*<br \/>\n<span class=\"wpcf7-form-control-wrap\" data-name=\"text-1\"><input size=\"40\" maxlength=\"50\" class=\"wpcf7-form-control wpcf7-text wpcf7-validates-as-required\" aria-required=\"true\" aria-invalid=\"false\" value=\"\" type=\"text\" name=\"text-1\" \/><\/span><\/label>\n<\/p>\n<p><label> Nazwisko*<br \/>\n<span class=\"wpcf7-form-control-wrap\" data-name=\"text-2\"><input size=\"40\" maxlength=\"50\" class=\"wpcf7-form-control wpcf7-text wpcf7-validates-as-required\" aria-required=\"true\" aria-invalid=\"false\" value=\"\" type=\"text\" name=\"text-2\" \/><\/span><\/label>\n<\/p>\n<p><label> E-mail*<br \/>\n<span class=\"wpcf7-form-control-wrap\" data-name=\"email\"><input size=\"40\" maxlength=\"400\" class=\"wpcf7-form-control wpcf7-email wpcf7-validates-as-required wpcf7-text wpcf7-validates-as-email\" aria-required=\"true\" aria-invalid=\"false\" value=\"\" type=\"email\" name=\"email\" \/><\/span> <\/label>\n<\/p>\n<p><label> Telefon<br \/>\n<span class=\"wpcf7-form-control-wrap\" data-name=\"tel-1\"><input size=\"40\" maxlength=\"400\" class=\"wpcf7-form-control wpcf7-tel wpcf7-text wpcf7-validates-as-tel\" aria-invalid=\"false\" value=\"\" type=\"tel\" name=\"tel-1\" \/><\/span><\/label>\n<\/p>\n<p><label> Firma*<br \/>\n<span class=\"wpcf7-form-control-wrap\" data-name=\"text-3\"><input size=\"40\" maxlength=\"400\" class=\"wpcf7-form-control wpcf7-text wpcf7-validates-as-required\" aria-required=\"true\" aria-invalid=\"false\" value=\"\" type=\"text\" name=\"text-3\" \/><\/span> <\/label>\n<\/p>\n<p><label> Testowany j\u0119zyk*<br \/>\n<span class=\"wpcf7-form-control-wrap\" data-name=\"menu-1\"><select class=\"wpcf7-form-control wpcf7-select wpcf7-validates-as-required\" aria-required=\"true\" aria-invalid=\"false\" name=\"menu-1\"><option value=\"angielski\">angielski<\/option><\/select><\/span><\/label>\n<\/p>\n<p><label> J\u0119zyk komunikacji*<br \/>\n<span class=\"wpcf7-form-control-wrap\" data-name=\"menu-2\"><select class=\"wpcf7-form-control wpcf7-select wpcf7-validates-as-required\" aria-required=\"true\" aria-invalid=\"false\" name=\"menu-2\"><option value=\"en\">en<\/option><option value=\"pl\">pl<\/option><option value=\"fr\">fr<\/option><option value=\"de\">de<\/option><\/select><\/span><\/label>\n<\/p>\n<p><span class=\"wpcf7-form-control-wrap\" data-name=\"acceptance-330\"><span class=\"wpcf7-form-control wpcf7-acceptance\"><span class=\"wpcf7-list-item\"><label><input type=\"checkbox\" name=\"acceptance-330\" value=\"1\" aria-invalid=\"false\" \/><span class=\"wpcf7-list-item-label\">Zgadzam si\u0119 na przetwarzanie moich danych osobowych przez sp\u00f3\u0142k\u0119 Skrivanek sp. z o. o. w celu umo\u017cliwienia mi wykonania bezp\u0142atnej wersji demo testu j\u0119zykowego*:<\/span><\/label><\/span><\/span><\/span>\n<\/p>\n<p style=\"font-size: small; line-height: 110%;\">1. Administratorem podanych danych osobowych jest Skrivanek sp. z o. o. z siedzib\u0105 w Warszawie, ul. \u015aniadeckich 17 (00-654), adres e-mail: contact@focusaudits.eu. Kontakt do Inspektora Ochrony Danych: iodo@skrivanek.pl.<br \/>\n2. Cel i podstawa prawna przetwarzania oraz czas przechowywania danych:<br \/>\n2.1. Cel: realizacja wersji demo testu znajomo\u015bci j\u0119zyka (oraz kontakt w celu przedstawienia oferty). Podstawa przetwarzania: zgoda. Dane b\u0119d\u0105 przetwarzane do czasu wykonania us\u0142ugi.<br \/>\n2.2. Cel archiwalny: dla zabezpieczenia informacji na wypadek prawnej potrzeby wykazania fakt\u00f3w. Podstawa przetwarzania: realizacja prawnie uzasadnionego interesu administratora danych. Czas przetwarzania: okres niezb\u0119dny do ochrony interes\u00f3w Skrivanek sp. z o.o.<br \/>\n3. Odbiorcami danych mog\u0105 by\u0107 dostawcy, kt\u00f3rzy \u015bwiadcz\u0105 us\u0142ugi w imieniu Skrivanek sp. z o.o. (podmioty przetwarzaj\u0105ce). Podanie danych jest dobrowolne, ale niezb\u0119dne do wykonania us\u0142ugi (wersji demo testu).<br \/>\n4. Prawa os\u00f3b, kt\u00f3rych dane dotycz\u0105:<br \/>\n4.1. Dost\u0119pu do danych i \u017c\u0105dania ich sprostowania.<br \/>\n4.2. Sprzeciw wobec przetwarzania danych.<br \/>\n4.3. Wycofanie zgody.<br \/>\n4.4. Ograniczenia przetwarzania danych lub do ich usuni\u0119cie (prawo do bycia zapomnianym).<br \/>\n4.5. Przenoszenia danych osobowych. O powy\u017csze nale\u017cy zwr\u00f3ci\u0107 si\u0119 poprzez wys\u0142anie stosownej wiadomo\u015bci na adres: iodo@skrivanek.pl.<br \/>\n4.6. Prawo wniesienia skargi do organu nadzorczego zajmuj\u0105cego si\u0119 ochron\u0105 danych.<br \/>\n5. Masz r\u00f3wnie\u017c prawo wniesienia skargi do polskiego organu nadzorczego (https:\/\/www.uodo.gov.pl\/pl\/p\/kontakt).\n<\/p>\n<p><input class=\"wpcf7-form-control wpcf7-submit has-spinner\" type=\"submit\" value=\"Wy\u015blij\" \/>\n<\/p><div class=\"wpcf7-response-output\" aria-hidden=\"true\"><\/div>\n<\/form>\n<\/div>\n[\/vc_column_inner][\/vc_row_inner][\/vc_column][\/vc_row]<\/p>\n<\/div>","protected":false},"excerpt":{"rendered":"<p>[vc_row bg_type=&#8221;image&#8221; parallax_style=&#8221;vcpb-vz-jquery&#8221; bg_image_new=&#8221;id^57972|url^http:\/\/wp.focusaudits.eu\/wp-content\/uploads\/2020\/04\/focus-audit-tool.jpg|caption^null|alt^focus audit tool|title^focus audit tool|description^null&#8221; bg_image_repeat=&#8221;no-repeat&#8221; bg_override=&#8221;full&#8221; enable_overlay=&#8221;enable_overlay_value&#8221; overlay_color=&#8221;rgba(0,0,0,0.5)&#8221; overlay_pattern=&#8221;transperant&#8221; type=&#8221;vc_default&#8221; css=&#8221;.vc_custom_1585739977270{padding-top: 100px !important;padding-right: 25px !important;padding-bottom: 100px !important;padding-left: 25px !important;}&#8221;][vc_column][vc_row_inner css=&#8221;.vc_custom_1587637483414{margin-top: 100px !important;padding-top: 40px !important;padding-right: 40px !important;padding-bottom: 40px !important;padding-left: 40px !important;background-color: #ffffff !important;}&#8221;][vc_column_inner][vc_empty_space height=&#8221;10px&#8221;][\/vc_column_inner][\/vc_row_inner][\/vc_column][\/vc_row]<\/p>\n","protected":false},"author":1,"featured_media":0,"parent":0,"menu_order":0,"comment_status":"closed","ping_status":"closed","template":"","meta":{"footnotes":"","_wp_rev_ctl_limit":""},"class_list":["post-58804","page","type-page","status-publish","hentry","description-off"],"yoast_head":"<!-- This site is optimized with the Yoast SEO plugin v26.0 - https:\/\/yoast.com\/wordpress\/plugins\/seo\/ -->\n<title>Focus Audit tool - Chcesz wypr\u00f3bowa\u0107 nasze testy j\u0119zykowe?<\/title>\n<meta name=\"description\" content=\"Test w wersji demo obejmuje po kilka pyta\u0144 ze wszystkich dost\u0119pnych sekcji \u2013 s\u0142u\u017cy on zapoznaniu si\u0119 z naszym narz\u0119dziem, a nie ocenie znajomo\u015bci j\u0119zyka.\" \/>\n<meta name=\"robots\" content=\"index, follow, max-snippet:-1, max-image-preview:large, max-video-preview:-1\" \/>\n<link rel=\"canonical\" href=\"https:\/\/focusaudits.eu\/pl\/wyprobuj-demo\/\" \/>\n<meta property=\"og:locale\" content=\"pl_PL\" \/>\n<meta property=\"og:type\" content=\"article\" \/>\n<meta property=\"og:title\" content=\"Focus Audit tool - Chcesz wypr\u00f3bowa\u0107 nasze testy j\u0119zykowe?\" \/>\n<meta property=\"og:description\" content=\"Test w wersji demo obejmuje po kilka pyta\u0144 ze wszystkich dost\u0119pnych sekcji \u2013 s\u0142u\u017cy on zapoznaniu si\u0119 z naszym narz\u0119dziem, a nie ocenie znajomo\u015bci j\u0119zyka.\" \/>\n<meta property=\"og:url\" content=\"https:\/\/focusaudits.eu\/pl\/wyprobuj-demo\/\" \/>\n<meta property=\"og:site_name\" content=\"Focus Language Audit\" \/>\n<meta property=\"article:modified_time\" content=\"2021-05-13T13:47:48+00:00\" \/>\n<meta name=\"twitter:card\" content=\"summary_large_image\" \/>\n<meta name=\"twitter:label1\" content=\"Szacowany czas czytania\" \/>\n\t<meta name=\"twitter:data1\" content=\"1 minuta\" \/>\n<script type=\"application\/ld+json\" class=\"yoast-schema-graph\">{\"@context\":\"https:\/\/schema.org\",\"@graph\":[{\"@type\":\"WebPage\",\"@id\":\"https:\/\/focusaudits.eu\/pl\/wyprobuj-demo\/\",\"url\":\"https:\/\/focusaudits.eu\/pl\/wyprobuj-demo\/\",\"name\":\"Focus Audit tool - Chcesz wypr\u00f3bowa\u0107 nasze testy j\u0119zykowe?\",\"isPartOf\":{\"@id\":\"https:\/\/focusaudits.eu\/pl\/#website\"},\"datePublished\":\"2020-04-23T09:38:29+00:00\",\"dateModified\":\"2021-05-13T13:47:48+00:00\",\"description\":\"Test w wersji demo obejmuje po kilka pyta\u0144 ze wszystkich dost\u0119pnych sekcji \u2013 s\u0142u\u017cy on zapoznaniu si\u0119 z naszym narz\u0119dziem, a nie ocenie znajomo\u015bci j\u0119zyka.\",\"breadcrumb\":{\"@id\":\"https:\/\/focusaudits.eu\/pl\/wyprobuj-demo\/#breadcrumb\"},\"inLanguage\":\"pl-PL\",\"potentialAction\":[{\"@type\":\"ReadAction\",\"target\":[\"https:\/\/focusaudits.eu\/pl\/wyprobuj-demo\/\"]}]},{\"@type\":\"BreadcrumbList\",\"@id\":\"https:\/\/focusaudits.eu\/pl\/wyprobuj-demo\/#breadcrumb\",\"itemListElement\":[{\"@type\":\"ListItem\",\"position\":1,\"name\":\"Strona g\u0142\u00f3wna\",\"item\":\"https:\/\/focusaudits.eu\/pl\/\"},{\"@type\":\"ListItem\",\"position\":2,\"name\":\"Wypr\u00f3buj demo\"}]},{\"@type\":\"WebSite\",\"@id\":\"https:\/\/focusaudits.eu\/pl\/#website\",\"url\":\"https:\/\/focusaudits.eu\/pl\/\",\"name\":\"Focus Language Audit\",\"description\":\"Assessment of the language skills\",\"publisher\":{\"@id\":\"https:\/\/focusaudits.eu\/pl\/#organization\"},\"potentialAction\":[{\"@type\":\"SearchAction\",\"target\":{\"@type\":\"EntryPoint\",\"urlTemplate\":\"https:\/\/focusaudits.eu\/pl\/?s={search_term_string}\"},\"query-input\":{\"@type\":\"PropertyValueSpecification\",\"valueRequired\":true,\"valueName\":\"search_term_string\"}}],\"inLanguage\":\"pl-PL\"},{\"@type\":\"Organization\",\"@id\":\"https:\/\/focusaudits.eu\/pl\/#organization\",\"name\":\"Focus Language Audit\",\"url\":\"https:\/\/focusaudits.eu\/pl\/\",\"logo\":{\"@type\":\"ImageObject\",\"inLanguage\":\"pl-PL\",\"@id\":\"https:\/\/focusaudits.eu\/pl\/#\/schema\/logo\/image\/\",\"url\":\"https:\/\/focusaudits.eu\/wp-content\/uploads\/2020\/03\/flogo.png\",\"contentUrl\":\"https:\/\/focusaudits.eu\/wp-content\/uploads\/2020\/03\/flogo.png\",\"width\":142,\"height\":52,\"caption\":\"Focus Language Audit\"},\"image\":{\"@id\":\"https:\/\/focusaudits.eu\/pl\/#\/schema\/logo\/image\/\"}}]}<\/script>\n<!-- \/ Yoast SEO plugin. -->","yoast_head_json":{"title":"Focus Audit tool - Chcesz wypr\u00f3bowa\u0107 nasze testy j\u0119zykowe?","description":"Test w wersji demo obejmuje po kilka pyta\u0144 ze wszystkich dost\u0119pnych sekcji \u2013 s\u0142u\u017cy on zapoznaniu si\u0119 z naszym narz\u0119dziem, a nie ocenie znajomo\u015bci j\u0119zyka.","robots":{"index":"index","follow":"follow","max-snippet":"max-snippet:-1","max-image-preview":"max-image-preview:large","max-video-preview":"max-video-preview:-1"},"canonical":"https:\/\/focusaudits.eu\/pl\/wyprobuj-demo\/","og_locale":"pl_PL","og_type":"article","og_title":"Focus Audit tool - Chcesz wypr\u00f3bowa\u0107 nasze testy j\u0119zykowe?","og_description":"Test w wersji demo obejmuje po kilka pyta\u0144 ze wszystkich dost\u0119pnych sekcji \u2013 s\u0142u\u017cy on zapoznaniu si\u0119 z naszym narz\u0119dziem, a nie ocenie znajomo\u015bci j\u0119zyka.","og_url":"https:\/\/focusaudits.eu\/pl\/wyprobuj-demo\/","og_site_name":"Focus Language Audit","article_modified_time":"2021-05-13T13:47:48+00:00","twitter_card":"summary_large_image","twitter_misc":{"Szacowany czas czytania":"1 minuta"},"schema":{"@context":"https:\/\/schema.org","@graph":[{"@type":"WebPage","@id":"https:\/\/focusaudits.eu\/pl\/wyprobuj-demo\/","url":"https:\/\/focusaudits.eu\/pl\/wyprobuj-demo\/","name":"Focus Audit tool - Chcesz wypr\u00f3bowa\u0107 nasze testy j\u0119zykowe?","isPartOf":{"@id":"https:\/\/focusaudits.eu\/pl\/#website"},"datePublished":"2020-04-23T09:38:29+00:00","dateModified":"2021-05-13T13:47:48+00:00","description":"Test w wersji demo obejmuje po kilka pyta\u0144 ze wszystkich dost\u0119pnych sekcji \u2013 s\u0142u\u017cy on zapoznaniu si\u0119 z naszym narz\u0119dziem, a nie ocenie znajomo\u015bci j\u0119zyka.","breadcrumb":{"@id":"https:\/\/focusaudits.eu\/pl\/wyprobuj-demo\/#breadcrumb"},"inLanguage":"pl-PL","potentialAction":[{"@type":"ReadAction","target":["https:\/\/focusaudits.eu\/pl\/wyprobuj-demo\/"]}]},{"@type":"BreadcrumbList","@id":"https:\/\/focusaudits.eu\/pl\/wyprobuj-demo\/#breadcrumb","itemListElement":[{"@type":"ListItem","position":1,"name":"Strona g\u0142\u00f3wna","item":"https:\/\/focusaudits.eu\/pl\/"},{"@type":"ListItem","position":2,"name":"Wypr\u00f3buj demo"}]},{"@type":"WebSite","@id":"https:\/\/focusaudits.eu\/pl\/#website","url":"https:\/\/focusaudits.eu\/pl\/","name":"Focus Language Audit","description":"Assessment of the language skills","publisher":{"@id":"https:\/\/focusaudits.eu\/pl\/#organization"},"potentialAction":[{"@type":"SearchAction","target":{"@type":"EntryPoint","urlTemplate":"https:\/\/focusaudits.eu\/pl\/?s={search_term_string}"},"query-input":{"@type":"PropertyValueSpecification","valueRequired":true,"valueName":"search_term_string"}}],"inLanguage":"pl-PL"},{"@type":"Organization","@id":"https:\/\/focusaudits.eu\/pl\/#organization","name":"Focus Language Audit","url":"https:\/\/focusaudits.eu\/pl\/","logo":{"@type":"ImageObject","inLanguage":"pl-PL","@id":"https:\/\/focusaudits.eu\/pl\/#\/schema\/logo\/image\/","url":"https:\/\/focusaudits.eu\/wp-content\/uploads\/2020\/03\/flogo.png","contentUrl":"https:\/\/focusaudits.eu\/wp-content\/uploads\/2020\/03\/flogo.png","width":142,"height":52,"caption":"Focus Language Audit"},"image":{"@id":"https:\/\/focusaudits.eu\/pl\/#\/schema\/logo\/image\/"}}]}},"_links":{"self":[{"href":"https:\/\/focusaudits.eu\/pl\/wp-json\/wp\/v2\/pages\/58804","targetHints":{"allow":["GET"]}}],"collection":[{"href":"https:\/\/focusaudits.eu\/pl\/wp-json\/wp\/v2\/pages"}],"about":[{"href":"https:\/\/focusaudits.eu\/pl\/wp-json\/wp\/v2\/types\/page"}],"author":[{"embeddable":true,"href":"https:\/\/focusaudits.eu\/pl\/wp-json\/wp\/v2\/users\/1"}],"replies":[{"embeddable":true,"href":"https:\/\/focusaudits.eu\/pl\/wp-json\/wp\/v2\/comments?post=58804"}],"version-history":[{"count":0,"href":"https:\/\/focusaudits.eu\/pl\/wp-json\/wp\/v2\/pages\/58804\/revisions"}],"wp:attachment":[{"href":"https:\/\/focusaudits.eu\/pl\/wp-json\/wp\/v2\/media?parent=58804"}],"curies":[{"name":"wp","href":"https:\/\/api.w.org\/{rel}","templated":true}]}}