{"id":60700,"date":"2021-11-17T12:51:01","date_gmt":"2021-11-17T11:51:01","guid":{"rendered":"https:\/\/focusaudits.eu\/?page_id=60700"},"modified":"2021-11-22T13:21:53","modified_gmt":"2021-11-22T12:21:53","slug":"audytor-lektor-jezyka-wloskiego","status":"publish","type":"page","link":"https:\/\/focusaudits.eu\/pl\/audytor-lektor-jezyka-wloskiego\/","title":{"rendered":"Audytor \/ lektor j\u0119zyka w\u0142oskiego"},"content":{"rendered":"<div class=\"wpb-content-wrapper\"><p>[vc_row bg_type=&#8221;image&#8221; parallax_style=&#8221;vcpb-vz-jquery&#8221; bg_image_repeat=&#8221;no-repeat&#8221; bg_override=&#8221;full&#8221; enable_overlay=&#8221;enable_overlay_value&#8221; overlay_color=&#8221;rgba(0,0,0,0.5)&#8221; overlay_pattern=&#8221;transperant&#8221; type=&#8221;vc_default&#8221; css=&#8221;.vc_custom_1637146117498{padding-top: 100px !important;padding-right: 25px !important;padding-bottom: 100px !important;padding-left: 25px !important;}&#8221;][vc_column]<div id=\"ultimate-heading-305569d5ceb7e9419\" class=\"uvc-heading ult-adjust-bottom-margin ultimate-heading-305569d5ceb7e9419 uvc-92 accent-border-color uvc-heading-default-font-sizes\" data-hspacer=\"line_only\"  data-halign=\"left\" style=\"text-align:left\"><div class=\"uvc-main-heading ult-responsive\"  data-ultimate-target='.uvc-heading.ultimate-heading-305569d5ceb7e9419 h1'  data-responsive-json-new='{\"font-size\":\"\",\"line-height\":\"\"}' ><h1 style=\"font-weight:bold;margin-bottom:15px;\">Audytor \/ lektor j\u0119zyka w\u0142oskiego<\/h1><\/div><div class=\"uvc-heading-spacer line_only\" style=\"margin-bottom:15px;height:4px;\"><span class=\"uvc-headings-line\" style=\"border-style:solid;border-bottom-width:4px;border-color:;width:200px;\"><\/span><\/div><div class=\"uvc-sub-heading ult-responsive\"  data-ultimate-target='.uvc-heading.ultimate-heading-305569d5ceb7e9419 .uvc-sub-heading '  data-responsive-json-new='{\"font-size\":\"\",\"line-height\":\"\"}'  style=\"font-weight:normal;\">Jeste\u015b lektorem j\u0119zyka w\u0142oskiego i chcesz do\u0142\u0105czy\u0107 do zespo\u0142u Focusa jako audytor? Wype\u0142nij formularz na dole strony!<\/p>\n<p>Realizujemy ciekawe projekty, pracujemy dla \u015bwietnych klient\u00f3w i nieustannie rozwijamy nasz zesp\u00f3\u0142. Zapewniamy wsparcie wdra\u017caj\u0105ce do pracy na platformie oraz sta\u0142\u0105 opiek\u0119 koordynatora.<\/p>\n<p>Nasi audytorzy sprawdzaj\u0105 cz\u0119\u015bci pisanie oraz m\u00f3wienie, przygotowuj\u0105 nowe testy oraz mog\u0105 r\u00f3wnie\u017c podj\u0105\u0107 wsp\u00f3\u0142prac\u0119 jako lektorzy w szkole j\u0119zykowej lub t\u0142umacze.<\/div><\/div>[vc_empty_space height=&#8221;10px&#8221;]\n<div class=\"wpcf7 no-js\" id=\"wpcf7-f59796-o1\" lang=\"pl-PL\" dir=\"ltr\" data-wpcf7-id=\"59796\">\n<div class=\"screen-reader-response\"><p role=\"status\" aria-live=\"polite\" aria-atomic=\"true\"><\/p> <ul><\/ul><\/div>\n<form action=\"\/pl\/wp-json\/wp\/v2\/pages\/60700#wpcf7-f59796-o1\" method=\"post\" class=\"wpcf7-form init\" aria-label=\"Formularz kontaktowy\" enctype=\"multipart\/form-data\" novalidate=\"novalidate\" data-status=\"init\">\n<fieldset class=\"hidden-fields-container\"><input type=\"hidden\" name=\"_wpcf7\" value=\"59796\" \/><input type=\"hidden\" name=\"_wpcf7_version\" value=\"6.1.1\" \/><input type=\"hidden\" name=\"_wpcf7_locale\" value=\"pl_PL\" \/><input type=\"hidden\" name=\"_wpcf7_unit_tag\" value=\"wpcf7-f59796-o1\" \/><input type=\"hidden\" name=\"_wpcf7_container_post\" value=\"0\" \/><input type=\"hidden\" name=\"_wpcf7_posted_data_hash\" value=\"\" \/>\n<\/fieldset>\n<p>Formularz zg\u0142oszeniowy:\n<\/p>\n<p><label> Imi\u0119<br \/>\n<span class=\"wpcf7-form-control-wrap\" data-name=\"your-name\"><input size=\"40\" maxlength=\"400\" class=\"wpcf7-form-control wpcf7-text wpcf7-validates-as-required\" aria-required=\"true\" aria-invalid=\"false\" value=\"\" type=\"text\" name=\"your-name\" \/><\/span> <\/label>\n<\/p>\n<p><label> Nazwisko<br \/>\n<span class=\"wpcf7-form-control-wrap\" data-name=\"your-surname\"><input size=\"40\" maxlength=\"400\" class=\"wpcf7-form-control wpcf7-text wpcf7-validates-as-required\" aria-required=\"true\" aria-invalid=\"false\" value=\"\" type=\"text\" name=\"your-surname\" \/><\/span> <\/label>\n<\/p>\n<p><label> E-mail<br \/>\n<span class=\"wpcf7-form-control-wrap\" data-name=\"your-email\"><input size=\"40\" maxlength=\"400\" class=\"wpcf7-form-control wpcf7-email wpcf7-validates-as-required wpcf7-text wpcf7-validates-as-email\" aria-required=\"true\" aria-invalid=\"false\" value=\"\" type=\"email\" name=\"your-email\" \/><\/span> <\/label>\n<\/p>\n<p><label> Telefon<br \/>\n<span class=\"wpcf7-form-control-wrap\" data-name=\"tel-324\"><input size=\"40\" maxlength=\"400\" class=\"wpcf7-form-control wpcf7-tel wpcf7-validates-as-required wpcf7-text wpcf7-validates-as-tel\" aria-required=\"true\" aria-invalid=\"false\" value=\"\" type=\"tel\" name=\"tel-324\" \/><\/span> <\/label>\n<\/p>\n<p><label> Kraj<br \/>\n<span class=\"wpcf7-form-control-wrap\" data-name=\"text-475\"><input size=\"40\" maxlength=\"400\" class=\"wpcf7-form-control wpcf7-text wpcf7-validates-as-required\" aria-required=\"true\" aria-invalid=\"false\" value=\"\" type=\"text\" name=\"text-475\" \/><\/span> <\/label>\n<\/p>\n<p><label> Dzia\u0142alno\u015b\u0107<br \/>\n<span class=\"wpcf7-form-control-wrap\" data-name=\"checkbox-406\"><span class=\"wpcf7-form-control wpcf7-checkbox wpcf7-validates-as-required\"><span class=\"wpcf7-list-item first\"><label><input type=\"checkbox\" name=\"checkbox-406[]\" value=\"Tak\" \/><span class=\"wpcf7-list-item-label\">Tak<\/span><\/label><\/span><span class=\"wpcf7-list-item last\"><label><input type=\"checkbox\" name=\"checkbox-406[]\" value=\"Nie\" \/><span class=\"wpcf7-list-item-label\">Nie<\/span><\/label><\/span><\/span><\/span> <\/label>\n<\/p>\n<p><label> Nauczane j\u0119zyki:<br \/>\n<span class=\"wpcf7-form-control-wrap\" data-name=\"text-276\"><input size=\"40\" maxlength=\"400\" class=\"wpcf7-form-control wpcf7-text wpcf7-validates-as-required\" aria-required=\"true\" aria-invalid=\"false\" value=\"\" type=\"text\" name=\"text-276\" \/><\/span> <\/label>\n<\/p>\n<p><label> Proponowana stawka brutto za 1 audyt:<br \/>\n<span class=\"wpcf7-form-control-wrap\" data-name=\"number-322\"><input class=\"wpcf7-form-control wpcf7-number wpcf7-validates-as-required wpcf7-validates-as-number\" aria-required=\"true\" aria-invalid=\"false\" value=\"\" type=\"number\" name=\"number-322\" \/><\/span> <\/label>\n<\/p>\n<p><label> CV* (pdf, txt, xls, xlsx, jpg, jpeg, png, pdf, doc, docx, ppt, pptx, odt, zip, rar, 7z)<br \/>\n<span class=\"wpcf7-form-control-wrap\" data-name=\"file-481\"><input size=\"40\" class=\"wpcf7-form-control wpcf7-file wpcf7-validates-as-required\" accept=\".pdf,.txt,.xls,.xlsx,.jpg,.jpeg,.png,.doc,.docx,.ppt,.pptx,.odt,.zip,.rar,.7z\" aria-required=\"true\" aria-invalid=\"false\" type=\"file\" name=\"file-481\" \/><\/span> <\/label><br \/>\n<span class=\"wpcf7-form-control-wrap\" data-name=\"acceptance-930\"><span class=\"wpcf7-form-control wpcf7-acceptance\"><span class=\"wpcf7-list-item\"><label><input type=\"checkbox\" name=\"acceptance-930\" value=\"1\" aria-invalid=\"false\" \/><span class=\"wpcf7-list-item-label\">Potwierdzam prawdziwo\u015b\u0107 podanych danych.*<\/span><\/label><\/span><\/span><\/span><br \/>\n<span class=\"wpcf7-form-control-wrap\" data-name=\"acceptance-341\"><span class=\"wpcf7-form-control wpcf7-acceptance optional\"><span class=\"wpcf7-list-item\"><label><input type=\"checkbox\" name=\"acceptance-341\" value=\"1\" aria-invalid=\"false\" \/><span class=\"wpcf7-list-item-label\">Wyra\u017cam zgod\u0119 na udzia\u0142 w przysz\u0142ych rekrutacjach.<\/span><\/label><\/span><\/span><\/span><br \/>\n<span class=\"wpcf7-form-control-wrap\" data-name=\"acceptance-932\"><span class=\"wpcf7-form-control wpcf7-acceptance\"><span class=\"wpcf7-list-item\"><label><input type=\"checkbox\" name=\"acceptance-932\" value=\"1\" aria-invalid=\"false\" \/><span class=\"wpcf7-list-item-label\">Zapozna\u0142am\/em si\u0119 z klauzul\u0105 informacyjn\u0105 dotycz\u0105c\u0105 przetwarzania danych osobowych przez Skrivanek sp. z o.o. i akceptuj\u0119 jej tre\u015b\u0107.*<\/span><\/label><\/span><\/span><\/span><br \/>\n<input class=\"wpcf7-form-control wpcf7-submit has-spinner\" type=\"submit\" value=\"Wy\u015blij\" \/>\n<\/p><div class=\"wpcf7-response-output\" aria-hidden=\"true\"><\/div>\n<\/form>\n<\/div>\n[vc_empty_space][vc_column_text]<\/p>\n<p style=\"font-size: small; line-height: 110%;\">Klauzula informacyjna<\/p>\n<p style=\"font-size: x-small; line-height: 110%;\">Zgodnie z art. 13 og\u00f3lnego rozporz\u0105dzenia o ochronie danych osobowych (UE) 2016\/679 z dnia 27 kwietnia 2016 r.(RODO) informujemy, i\u017c:<br \/>\n1.Administratorem danych jest Skrivanek sp. z o.o. z siedzib\u0105 w Warszawie, ul. \u015aniadeckich 17.<br \/>\n2.Dane kontaktowe Inspektora Ochrony Danych: iod@skrivanek.pl.<br \/>\n3.Dane zbierane s\u0105 dla potrzeb przeprowadzenia procesu rekrutacji, a w przypadku wyra\u017cenia przez Pani\u0105\/Pana dobrowolnej zgody tak\u017ce dla potrzeb przysz\u0142ych rekrutacji.<br \/>\nDane przetwarzane s\u0105 w celu podj\u0119cia krok\u00f3w przed zawarciem umowy:<br \/>\n\u2022 w przypadku umowy o prac\u0119 &#8211; na podstawie art. 221\u00a71 Kodeksu Pracy (art.6 ust.1 lit. b, c RODO)<br \/>\n\u2022 w przypadku umowy cywilnoprawnej \u2013 na podstawie art. 6 ust.1 lit b RODO.<br \/>\n\u2022 w zakresie danych dodatkowych (innych ni\u017c opisane w art.221\u00a71 Kodeksu Pracy) oraz w przypadku wyra\u017cenia zgody na dalsze rekrutacje &#8211; na podstawie Pani\/Pana zgody (art. 6 ust.1 lit a RODO). Podanie innych danych w zakresie nieokre\u015blonym przepisami prawa, zostanie potraktowane jako zgoda<br \/>\n4.Dane b\u0119d\u0105 przechowywane przez okres trwania rekrutacji, nie d\u0142u\u017cej jednak ni\u017c przez okres 3 miesi\u0119cy lub przez okres 12 miesi\u0119cy &#8211; je\u017celi wyrazi\u0142 Pan\/Pani zgod\u0119 na udzia\u0142 w przysz\u0142ych rekrutacjach. Ponadto Pani\/Pana dane osobowe mo\u017cemy przechowywa\u0107 w razie potrzeby dla cel\u00f3w ewentualnego dochodzenia lub obrony przed roszczeniami zwi\u0105zanymi z procesem rekrutacji przez okres 36 miesi\u0119cy (na podstawie art.6 ust.1 lit.f RODO).<br \/>\n5.Odbiorcami danych w rozumieniu art.4 pkt.9 RODO mog\u0105 by\u0107 uprawnione instytucje okre\u015blone przez przepisy prawa oraz podmioty przetwarzaj\u0105ce, kt\u00f3re \u015bwiadcz\u0105 us\u0142ugi na rzecz administratora i kt\u00f3rym te dane s\u0105 powierzane.<br \/>\n6.Ma Pani\/Pan prawo dost\u0119pu do tre\u015bci swoich danych, ich poprawiania, usuni\u0119cia lub ograniczenia przetwarzania, a tak\u017ce prawo do wniesienia sprzeciwu wobec przetwarzania oraz prawo do przenoszenia danych na zasadach okre\u015blonych w RODO. W zakresie, w jakim dane s\u0105 przetwarzane na podstawie zgody \u2013 ma Pani\/Pan prawo wycofania zgody na przetwarzanie danych w dowolnym momencie. \u017b\u0105danie w sprawie realizacji swoich praw mo\u017cna przes\u0142a\u0107 na adres kontaktowy inspektora ochrony danych, podany powy\u017cej.<br \/>\n7.Ma Pani\/Pan te\u017c prawo wniesienia skargi do organu nadzorczego, tj. Prezesa Urz\u0119du Ochrony Danych Osobowych.<br \/>\n8.Podanie danych w zakresie okre\u015blonym przepisami Kodeksu Pracy jest konieczne do przeprowadzenia rekrutacji, pozosta\u0142e dane przetwarzamy za Pani\/Pana zgod\u0105.<\/p>\n<p>[\/vc_column_text][\/vc_column][\/vc_row]<\/p>\n<\/div>","protected":false},"excerpt":{"rendered":"<p>[vc_row bg_type=&#8221;image&#8221; parallax_style=&#8221;vcpb-vz-jquery&#8221; bg_image_repeat=&#8221;no-repeat&#8221; bg_override=&#8221;full&#8221; enable_overlay=&#8221;enable_overlay_value&#8221; overlay_color=&#8221;rgba(0,0,0,0.5)&#8221; overlay_pattern=&#8221;transperant&#8221; type=&#8221;vc_default&#8221; css=&#8221;.vc_custom_1637146117498{padding-top: 100px !important;padding-right: 25px !important;padding-bottom: 100px !important;padding-left: 25px !important;}&#8221;][vc_column][vc_empty_space height=&#8221;10px&#8221;][vc_empty_space][vc_column_text] Klauzula informacyjna Zgodnie z art. 13 og\u00f3lnego rozporz\u0105dzenia o ochronie danych osobowych (UE) 2016\/679 z dnia 27 kwietnia 2016 r.(RODO) informujemy, i\u017c: 1.Administratorem danych jest Skrivanek sp. z o.o. z siedzib\u0105 w Warszawie, ul. \u015aniadeckich 17.&hellip;<\/p>\n","protected":false},"author":1,"featured_media":0,"parent":0,"menu_order":0,"comment_status":"closed","ping_status":"closed","template":"","meta":{"footnotes":"","_wp_rev_ctl_limit":""},"class_list":["post-60700","page","type-page","status-publish","hentry","description-off"],"yoast_head":"<!-- This site is optimized with the Yoast SEO plugin v26.0 - https:\/\/yoast.com\/wordpress\/plugins\/seo\/ -->\n<title>Audytor \/ lektor j\u0119zyka w\u0142oskiego - Focus Language Audit<\/title>\n<meta name=\"description\" content=\"Jeste\u015b lektorem j\u0119zyka w\u0142oskiego i chcesz do\u0142\u0105czy\u0107 do zespo\u0142u Focusa jako audytor? Wype\u0142nij formularz na naszej stronie!\" \/>\n<meta name=\"robots\" content=\"index, follow, max-snippet:-1, max-image-preview:large, max-video-preview:-1\" \/>\n<link rel=\"canonical\" href=\"https:\/\/focusaudits.eu\/pl\/audytor-lektor-jezyka-wloskiego\/\" \/>\n<meta property=\"og:locale\" content=\"pl_PL\" \/>\n<meta property=\"og:type\" content=\"article\" \/>\n<meta property=\"og:title\" content=\"Audytor \/ lektor j\u0119zyka w\u0142oskiego - Focus Language Audit\" \/>\n<meta property=\"og:description\" content=\"Jeste\u015b lektorem j\u0119zyka w\u0142oskiego i chcesz do\u0142\u0105czy\u0107 do zespo\u0142u Focusa jako audytor? Wype\u0142nij formularz na naszej stronie!\" \/>\n<meta property=\"og:url\" content=\"https:\/\/focusaudits.eu\/pl\/audytor-lektor-jezyka-wloskiego\/\" \/>\n<meta property=\"og:site_name\" content=\"Focus Language Audit\" \/>\n<meta property=\"article:modified_time\" content=\"2021-11-22T12:21:53+00:00\" \/>\n<meta name=\"twitter:card\" content=\"summary_large_image\" \/>\n<meta name=\"twitter:label1\" content=\"Szacowany czas czytania\" \/>\n\t<meta name=\"twitter:data1\" content=\"3 minuty\" \/>\n<script type=\"application\/ld+json\" class=\"yoast-schema-graph\">{\"@context\":\"https:\/\/schema.org\",\"@graph\":[{\"@type\":\"WebPage\",\"@id\":\"https:\/\/focusaudits.eu\/pl\/audytor-lektor-jezyka-wloskiego\/\",\"url\":\"https:\/\/focusaudits.eu\/pl\/audytor-lektor-jezyka-wloskiego\/\",\"name\":\"Audytor \/ lektor j\u0119zyka w\u0142oskiego - Focus Language Audit\",\"isPartOf\":{\"@id\":\"https:\/\/focusaudits.eu\/pl\/#website\"},\"datePublished\":\"2021-11-17T11:51:01+00:00\",\"dateModified\":\"2021-11-22T12:21:53+00:00\",\"description\":\"Jeste\u015b lektorem j\u0119zyka w\u0142oskiego i chcesz do\u0142\u0105czy\u0107 do zespo\u0142u Focusa jako audytor? Wype\u0142nij formularz na naszej stronie!\",\"breadcrumb\":{\"@id\":\"https:\/\/focusaudits.eu\/pl\/audytor-lektor-jezyka-wloskiego\/#breadcrumb\"},\"inLanguage\":\"pl-PL\",\"potentialAction\":[{\"@type\":\"ReadAction\",\"target\":[\"https:\/\/focusaudits.eu\/pl\/audytor-lektor-jezyka-wloskiego\/\"]}]},{\"@type\":\"BreadcrumbList\",\"@id\":\"https:\/\/focusaudits.eu\/pl\/audytor-lektor-jezyka-wloskiego\/#breadcrumb\",\"itemListElement\":[{\"@type\":\"ListItem\",\"position\":1,\"name\":\"Strona g\u0142\u00f3wna\",\"item\":\"https:\/\/focusaudits.eu\/pl\/\"},{\"@type\":\"ListItem\",\"position\":2,\"name\":\"Audytor \/ lektor j\u0119zyka w\u0142oskiego\"}]},{\"@type\":\"WebSite\",\"@id\":\"https:\/\/focusaudits.eu\/pl\/#website\",\"url\":\"https:\/\/focusaudits.eu\/pl\/\",\"name\":\"Focus Language Audit\",\"description\":\"Assessment of the language skills\",\"publisher\":{\"@id\":\"https:\/\/focusaudits.eu\/pl\/#organization\"},\"potentialAction\":[{\"@type\":\"SearchAction\",\"target\":{\"@type\":\"EntryPoint\",\"urlTemplate\":\"https:\/\/focusaudits.eu\/pl\/?s={search_term_string}\"},\"query-input\":{\"@type\":\"PropertyValueSpecification\",\"valueRequired\":true,\"valueName\":\"search_term_string\"}}],\"inLanguage\":\"pl-PL\"},{\"@type\":\"Organization\",\"@id\":\"https:\/\/focusaudits.eu\/pl\/#organization\",\"name\":\"Focus Language Audit\",\"url\":\"https:\/\/focusaudits.eu\/pl\/\",\"logo\":{\"@type\":\"ImageObject\",\"inLanguage\":\"pl-PL\",\"@id\":\"https:\/\/focusaudits.eu\/pl\/#\/schema\/logo\/image\/\",\"url\":\"https:\/\/focusaudits.eu\/wp-content\/uploads\/2020\/03\/flogo.png\",\"contentUrl\":\"https:\/\/focusaudits.eu\/wp-content\/uploads\/2020\/03\/flogo.png\",\"width\":142,\"height\":52,\"caption\":\"Focus Language Audit\"},\"image\":{\"@id\":\"https:\/\/focusaudits.eu\/pl\/#\/schema\/logo\/image\/\"}}]}<\/script>\n<!-- \/ Yoast SEO plugin. -->","yoast_head_json":{"title":"Audytor \/ lektor j\u0119zyka w\u0142oskiego - Focus Language Audit","description":"Jeste\u015b lektorem j\u0119zyka w\u0142oskiego i chcesz do\u0142\u0105czy\u0107 do zespo\u0142u Focusa jako audytor? Wype\u0142nij formularz na naszej stronie!","robots":{"index":"index","follow":"follow","max-snippet":"max-snippet:-1","max-image-preview":"max-image-preview:large","max-video-preview":"max-video-preview:-1"},"canonical":"https:\/\/focusaudits.eu\/pl\/audytor-lektor-jezyka-wloskiego\/","og_locale":"pl_PL","og_type":"article","og_title":"Audytor \/ lektor j\u0119zyka w\u0142oskiego - Focus Language Audit","og_description":"Jeste\u015b lektorem j\u0119zyka w\u0142oskiego i chcesz do\u0142\u0105czy\u0107 do zespo\u0142u Focusa jako audytor? Wype\u0142nij formularz na naszej stronie!","og_url":"https:\/\/focusaudits.eu\/pl\/audytor-lektor-jezyka-wloskiego\/","og_site_name":"Focus Language Audit","article_modified_time":"2021-11-22T12:21:53+00:00","twitter_card":"summary_large_image","twitter_misc":{"Szacowany czas czytania":"3 minuty"},"schema":{"@context":"https:\/\/schema.org","@graph":[{"@type":"WebPage","@id":"https:\/\/focusaudits.eu\/pl\/audytor-lektor-jezyka-wloskiego\/","url":"https:\/\/focusaudits.eu\/pl\/audytor-lektor-jezyka-wloskiego\/","name":"Audytor \/ lektor j\u0119zyka w\u0142oskiego - Focus Language Audit","isPartOf":{"@id":"https:\/\/focusaudits.eu\/pl\/#website"},"datePublished":"2021-11-17T11:51:01+00:00","dateModified":"2021-11-22T12:21:53+00:00","description":"Jeste\u015b lektorem j\u0119zyka w\u0142oskiego i chcesz do\u0142\u0105czy\u0107 do zespo\u0142u Focusa jako audytor? Wype\u0142nij formularz na naszej stronie!","breadcrumb":{"@id":"https:\/\/focusaudits.eu\/pl\/audytor-lektor-jezyka-wloskiego\/#breadcrumb"},"inLanguage":"pl-PL","potentialAction":[{"@type":"ReadAction","target":["https:\/\/focusaudits.eu\/pl\/audytor-lektor-jezyka-wloskiego\/"]}]},{"@type":"BreadcrumbList","@id":"https:\/\/focusaudits.eu\/pl\/audytor-lektor-jezyka-wloskiego\/#breadcrumb","itemListElement":[{"@type":"ListItem","position":1,"name":"Strona g\u0142\u00f3wna","item":"https:\/\/focusaudits.eu\/pl\/"},{"@type":"ListItem","position":2,"name":"Audytor \/ lektor j\u0119zyka w\u0142oskiego"}]},{"@type":"WebSite","@id":"https:\/\/focusaudits.eu\/pl\/#website","url":"https:\/\/focusaudits.eu\/pl\/","name":"Focus Language Audit","description":"Assessment of the language skills","publisher":{"@id":"https:\/\/focusaudits.eu\/pl\/#organization"},"potentialAction":[{"@type":"SearchAction","target":{"@type":"EntryPoint","urlTemplate":"https:\/\/focusaudits.eu\/pl\/?s={search_term_string}"},"query-input":{"@type":"PropertyValueSpecification","valueRequired":true,"valueName":"search_term_string"}}],"inLanguage":"pl-PL"},{"@type":"Organization","@id":"https:\/\/focusaudits.eu\/pl\/#organization","name":"Focus Language Audit","url":"https:\/\/focusaudits.eu\/pl\/","logo":{"@type":"ImageObject","inLanguage":"pl-PL","@id":"https:\/\/focusaudits.eu\/pl\/#\/schema\/logo\/image\/","url":"https:\/\/focusaudits.eu\/wp-content\/uploads\/2020\/03\/flogo.png","contentUrl":"https:\/\/focusaudits.eu\/wp-content\/uploads\/2020\/03\/flogo.png","width":142,"height":52,"caption":"Focus Language Audit"},"image":{"@id":"https:\/\/focusaudits.eu\/pl\/#\/schema\/logo\/image\/"}}]}},"_links":{"self":[{"href":"https:\/\/focusaudits.eu\/pl\/wp-json\/wp\/v2\/pages\/60700","targetHints":{"allow":["GET"]}}],"collection":[{"href":"https:\/\/focusaudits.eu\/pl\/wp-json\/wp\/v2\/pages"}],"about":[{"href":"https:\/\/focusaudits.eu\/pl\/wp-json\/wp\/v2\/types\/page"}],"author":[{"embeddable":true,"href":"https:\/\/focusaudits.eu\/pl\/wp-json\/wp\/v2\/users\/1"}],"replies":[{"embeddable":true,"href":"https:\/\/focusaudits.eu\/pl\/wp-json\/wp\/v2\/comments?post=60700"}],"version-history":[{"count":0,"href":"https:\/\/focusaudits.eu\/pl\/wp-json\/wp\/v2\/pages\/60700\/revisions"}],"wp:attachment":[{"href":"https:\/\/focusaudits.eu\/pl\/wp-json\/wp\/v2\/media?parent=60700"}],"curies":[{"name":"wp","href":"https:\/\/api.w.org\/{rel}","templated":true}]}}