{"id":61568,"date":"2023-03-20T13:03:24","date_gmt":"2023-03-20T12:03:24","guid":{"rendered":"https:\/\/focusaudits.eu\/?post_type=product&#038;p=61568"},"modified":"2023-12-05T11:10:52","modified_gmt":"2023-12-05T10:10:52","slug":"audyt-jezykowy-hiszpanski","status":"publish","type":"product","link":"https:\/\/focusaudits.eu\/pl\/produkt\/audyt-jezykowy-hiszpanski\/","title":{"rendered":"Audyt j\u0119zykowy \u2013 hiszpa\u0144ski"},"content":{"rendered":"<div class=\"wpb-content-wrapper\"><p>[vc_row][vc_column][vc_column_text]<\/p>\n<h2>Test poziomuj\u0105cy hiszpa\u0144ski<\/h2>\n<p>[\/vc_column_text][vc_separator color=&#8221;custom&#8221; accent_color=&#8221;#1e73be&#8221;][\/vc_column][\/vc_row][vc_row][vc_column width=&#8221;1\/2&#8243;][vc_column_text]<\/p>\n<h3>Chcesz dowiedzie\u0107 si\u0119, jaki jest Tw\u00f3j poziom hiszpa\u0144skiego?<\/h3>\n<p>Audyt z hiszpa\u0144skiego to idealne rozwi\u0105zanie dla sprawdzenia znajomo\u015bci j\u0119zyka zgodnie ze skal\u0105 CEFR! Gwarantujemy najwy\u017csz\u0105 jako\u015b\u0107 audyt\u00f3w oraz oceny, kt\u00f3ra dokonywana jest przez wyszkolonych audytor\u00f3w. Rozwi\u0105\u017c test i dowiedz si\u0119, jaka jest Twoja znajomo\u015b\u0107 j\u0119zyka hiszpa\u0144skiego. Wynik w max. dwa dni!<\/p>\n<h3>Hiszpa\u0144ski audyt poziomuj\u0105cy<\/h3>\n<p>to coraz bardziej popularne rozwi\u0105zanie zar\u00f3wno do samodzielnego sprawdzenia wiedzy, jak i weryfikacji kompetencji j\u0119zykowych pracownik\u00f3w oraz kandydat\u00f3w do pracy. Audyt z j\u0119zyka hiszpa\u0144skiego w Focus Audit Tool odbywa si\u0119 w pe\u0142ni zdalnie \u2013 otrzymasz unikalny link do swojego testu, kt\u00f3ry mo\u017cesz wykona\u0107 w 100% online o dowolnej porze: rozpocznij test bez zak\u0142adania konta! Kiedy sko\u0144czysz test, otrzymasz raport w wersji elektronicznej, dzi\u0119ki kt\u00f3remu poznasz og\u00f3lny wynik w skali A0-C1 oraz wyniki i oceny opisowe ka\u017cdej z umiej\u0119tno\u015bci.<\/p>\n<p>Test poziomuj\u0105cy mo\u017ce ocenia\u0107: znajomo\u015b\u0107 s\u0142ownictwa, gramatyki, umiej\u0119tno\u015b\u0107 czytania ze zrozumieniem, pisanie i m\u00f3wienie. Nasz test oceniaj\u0105cy poziom hiszpa\u0144skiego mo\u017ce by\u0107 r\u00f3wnie\u017c wykorzystywany do oceny post\u0119p\u00f3w nauki j\u0119zyka.[\/vc_column_text][\/vc_column][vc_column width=&#8221;1\/2&#8243;][vc_column_text]<\/p>\n<h3>Sprawd\u017a sw\u00f3j poziom j\u0119zyka hiszpa\u0144skiego<\/h3>\n<p>kup audyt poziomuj\u0105cy wykorzystywany przez wiele szk\u00f3\u0142 oraz firm na ca\u0142ym \u015bwiecie, rozwi\u0105\u017c audyt z j\u0119zyka hiszpa\u0144skiego z dowolnego miejsca i poznaj sw\u00f3j wynik nawet tego samego dnia.<\/p>\n<p><strong>Test poziomuj\u0105cy (audyt) pe\u0142ny:<\/strong> gramatyka, s\u0142ownictwo, czytanie, pisanie, m\u00f3wienie. Wyniki w 48 godzin od uko\u0144czenia testu. M\u00f3wienie mo\u017ce zosta\u0107 rozwi\u0105zane poprzez nagranie odpowiedzi w systemie (z wyj\u0105tkiem urz\u0105dze\u0144 mobilnych z systemem iPhone) lub poprzez um\u00f3wienie rozmowy g\u0142osowej z audytorem poprzez Skype lub WhatsApp. \u015aredni czas trwania testu to ok. 1 godziny.<\/p>\n<p><strong>Test poziomuj\u0105cy (audyt) rekrutacyjny:<\/strong> gramatyka, s\u0142ownictwo, pisanie, m\u00f3wienie. Wyniki w 24 godziny od uko\u0144czenia testu. M\u00f3wienie rozwi\u0105zywane jest poprzez nagranie swoich odpowiedzi w systemie (opcja niedost\u0119pna dla urz\u0105dze\u0144 mobilnych z systemem iPhone). \u015aredni czas trwania testu to ok. 30 minut.[\/vc_column_text][\/vc_column][\/vc_row][vc_row][vc_column width=&#8221;1\/3&#8243;][vc_single_image image=&#8221;61580&#8243; img_size=&#8221;full&#8221;][\/vc_column][vc_column width=&#8221;1\/3&#8243;][vc_single_image image=&#8221;61584&#8243; img_size=&#8221;full&#8221;][\/vc_column][vc_column width=&#8221;1\/3&#8243;][vc_single_image image=&#8221;61576&#8243; img_size=&#8221;full&#8221;][\/vc_column][\/vc_row][vc_row full_width=&#8221;stretch_row&#8221; css=&#8221;.vc_custom_1678878291964{background-color: #f4f4f4 !important;background-position: center !important;background-repeat: no-repeat !important;background-size: cover !important;}&#8221;][vc_column][vc_row_inner][vc_column_inner][vc_column_text]<\/p>\n<h5>Wymagania techniczne:<\/h5>\n<h6>Test poziomuj\u0105cy (audyt) pe\u0142ny<\/h6>\n<p>dost\u0119p do urz\u0105dzenia pod\u0142\u0105czonego do Internetu i z przegl\u0105dark\u0105 Google Chrome, Microsoft Edge lub Mozilla Firefox w najnowszej wersji; klawiatur\u0105 i myszk\u0105 lub innym urz\u0105dzeniem umo\u017cliwiaj\u0105cym poprawne wprowadzanie tekstu oraz wybieranie odpowiedzi; g\u0142o\u015bnikami i mikrofonem lub zestawem s\u0142uchawkowym z mikrofonem oraz mo\u017cliwo\u015bci\u0105 odtwarzania plik\u00f3w audio i nagrywania d\u017awi\u0119ku; zainstalowanym programem Skype lub WhatsApp oraz posiadanie aktywnego konta u\u017cytkownika.<\/p>\n<h6>Test poziomuj\u0105cy (audyt) rekrutacyjny<\/h6>\n<p>dost\u0119p do urz\u0105dzenia z systemem operacyjnym Windows, ChromeOS, MacOS lub Android; pod\u0142\u0105czeniem do Internetu i przegl\u0105dark\u0105 Google Chrome, Microsoft Edge lub Mozilla Firefox w najnowszej wersji; klawiatur\u0105 i myszk\u0105 lub innym urz\u0105dzeniem umo\u017cliwiaj\u0105cym poprawne wprowadzanie tekstu oraz wybieranie odpowiedzi; g\u0142o\u015bnikami i mikrofonem lub zestawem s\u0142uchawkowym z mikrofonem oraz mo\u017cliwo\u015bci\u0105 odtwarzania plik\u00f3w audio i nagrywania d\u017awi\u0119ku.[\/vc_column_text][\/vc_column_inner][\/vc_row_inner][\/vc_column][\/vc_row][vc_row][vc_column][vc_column_text]<\/p>\n<h5>Szukasz innych audyt\u00f3w?<\/h5>\n<p>Sprawd\u017a nasz\u0105 ofert\u0119 na <a href=\"https:\/\/focusaudits.eu\/pl\/?attachment_id=61552\">audyt z j\u0119zyka francuskiego<\/a> oraz na inne testy. A mo\u017ce interesujesz si\u0119 ofertami zwi\u0105zanymi z nauk\u0105 j\u0119zyk\u00f3w obcych? Poznaj nasze kursy j\u0119zykowe, z kt\u00f3rymi nauczysz si\u0119 dowolnego j\u0119zyka.[\/vc_column_text][\/vc_column][\/vc_row]<\/p>\n<\/div>","protected":false},"excerpt":{"rendered":"<p>Testy na poziom znajomo\u015bci hiszpa\u0144skiego przygotowane i oceniane zgodnie ze skal\u0105 CEFR. Sprawd\u017a sw\u00f3j poziom j\u0119zyka hiszpa\u0144skiego bez wychodzenia z domu!<\/p>\n","protected":false},"featured_media":63022,"template":"","meta":[],"product_brand":[],"product_cat":[24],"product_tag":[],"class_list":{"0":"post-61568","1":"product","2":"type-product","3":"status-publish","4":"has-post-thumbnail","6":"product_cat-audyty-jezykowe","7":"description-off","9":"first","10":"instock","11":"taxable","12":"shipping-taxable","13":"purchasable","14":"product-type-variable"},"yoast_head":"<!-- This site is optimized with the Yoast SEO plugin v26.0 - https:\/\/yoast.com\/wordpress\/plugins\/seo\/ -->\n<title>Audyt j\u0119zykowy \u2013 hiszpa\u0144ski - Focus Language Audit<\/title>\n<meta name=\"description\" content=\"Testy na poziom znajomo\u015bci hiszpa\u0144skiego przygotowane i oceniane zgodnie ze skal\u0105 CEFR. Sprawd\u017a sw\u00f3j poziom j\u0119zyka hiszpa\u0144skiego bez wychodzenia z domu!\" \/>\n<meta name=\"robots\" content=\"index, follow, max-snippet:-1, max-image-preview:large, max-video-preview:-1\" \/>\n<link rel=\"canonical\" href=\"https:\/\/focusaudits.eu\/pl\/produkt\/audyt-jezykowy-hiszpanski\/\" \/>\n<meta property=\"og:locale\" content=\"pl_PL\" \/>\n<meta property=\"og:type\" content=\"article\" \/>\n<meta property=\"og:title\" content=\"Audyt j\u0119zykowy \u2013 hiszpa\u0144ski - Focus Language Audit\" \/>\n<meta property=\"og:description\" content=\"Testy na poziom znajomo\u015bci hiszpa\u0144skiego przygotowane i oceniane zgodnie ze skal\u0105 CEFR. Sprawd\u017a sw\u00f3j poziom j\u0119zyka hiszpa\u0144skiego bez wychodzenia z domu!\" \/>\n<meta property=\"og:url\" content=\"https:\/\/focusaudits.eu\/pl\/produkt\/audyt-jezykowy-hiszpanski\/\" \/>\n<meta property=\"og:site_name\" content=\"Focus Language Audit\" \/>\n<meta property=\"article:modified_time\" content=\"2023-12-05T10:10:52+00:00\" \/>\n<meta property=\"og:image\" content=\"https:\/\/focusaudits.eu\/wp-content\/uploads\/2023\/03\/audyt-hiszpanski.jpg\" \/>\n\t<meta property=\"og:image:width\" content=\"500\" \/>\n\t<meta property=\"og:image:height\" content=\"334\" \/>\n\t<meta property=\"og:image:type\" content=\"image\/jpeg\" \/>\n<meta name=\"twitter:card\" content=\"summary_large_image\" \/>\n<meta name=\"twitter:label1\" content=\"Szacowany czas czytania\" \/>\n\t<meta name=\"twitter:data1\" content=\"3 minuty\" \/>\n<script type=\"application\/ld+json\" class=\"yoast-schema-graph\">{\"@context\":\"https:\/\/schema.org\",\"@graph\":[{\"@type\":\"WebPage\",\"@id\":\"https:\/\/focusaudits.eu\/pl\/produkt\/audyt-jezykowy-hiszpanski\/\",\"url\":\"https:\/\/focusaudits.eu\/pl\/produkt\/audyt-jezykowy-hiszpanski\/\",\"name\":\"Audyt j\u0119zykowy \u2013 hiszpa\u0144ski - Focus Language Audit\",\"isPartOf\":{\"@id\":\"https:\/\/focusaudits.eu\/pl\/#website\"},\"primaryImageOfPage\":{\"@id\":\"https:\/\/focusaudits.eu\/pl\/produkt\/audyt-jezykowy-hiszpanski\/#primaryimage\"},\"image\":{\"@id\":\"https:\/\/focusaudits.eu\/pl\/produkt\/audyt-jezykowy-hiszpanski\/#primaryimage\"},\"thumbnailUrl\":\"https:\/\/focusaudits.eu\/wp-content\/uploads\/2023\/03\/audyt-hiszpanski.jpg\",\"datePublished\":\"2023-03-20T12:03:24+00:00\",\"dateModified\":\"2023-12-05T10:10:52+00:00\",\"description\":\"Testy na poziom znajomo\u015bci hiszpa\u0144skiego przygotowane i oceniane zgodnie ze skal\u0105 CEFR. Sprawd\u017a sw\u00f3j poziom j\u0119zyka hiszpa\u0144skiego bez wychodzenia z domu!\",\"breadcrumb\":{\"@id\":\"https:\/\/focusaudits.eu\/pl\/produkt\/audyt-jezykowy-hiszpanski\/#breadcrumb\"},\"inLanguage\":\"pl-PL\",\"potentialAction\":[{\"@type\":\"ReadAction\",\"target\":[\"https:\/\/focusaudits.eu\/pl\/produkt\/audyt-jezykowy-hiszpanski\/\"]}]},{\"@type\":\"ImageObject\",\"inLanguage\":\"pl-PL\",\"@id\":\"https:\/\/focusaudits.eu\/pl\/produkt\/audyt-jezykowy-hiszpanski\/#primaryimage\",\"url\":\"https:\/\/focusaudits.eu\/wp-content\/uploads\/2023\/03\/audyt-hiszpanski.jpg\",\"contentUrl\":\"https:\/\/focusaudits.eu\/wp-content\/uploads\/2023\/03\/audyt-hiszpanski.jpg\",\"width\":500,\"height\":334,\"caption\":\"audyt hiszpa\u0144ski\"},{\"@type\":\"BreadcrumbList\",\"@id\":\"https:\/\/focusaudits.eu\/pl\/produkt\/audyt-jezykowy-hiszpanski\/#breadcrumb\",\"itemListElement\":[{\"@type\":\"ListItem\",\"position\":1,\"name\":\"Strona g\u0142\u00f3wna\",\"item\":\"https:\/\/focusaudits.eu\/pl\/\"},{\"@type\":\"ListItem\",\"position\":2,\"name\":\"Sklep\",\"item\":\"https:\/\/focusaudits.eu\/pl\/sklep\/\"},{\"@type\":\"ListItem\",\"position\":3,\"name\":\"Audyt j\u0119zykowy \u2013 hiszpa\u0144ski\"}]},{\"@type\":\"WebSite\",\"@id\":\"https:\/\/focusaudits.eu\/pl\/#website\",\"url\":\"https:\/\/focusaudits.eu\/pl\/\",\"name\":\"Focus Language Audit\",\"description\":\"Assessment of the language skills\",\"publisher\":{\"@id\":\"https:\/\/focusaudits.eu\/pl\/#organization\"},\"potentialAction\":[{\"@type\":\"SearchAction\",\"target\":{\"@type\":\"EntryPoint\",\"urlTemplate\":\"https:\/\/focusaudits.eu\/pl\/?s={search_term_string}\"},\"query-input\":{\"@type\":\"PropertyValueSpecification\",\"valueRequired\":true,\"valueName\":\"search_term_string\"}}],\"inLanguage\":\"pl-PL\"},{\"@type\":\"Organization\",\"@id\":\"https:\/\/focusaudits.eu\/pl\/#organization\",\"name\":\"Focus Language Audit\",\"url\":\"https:\/\/focusaudits.eu\/pl\/\",\"logo\":{\"@type\":\"ImageObject\",\"inLanguage\":\"pl-PL\",\"@id\":\"https:\/\/focusaudits.eu\/pl\/#\/schema\/logo\/image\/\",\"url\":\"https:\/\/focusaudits.eu\/wp-content\/uploads\/2020\/03\/flogo.png\",\"contentUrl\":\"https:\/\/focusaudits.eu\/wp-content\/uploads\/2020\/03\/flogo.png\",\"width\":142,\"height\":52,\"caption\":\"Focus Language Audit\"},\"image\":{\"@id\":\"https:\/\/focusaudits.eu\/pl\/#\/schema\/logo\/image\/\"}}]}<\/script>\n<!-- \/ Yoast SEO plugin. -->","yoast_head_json":{"title":"Audyt j\u0119zykowy \u2013 hiszpa\u0144ski - Focus Language Audit","description":"Testy na poziom znajomo\u015bci hiszpa\u0144skiego przygotowane i oceniane zgodnie ze skal\u0105 CEFR. Sprawd\u017a sw\u00f3j poziom j\u0119zyka hiszpa\u0144skiego bez wychodzenia z domu!","robots":{"index":"index","follow":"follow","max-snippet":"max-snippet:-1","max-image-preview":"max-image-preview:large","max-video-preview":"max-video-preview:-1"},"canonical":"https:\/\/focusaudits.eu\/pl\/produkt\/audyt-jezykowy-hiszpanski\/","og_locale":"pl_PL","og_type":"article","og_title":"Audyt j\u0119zykowy \u2013 hiszpa\u0144ski - Focus Language Audit","og_description":"Testy na poziom znajomo\u015bci hiszpa\u0144skiego przygotowane i oceniane zgodnie ze skal\u0105 CEFR. Sprawd\u017a sw\u00f3j poziom j\u0119zyka hiszpa\u0144skiego bez wychodzenia z domu!","og_url":"https:\/\/focusaudits.eu\/pl\/produkt\/audyt-jezykowy-hiszpanski\/","og_site_name":"Focus Language Audit","article_modified_time":"2023-12-05T10:10:52+00:00","og_image":[{"width":500,"height":334,"url":"https:\/\/focusaudits.eu\/wp-content\/uploads\/2023\/03\/audyt-hiszpanski.jpg","type":"image\/jpeg"}],"twitter_card":"summary_large_image","twitter_misc":{"Szacowany czas czytania":"3 minuty"},"schema":{"@context":"https:\/\/schema.org","@graph":[{"@type":"WebPage","@id":"https:\/\/focusaudits.eu\/pl\/produkt\/audyt-jezykowy-hiszpanski\/","url":"https:\/\/focusaudits.eu\/pl\/produkt\/audyt-jezykowy-hiszpanski\/","name":"Audyt j\u0119zykowy \u2013 hiszpa\u0144ski - Focus Language Audit","isPartOf":{"@id":"https:\/\/focusaudits.eu\/pl\/#website"},"primaryImageOfPage":{"@id":"https:\/\/focusaudits.eu\/pl\/produkt\/audyt-jezykowy-hiszpanski\/#primaryimage"},"image":{"@id":"https:\/\/focusaudits.eu\/pl\/produkt\/audyt-jezykowy-hiszpanski\/#primaryimage"},"thumbnailUrl":"https:\/\/focusaudits.eu\/wp-content\/uploads\/2023\/03\/audyt-hiszpanski.jpg","datePublished":"2023-03-20T12:03:24+00:00","dateModified":"2023-12-05T10:10:52+00:00","description":"Testy na poziom znajomo\u015bci hiszpa\u0144skiego przygotowane i oceniane zgodnie ze skal\u0105 CEFR. Sprawd\u017a sw\u00f3j poziom j\u0119zyka hiszpa\u0144skiego bez wychodzenia z domu!","breadcrumb":{"@id":"https:\/\/focusaudits.eu\/pl\/produkt\/audyt-jezykowy-hiszpanski\/#breadcrumb"},"inLanguage":"pl-PL","potentialAction":[{"@type":"ReadAction","target":["https:\/\/focusaudits.eu\/pl\/produkt\/audyt-jezykowy-hiszpanski\/"]}]},{"@type":"ImageObject","inLanguage":"pl-PL","@id":"https:\/\/focusaudits.eu\/pl\/produkt\/audyt-jezykowy-hiszpanski\/#primaryimage","url":"https:\/\/focusaudits.eu\/wp-content\/uploads\/2023\/03\/audyt-hiszpanski.jpg","contentUrl":"https:\/\/focusaudits.eu\/wp-content\/uploads\/2023\/03\/audyt-hiszpanski.jpg","width":500,"height":334,"caption":"audyt hiszpa\u0144ski"},{"@type":"BreadcrumbList","@id":"https:\/\/focusaudits.eu\/pl\/produkt\/audyt-jezykowy-hiszpanski\/#breadcrumb","itemListElement":[{"@type":"ListItem","position":1,"name":"Strona g\u0142\u00f3wna","item":"https:\/\/focusaudits.eu\/pl\/"},{"@type":"ListItem","position":2,"name":"Sklep","item":"https:\/\/focusaudits.eu\/pl\/sklep\/"},{"@type":"ListItem","position":3,"name":"Audyt j\u0119zykowy \u2013 hiszpa\u0144ski"}]},{"@type":"WebSite","@id":"https:\/\/focusaudits.eu\/pl\/#website","url":"https:\/\/focusaudits.eu\/pl\/","name":"Focus Language Audit","description":"Assessment of the language skills","publisher":{"@id":"https:\/\/focusaudits.eu\/pl\/#organization"},"potentialAction":[{"@type":"SearchAction","target":{"@type":"EntryPoint","urlTemplate":"https:\/\/focusaudits.eu\/pl\/?s={search_term_string}"},"query-input":{"@type":"PropertyValueSpecification","valueRequired":true,"valueName":"search_term_string"}}],"inLanguage":"pl-PL"},{"@type":"Organization","@id":"https:\/\/focusaudits.eu\/pl\/#organization","name":"Focus Language Audit","url":"https:\/\/focusaudits.eu\/pl\/","logo":{"@type":"ImageObject","inLanguage":"pl-PL","@id":"https:\/\/focusaudits.eu\/pl\/#\/schema\/logo\/image\/","url":"https:\/\/focusaudits.eu\/wp-content\/uploads\/2020\/03\/flogo.png","contentUrl":"https:\/\/focusaudits.eu\/wp-content\/uploads\/2020\/03\/flogo.png","width":142,"height":52,"caption":"Focus Language Audit"},"image":{"@id":"https:\/\/focusaudits.eu\/pl\/#\/schema\/logo\/image\/"}}]}},"_links":{"self":[{"href":"https:\/\/focusaudits.eu\/pl\/wp-json\/wp\/v2\/product\/61568","targetHints":{"allow":["GET"]}}],"collection":[{"href":"https:\/\/focusaudits.eu\/pl\/wp-json\/wp\/v2\/product"}],"about":[{"href":"https:\/\/focusaudits.eu\/pl\/wp-json\/wp\/v2\/types\/product"}],"wp:featuredmedia":[{"embeddable":true,"href":"https:\/\/focusaudits.eu\/pl\/wp-json\/wp\/v2\/media\/63022"}],"wp:attachment":[{"href":"https:\/\/focusaudits.eu\/pl\/wp-json\/wp\/v2\/media?parent=61568"}],"wp:term":[{"taxonomy":"product_brand","embeddable":true,"href":"https:\/\/focusaudits.eu\/pl\/wp-json\/wp\/v2\/product_brand?post=61568"},{"taxonomy":"product_cat","embeddable":true,"href":"https:\/\/focusaudits.eu\/pl\/wp-json\/wp\/v2\/product_cat?post=61568"},{"taxonomy":"product_tag","embeddable":true,"href":"https:\/\/focusaudits.eu\/pl\/wp-json\/wp\/v2\/product_tag?post=61568"}],"curies":[{"name":"wp","href":"https:\/\/api.w.org\/{rel}","templated":true}]}}